{"id":762,"date":"2013-02-22T20:26:11","date_gmt":"2013-02-22T20:26:11","guid":{"rendered":"http:\/\/pedaleandalucia.com\/?page_id=762"},"modified":"2018-10-18T19:03:00","modified_gmt":"2018-10-18T19:03:00","slug":"travesias","status":"publish","type":"page","link":"https:\/\/pedaleandalucia.com\/gb\/travesias\/","title":{"rendered":"NUESTRAS TRAVES\u00cdAS"},"content":{"rendered":"<p><a href=\"https:\/\/wp.me\/P2Lg6v-xM\"><img loading=\"lazy\" decoding=\"async\" data-attachment-id=\"2121\" data-permalink=\"https:\/\/pedaleandalucia.com\/gb\/travesias\/campina1\/\" data-orig-file=\"https:\/\/i0.wp.com\/pedaleandalucia.com\/wp-content\/uploads\/2018\/10\/Campi\u00f1a1.jpg?fit=10225%2C2489&amp;ssl=1\" data-orig-size=\"10225,2489\" data-comments-opened=\"0\" data-image-meta=\"{&quot;aperture&quot;:&quot;0&quot;,&quot;credit&quot;:&quot;&quot;,&quot;camera&quot;:&quot;&quot;,&quot;caption&quot;:&quot;&quot;,&quot;created_timestamp&quot;:&quot;0&quot;,&quot;copyright&quot;:&quot;&quot;,&quot;focal_length&quot;:&quot;0&quot;,&quot;iso&quot;:&quot;0&quot;,&quot;shutter_speed&quot;:&quot;0&quot;,&quot;title&quot;:&quot;&quot;,&quot;orientation&quot;:&quot;0&quot;}\" data-image-title=\"Campi\u00f1a1\" data-image-description=\"\" data-image-caption=\"\" data-medium-file=\"https:\/\/i0.wp.com\/pedaleandalucia.com\/wp-content\/uploads\/2018\/10\/Campi\u00f1a1.jpg?fit=300%2C73&amp;ssl=1\" data-large-file=\"https:\/\/i0.wp.com\/pedaleandalucia.com\/wp-content\/uploads\/2018\/10\/Campi\u00f1a1.jpg?fit=580%2C141&amp;ssl=1\" class=\"alignnone wp-image-2121 size-large\" src=\"https:\/\/i0.wp.com\/pedaleandalucia.com\/wp-content\/uploads\/2018\/10\/Campi\u00f1a1-1024x249.jpg?resize=580%2C141\" alt=\"\" width=\"580\" height=\"141\" srcset=\"https:\/\/i0.wp.com\/pedaleandalucia.com\/wp-content\/uploads\/2018\/10\/Campi\u00f1a1.jpg?resize=1024%2C249&amp;ssl=1 1024w, https:\/\/i0.wp.com\/pedaleandalucia.com\/wp-content\/uploads\/2018\/10\/Campi\u00f1a1.jpg?resize=300%2C73&amp;ssl=1 300w, https:\/\/i0.wp.com\/pedaleandalucia.com\/wp-content\/uploads\/2018\/10\/Campi\u00f1a1.jpg?resize=768%2C187&amp;ssl=1 768w, https:\/\/i0.wp.com\/pedaleandalucia.com\/wp-content\/uploads\/2018\/10\/Campi\u00f1a1.jpg?resize=400%2C97&amp;ssl=1 400w, https:\/\/i0.wp.com\/pedaleandalucia.com\/wp-content\/uploads\/2018\/10\/Campi\u00f1a1.jpg?w=1160&amp;ssl=1 1160w, https:\/\/i0.wp.com\/pedaleandalucia.com\/wp-content\/uploads\/2018\/10\/Campi\u00f1a1.jpg?w=1740&amp;ssl=1 1740w\" sizes=\"(max-width: 580px) 100vw, 580px\" data-recalc-dims=\"1\" \/><\/a><\/p>\n<p><a href=\"https:\/\/wp.me\/P2Lg6v-qk\"><img loading=\"lazy\" decoding=\"async\" data-attachment-id=\"2082\" data-permalink=\"https:\/\/pedaleandalucia.com\/gb\/travesias\/portada-travesias11-3\/\" data-orig-file=\"https:\/\/i0.wp.com\/pedaleandalucia.com\/wp-content\/uploads\/2018\/09\/PORTADA-TRAVES\u00cdAS11-2.jpg?fit=4154%2C1685&amp;ssl=1\" data-orig-size=\"4154,1685\" data-comments-opened=\"0\" data-image-meta=\"{&quot;aperture&quot;:&quot;0&quot;,&quot;credit&quot;:&quot;&quot;,&quot;camera&quot;:&quot;&quot;,&quot;caption&quot;:&quot;&quot;,&quot;created_timestamp&quot;:&quot;0&quot;,&quot;copyright&quot;:&quot;&quot;,&quot;focal_length&quot;:&quot;0&quot;,&quot;iso&quot;:&quot;0&quot;,&quot;shutter_speed&quot;:&quot;0&quot;,&quot;title&quot;:&quot;&quot;,&quot;orientation&quot;:&quot;0&quot;}\" data-image-title=\"PORTADA TRAVES\u00cdAS11\" data-image-description=\"\" data-image-caption=\"\" data-medium-file=\"https:\/\/i0.wp.com\/pedaleandalucia.com\/wp-content\/uploads\/2018\/09\/PORTADA-TRAVES\u00cdAS11-2.jpg?fit=300%2C122&amp;ssl=1\" data-large-file=\"https:\/\/i0.wp.com\/pedaleandalucia.com\/wp-content\/uploads\/2018\/09\/PORTADA-TRAVES\u00cdAS11-2.jpg?fit=580%2C235&amp;ssl=1\" class=\"alignnone wp-image-2082 size-large\" src=\"https:\/\/i0.wp.com\/pedaleandalucia.com\/wp-content\/uploads\/2018\/09\/PORTADA-TRAVES\u00cdAS11-2-1024x415.jpg?resize=580%2C235\" alt=\"\" width=\"580\" height=\"235\" srcset=\"https:\/\/i0.wp.com\/pedaleandalucia.com\/wp-content\/uploads\/2018\/09\/PORTADA-TRAVES\u00cdAS11-2.jpg?resize=1024%2C415&amp;ssl=1 1024w, https:\/\/i0.wp.com\/pedaleandalucia.com\/wp-content\/uploads\/2018\/09\/PORTADA-TRAVES\u00cdAS11-2.jpg?resize=300%2C122&amp;ssl=1 300w, https:\/\/i0.wp.com\/pedaleandalucia.com\/wp-content\/uploads\/2018\/09\/PORTADA-TRAVES\u00cdAS11-2.jpg?resize=768%2C312&amp;ssl=1 768w, https:\/\/i0.wp.com\/pedaleandalucia.com\/wp-content\/uploads\/2018\/09\/PORTADA-TRAVES\u00cdAS11-2.jpg?resize=400%2C162&amp;ssl=1 400w, https:\/\/i0.wp.com\/pedaleandalucia.com\/wp-content\/uploads\/2018\/09\/PORTADA-TRAVES\u00cdAS11-2.jpg?w=1160&amp;ssl=1 1160w, https:\/\/i0.wp.com\/pedaleandalucia.com\/wp-content\/uploads\/2018\/09\/PORTADA-TRAVES\u00cdAS11-2.jpg?w=1740&amp;ssl=1 1740w\" sizes=\"(max-width: 580px) 100vw, 580px\" data-recalc-dims=\"1\" \/><\/a><\/p>\n<p><a href=\"http:\/\/pedaleandalucia.com\/transcazorla-road\/\"><img loading=\"lazy\" decoding=\"async\" data-attachment-id=\"1443\" data-permalink=\"https:\/\/pedaleandalucia.com\/gb\/travesias\/pano_20160324_133615-copia\/\" data-orig-file=\"https:\/\/i0.wp.com\/pedaleandalucia.com\/wp-content\/uploads\/2013\/02\/PANO_20160324_133615-copia.jpg?fit=3408%2C648&amp;ssl=1\" data-orig-size=\"3408,648\" data-comments-opened=\"0\" data-image-meta=\"{&quot;aperture&quot;:&quot;0&quot;,&quot;credit&quot;:&quot;&quot;,&quot;camera&quot;:&quot;&quot;,&quot;caption&quot;:&quot;&quot;,&quot;created_timestamp&quot;:&quot;0&quot;,&quot;copyright&quot;:&quot;&quot;,&quot;focal_length&quot;:&quot;0&quot;,&quot;iso&quot;:&quot;0&quot;,&quot;shutter_speed&quot;:&quot;0&quot;,&quot;title&quot;:&quot;&quot;,&quot;orientation&quot;:&quot;1&quot;}\" data-image-title=\"TransCazorla ROAD\" data-image-description=\"\" data-image-caption=\"\" data-medium-file=\"https:\/\/i0.wp.com\/pedaleandalucia.com\/wp-content\/uploads\/2013\/02\/PANO_20160324_133615-copia.jpg?fit=300%2C57&amp;ssl=1\" data-large-file=\"https:\/\/i0.wp.com\/pedaleandalucia.com\/wp-content\/uploads\/2013\/02\/PANO_20160324_133615-copia.jpg?fit=580%2C110&amp;ssl=1\" class=\"aligncenter wp-image-1443 size-large\" src=\"https:\/\/i0.wp.com\/pedaleandalucia.com\/wp-content\/uploads\/2013\/02\/PANO_20160324_133615-copia-1024x195.jpg?resize=580%2C110\" alt=\"TransCazorla ROAD\" width=\"580\" height=\"110\" srcset=\"https:\/\/i0.wp.com\/pedaleandalucia.com\/wp-content\/uploads\/2013\/02\/PANO_20160324_133615-copia.jpg?resize=1024%2C195&amp;ssl=1 1024w, https:\/\/i0.wp.com\/pedaleandalucia.com\/wp-content\/uploads\/2013\/02\/PANO_20160324_133615-copia.jpg?resize=300%2C57&amp;ssl=1 300w, https:\/\/i0.wp.com\/pedaleandalucia.com\/wp-content\/uploads\/2013\/02\/PANO_20160324_133615-copia.jpg?resize=768%2C146&amp;ssl=1 768w, https:\/\/i0.wp.com\/pedaleandalucia.com\/wp-content\/uploads\/2013\/02\/PANO_20160324_133615-copia.jpg?resize=400%2C76&amp;ssl=1 400w, https:\/\/i0.wp.com\/pedaleandalucia.com\/wp-content\/uploads\/2013\/02\/PANO_20160324_133615-copia.jpg?w=1160&amp;ssl=1 1160w, https:\/\/i0.wp.com\/pedaleandalucia.com\/wp-content\/uploads\/2013\/02\/PANO_20160324_133615-copia.jpg?w=1740&amp;ssl=1 1740w\" sizes=\"(max-width: 580px) 100vw, 580px\" data-recalc-dims=\"1\" \/><\/a><\/p>\n<p><a title=\"TransCazorla\" href=\"http:\/\/pedaleandalucia.com\/travesia-1\/\"><img loading=\"lazy\" decoding=\"async\" data-attachment-id=\"763\" data-permalink=\"https:\/\/pedaleandalucia.com\/gb\/travesias\/travesia_transcazorla_foto_portada-2\/\" data-orig-file=\"https:\/\/i0.wp.com\/pedaleandalucia.com\/wp-content\/uploads\/2013\/02\/Traves\u00eda_TransCazorla_foto_portada.jpg?fit=3200%2C560&amp;ssl=1\" data-orig-size=\"3200,560\" data-comments-opened=\"0\" data-image-meta=\"{&quot;aperture&quot;:&quot;0&quot;,&quot;credit&quot;:&quot;Picasa&quot;,&quot;camera&quot;:&quot;&quot;,&quot;caption&quot;:&quot;&quot;,&quot;created_timestamp&quot;:&quot;0&quot;,&quot;copyright&quot;:&quot;&quot;,&quot;focal_length&quot;:&quot;0&quot;,&quot;iso&quot;:&quot;0&quot;,&quot;shutter_speed&quot;:&quot;0&quot;,&quot;title&quot;:&quot;&quot;}\" data-image-title=\"Traves\u00eda_TransCazorla_foto_portada\" data-image-description=\"\" data-image-caption=\"\" data-medium-file=\"https:\/\/i0.wp.com\/pedaleandalucia.com\/wp-content\/uploads\/2013\/02\/Traves\u00eda_TransCazorla_foto_portada.jpg?fit=300%2C52&amp;ssl=1\" data-large-file=\"https:\/\/i0.wp.com\/pedaleandalucia.com\/wp-content\/uploads\/2013\/02\/Traves\u00eda_TransCazorla_foto_portada.jpg?fit=580%2C101&amp;ssl=1\" class=\"aligncenter size-large wp-image-763\" title=\"Traves\u00eda_TransCazorla_foto_portada\" src=\"https:\/\/i0.wp.com\/pedaleandalucia.com\/wp-content\/uploads\/2013\/02\/Traves\u00eda_TransCazorla_foto_portada-1024x179.jpg?resize=580%2C101\" alt=\"\" width=\"580\" height=\"101\" srcset=\"https:\/\/i0.wp.com\/pedaleandalucia.com\/wp-content\/uploads\/2013\/02\/Traves\u00eda_TransCazorla_foto_portada.jpg?resize=1024%2C179&amp;ssl=1 1024w, https:\/\/i0.wp.com\/pedaleandalucia.com\/wp-content\/uploads\/2013\/02\/Traves\u00eda_TransCazorla_foto_portada.jpg?resize=300%2C52&amp;ssl=1 300w, https:\/\/i0.wp.com\/pedaleandalucia.com\/wp-content\/uploads\/2013\/02\/Traves\u00eda_TransCazorla_foto_portada.jpg?resize=400%2C70&amp;ssl=1 400w, https:\/\/i0.wp.com\/pedaleandalucia.com\/wp-content\/uploads\/2013\/02\/Traves\u00eda_TransCazorla_foto_portada.jpg?w=1160&amp;ssl=1 1160w, https:\/\/i0.wp.com\/pedaleandalucia.com\/wp-content\/uploads\/2013\/02\/Traves\u00eda_TransCazorla_foto_portada.jpg?w=1740&amp;ssl=1 1740w\" sizes=\"(max-width: 580px) 100vw, 580px\" data-recalc-dims=\"1\" \/><\/a><\/p>\n<p><a title=\"SacaCorchos\" href=\"http:\/\/pedaleandalucia.com\/sacacorcho\/\"><img loading=\"lazy\" decoding=\"async\" data-attachment-id=\"767\" data-permalink=\"https:\/\/pedaleandalucia.com\/gb\/travesias\/travesia_sacacorchos_foto_portada\/\" data-orig-file=\"https:\/\/i0.wp.com\/pedaleandalucia.com\/wp-content\/uploads\/2013\/02\/Traves\u00eda_SacaCorchos_foto_portada.jpg?fit=3200%2C560&amp;ssl=1\" data-orig-size=\"3200,560\" data-comments-opened=\"0\" data-image-meta=\"{&quot;aperture&quot;:&quot;0&quot;,&quot;credit&quot;:&quot;Picasa&quot;,&quot;camera&quot;:&quot;&quot;,&quot;caption&quot;:&quot;&quot;,&quot;created_timestamp&quot;:&quot;0&quot;,&quot;copyright&quot;:&quot;&quot;,&quot;focal_length&quot;:&quot;0&quot;,&quot;iso&quot;:&quot;0&quot;,&quot;shutter_speed&quot;:&quot;0&quot;,&quot;title&quot;:&quot;&quot;}\" data-image-title=\"Traves\u00eda_SacaCorchos_foto_portada\" data-image-description=\"\" data-image-caption=\"\" data-medium-file=\"https:\/\/i0.wp.com\/pedaleandalucia.com\/wp-content\/uploads\/2013\/02\/Traves\u00eda_SacaCorchos_foto_portada.jpg?fit=300%2C52&amp;ssl=1\" data-large-file=\"https:\/\/i0.wp.com\/pedaleandalucia.com\/wp-content\/uploads\/2013\/02\/Traves\u00eda_SacaCorchos_foto_portada.jpg?fit=580%2C101&amp;ssl=1\" class=\"aligncenter size-large wp-image-767\" title=\"Traves\u00eda_SacaCorchos_foto_portada\" src=\"https:\/\/i0.wp.com\/pedaleandalucia.com\/wp-content\/uploads\/2013\/02\/Traves\u00eda_SacaCorchos_foto_portada-1024x179.jpg?resize=580%2C101\" alt=\"\" width=\"580\" height=\"101\" srcset=\"https:\/\/i0.wp.com\/pedaleandalucia.com\/wp-content\/uploads\/2013\/02\/Traves\u00eda_SacaCorchos_foto_portada.jpg?resize=1024%2C179&amp;ssl=1 1024w, https:\/\/i0.wp.com\/pedaleandalucia.com\/wp-content\/uploads\/2013\/02\/Traves\u00eda_SacaCorchos_foto_portada.jpg?resize=300%2C52&amp;ssl=1 300w, https:\/\/i0.wp.com\/pedaleandalucia.com\/wp-content\/uploads\/2013\/02\/Traves\u00eda_SacaCorchos_foto_portada.jpg?resize=400%2C70&amp;ssl=1 400w, https:\/\/i0.wp.com\/pedaleandalucia.com\/wp-content\/uploads\/2013\/02\/Traves\u00eda_SacaCorchos_foto_portada.jpg?w=1160&amp;ssl=1 1160w, https:\/\/i0.wp.com\/pedaleandalucia.com\/wp-content\/uploads\/2013\/02\/Traves\u00eda_SacaCorchos_foto_portada.jpg?w=1740&amp;ssl=1 1740w\" sizes=\"(max-width: 580px) 100vw, 580px\" data-recalc-dims=\"1\" \/><\/a><\/p>\n<p><a title=\"Cabo de Gata\" href=\"http:\/\/pedaleandalucia.com\/cabo-de-gata\/\"><img loading=\"lazy\" decoding=\"async\" data-attachment-id=\"790\" data-permalink=\"https:\/\/pedaleandalucia.com\/gb\/travesias\/travesia-cabo-de-gata\/\" data-orig-file=\"https:\/\/i0.wp.com\/pedaleandalucia.com\/wp-content\/uploads\/2013\/02\/Traves\u00eda-Cabo-de-Gata.jpg?fit=3200%2C560&amp;ssl=1\" data-orig-size=\"3200,560\" data-comments-opened=\"0\" data-image-meta=\"{&quot;aperture&quot;:&quot;0&quot;,&quot;credit&quot;:&quot;Picasa&quot;,&quot;camera&quot;:&quot;&quot;,&quot;caption&quot;:&quot;&quot;,&quot;created_timestamp&quot;:&quot;0&quot;,&quot;copyright&quot;:&quot;&quot;,&quot;focal_length&quot;:&quot;0&quot;,&quot;iso&quot;:&quot;0&quot;,&quot;shutter_speed&quot;:&quot;0&quot;,&quot;title&quot;:&quot;&quot;}\" data-image-title=\"Pedalea Andaluc\u00eda. Traves\u00eda en btt Cabo de Gata. Rutas BTT Cabo de Gata\" data-image-description=\"&lt;p&gt;Pedalea Andaluc\u00eda. Traves\u00eda en btt Cabo de Gata. Rutas BTT Cabo de Gata&lt;\/p&gt;\n\" data-image-caption=\"\" data-medium-file=\"https:\/\/i0.wp.com\/pedaleandalucia.com\/wp-content\/uploads\/2013\/02\/Traves\u00eda-Cabo-de-Gata.jpg?fit=300%2C52&amp;ssl=1\" data-large-file=\"https:\/\/i0.wp.com\/pedaleandalucia.com\/wp-content\/uploads\/2013\/02\/Traves\u00eda-Cabo-de-Gata.jpg?fit=580%2C101&amp;ssl=1\" class=\"aligncenter size-large wp-image-790\" title=\"Traves\u00eda Cabo de Gata\" src=\"https:\/\/i0.wp.com\/pedaleandalucia.com\/wp-content\/uploads\/2013\/02\/Traves\u00eda-Cabo-de-Gata-1024x179.jpg?resize=580%2C101\" alt=\"\" width=\"580\" height=\"101\" srcset=\"https:\/\/i0.wp.com\/pedaleandalucia.com\/wp-content\/uploads\/2013\/02\/Traves\u00eda-Cabo-de-Gata.jpg?resize=1024%2C179&amp;ssl=1 1024w, https:\/\/i0.wp.com\/pedaleandalucia.com\/wp-content\/uploads\/2013\/02\/Traves\u00eda-Cabo-de-Gata.jpg?resize=300%2C52&amp;ssl=1 300w, https:\/\/i0.wp.com\/pedaleandalucia.com\/wp-content\/uploads\/2013\/02\/Traves\u00eda-Cabo-de-Gata.jpg?resize=400%2C70&amp;ssl=1 400w, https:\/\/i0.wp.com\/pedaleandalucia.com\/wp-content\/uploads\/2013\/02\/Traves\u00eda-Cabo-de-Gata.jpg?w=1160&amp;ssl=1 1160w, https:\/\/i0.wp.com\/pedaleandalucia.com\/wp-content\/uploads\/2013\/02\/Traves\u00eda-Cabo-de-Gata.jpg?w=1740&amp;ssl=1 1740w\" sizes=\"(max-width: 580px) 100vw, 580px\" data-recalc-dims=\"1\" \/><\/a><\/p>\n<p><a title=\"Senderos de C\u00f3rdoba\" href=\"http:\/\/pedaleandalucia.com\/senderos-de-cordoba\/\"><img loading=\"lazy\" decoding=\"async\" data-attachment-id=\"1679\" data-permalink=\"https:\/\/pedaleandalucia.com\/gb\/travesias\/web-travesias\/\" data-orig-file=\"https:\/\/i0.wp.com\/pedaleandalucia.com\/wp-content\/uploads\/2013\/02\/web-traves\u00edas.jpg?fit=700%2C189&amp;ssl=1\" data-orig-size=\"700,189\" data-comments-opened=\"0\" data-image-meta=\"{&quot;aperture&quot;:&quot;0&quot;,&quot;credit&quot;:&quot;&quot;,&quot;camera&quot;:&quot;&quot;,&quot;caption&quot;:&quot;&quot;,&quot;created_timestamp&quot;:&quot;0&quot;,&quot;copyright&quot;:&quot;&quot;,&quot;focal_length&quot;:&quot;0&quot;,&quot;iso&quot;:&quot;0&quot;,&quot;shutter_speed&quot;:&quot;0&quot;,&quot;title&quot;:&quot;&quot;,&quot;orientation&quot;:&quot;1&quot;}\" data-image-title=\"web traves\u00edas\" data-image-description=\"\" data-image-caption=\"\" data-medium-file=\"https:\/\/i0.wp.com\/pedaleandalucia.com\/wp-content\/uploads\/2013\/02\/web-traves\u00edas.jpg?fit=300%2C81&amp;ssl=1\" data-large-file=\"https:\/\/i0.wp.com\/pedaleandalucia.com\/wp-content\/uploads\/2013\/02\/web-traves\u00edas.jpg?fit=580%2C157&amp;ssl=1\" class=\"aligncenter wp-image-1679\" title=\"Senderos de C\u00f3rdoba2\" src=\"https:\/\/i0.wp.com\/pedaleandalucia.com\/wp-content\/uploads\/2013\/02\/web-traves\u00edas.jpg?resize=580%2C157\" alt=\"\" width=\"580\" height=\"157\" srcset=\"https:\/\/i0.wp.com\/pedaleandalucia.com\/wp-content\/uploads\/2013\/02\/web-traves\u00edas.jpg?w=700&amp;ssl=1 700w, https:\/\/i0.wp.com\/pedaleandalucia.com\/wp-content\/uploads\/2013\/02\/web-traves\u00edas.jpg?resize=300%2C81&amp;ssl=1 300w, https:\/\/i0.wp.com\/pedaleandalucia.com\/wp-content\/uploads\/2013\/02\/web-traves\u00edas.jpg?resize=400%2C108&amp;ssl=1 400w\" sizes=\"(max-width: 580px) 100vw, 580px\" data-recalc-dims=\"1\" \/><\/a><\/p>\n","protected":false},"excerpt":{"rendered":"","protected":false},"author":2,"featured_media":0,"parent":0,"menu_order":0,"comment_status":"closed","ping_status":"closed","template":"","meta":{"_coblocks_attr":"","_coblocks_dimensions":"","_coblocks_responsive_height":"","_coblocks_accordion_ie_support":"","_uag_custom_page_level_css":"","jetpack_post_was_ever_published":false,"footnotes":"","cover_header_url":"","cover_header_button_text":"","cover_header_text":""},"translation":{"provider":"WPGlobus","version":"3.0.0","language":"gb","enabled_languages":["es","gb"],"languages":{"es":{"title":true,"content":true,"excerpt":false},"gb":{"title":false,"content":false,"excerpt":false}}},"featured_image_urls":{"full":"","thumbnail":"","medium":"","medium_large":"","large":"","1536x1536":"","2048x2048":"","post-thumbnail":"","twentytwenty-fullscreen":"","pedalea-landscape":""},"post_excerpt_stackable":"","category_list":"","author_info":{"name":"asanchba","url":"https:\/\/pedaleandalucia.com\/gb\/author\/asanchba\/"},"comments_num":"0 comments","featured_image_urls_v2":{"full":"","thumbnail":"","medium":"","medium_large":"","large":"","1536x1536":"","2048x2048":"","post-thumbnail":"","twentytwenty-fullscreen":"","pedalea-landscape":""},"post_excerpt_stackable_v2":"","category_list_v2":"","author_info_v2":{"name":"asanchba","url":"https:\/\/pedaleandalucia.com\/gb\/author\/asanchba\/"},"comments_num_v2":"0 comments","uagb_featured_image_src":{"full":false,"thumbnail":false,"medium":false,"medium_large":false,"large":false,"1536x1536":false,"2048x2048":false,"post-thumbnail":false,"twentytwenty-fullscreen":false,"pedalea-landscape":false},"uagb_author_info":{"display_name":"asanchba","author_link":"https:\/\/pedaleandalucia.com\/gb\/author\/asanchba\/"},"uagb_comment_info":0,"uagb_excerpt":null,"jetpack_sharing_enabled":true,"jetpack_shortlink":"https:\/\/wp.me\/P2Lg6v-ci","jetpack-related-posts":[{"id":1513,"url":"https:\/\/pedaleandalucia.com\/gb\/quienes-somos\/","url_meta":{"origin":762,"position":0},"title":"QUI\u00c9NES SOMOS","author":"asanchba","date":"February 3, 2017","format":false,"excerpt":"Pedalea Andaluc\u00eda es una empresa especializada en traves\u00edas cicloturistas. Naci\u00f3 con el prop\u00f3sito de promocionar la pr\u00e1ctica del btt en los entornos naturales m\u00e1s importantes de la regi\u00f3n y \u00faltimamente hemos entrado en el campo de las rutas con bicis de carretera. Para ello, hemos contado con el mejor equipo\u2026","rel":"","context":"Similar post","block_context":{"text":"Similar post","link":""},"img":{"alt_text":"","src":"","width":0,"height":0},"classes":[]},{"id":192,"url":"https:\/\/pedaleandalucia.com\/gb\/contacto\/","url_meta":{"origin":762,"position":1},"title":"Qui\u00e9nes Somos","author":"ignacio","date":"June 9, 2012","format":false,"excerpt":"Pedalea Andaluc\u00eda es una empresa especializada en traves\u00edas cicloturistas. Naci\u00f3 con el prop\u00f3sito de promocionar la pr\u00e1ctica del btt en los entornos naturales m\u00e1s importantes de la regi\u00f3n y \u00faltimamente hemos entrado en el campo de las rutas con bicis de carretera. Para ello, hemos contado con el mejor equipo\u2026","rel":"","context":"Similar post","block_context":{"text":"Similar post","link":""},"img":{"alt_text":"","src":"","width":0,"height":0},"classes":[]},{"id":474,"url":"https:\/\/pedaleandalucia.com\/gb\/cabo-de-gata\/","url_meta":{"origin":762,"position":2},"title":"Cabo de Gata MTB Route","author":"asanchba","date":"December 15, 2012","format":false,"excerpt":"Crossing the Natural Park of Cabo de Gata in Alemr\u00eda, is certainly one of the most special we have done. The environment is not the usual the bikers are used to see, arid landscapes as a result of a past volcanics easide. Pedaling the 130 km you will visit the\u2026","rel":"","context":"Similar post","block_context":{"text":"Similar post","link":""},"img":{"alt_text":"","src":"https:\/\/i0.wp.com\/pedaleandalucia.com\/wp-content\/uploads\/2019\/11\/Monsul-3.jpg?fit=1024%2C678&ssl=1&resize=350%2C200","width":350,"height":200,"srcset":"https:\/\/i0.wp.com\/pedaleandalucia.com\/wp-content\/uploads\/2019\/11\/Monsul-3.jpg?fit=1024%2C678&ssl=1&resize=350%2C200 1x, https:\/\/i0.wp.com\/pedaleandalucia.com\/wp-content\/uploads\/2019\/11\/Monsul-3.jpg?fit=1024%2C678&ssl=1&resize=525%2C300 1.5x, https:\/\/i0.wp.com\/pedaleandalucia.com\/wp-content\/uploads\/2019\/11\/Monsul-3.jpg?fit=1024%2C678&ssl=1&resize=700%2C400 2x"},"classes":[]},{"id":2067,"url":"https:\/\/pedaleandalucia.com\/gb\/cabo-de-gata-gallery\/","url_meta":{"origin":762,"position":3},"title":"Cabo de Gata Gallery","author":"ignacio","date":"August 6, 2018","format":false,"excerpt":"","rel":"","context":"Similar post","block_context":{"text":"Similar post","link":""},"img":{"alt_text":"","src":"https:\/\/i0.wp.com\/pedaleandalucia.com\/wp-content\/uploads\/2012\/12\/Llegando-a-Genoveses.jpg?resize=350%2C200","width":350,"height":200},"classes":[]},{"id":485,"url":"https:\/\/pedaleandalucia.com\/gb\/galeria-cabo-de-gata\/","url_meta":{"origin":762,"position":4},"title":"Galer\u00eda Cabo de Gata","author":"asanchba","date":"December 15, 2012","format":false,"excerpt":"","rel":"","context":"Similar post","block_context":{"text":"Similar post","link":""},"img":{"alt_text":"","src":"https:\/\/i0.wp.com\/pedaleandalucia.com\/wp-content\/uploads\/2012\/12\/Llegando-a-Genoveses.jpg?resize=350%2C200","width":350,"height":200},"classes":[]},{"id":449,"url":"https:\/\/pedaleandalucia.com\/gb\/galeria-de-la-sacacorchos\/","url_meta":{"origin":762,"position":5},"title":"Galer\u00eda de La SacaCorchos","author":"asanchba","date":"October 8, 2012","format":false,"excerpt":"","rel":"","context":"Similar post","block_context":{"text":"Similar post","link":""},"img":{"alt_text":"","src":"https:\/\/i0.wp.com\/pedaleandalucia.com\/wp-content\/uploads\/2012\/10\/DSCN2450-e1355931537340.jpg?resize=350%2C200","width":350,"height":200},"classes":[]}],"_links":{"self":[{"href":"https:\/\/pedaleandalucia.com\/gb\/wp-json\/wp\/v2\/pages\/762"}],"collection":[{"href":"https:\/\/pedaleandalucia.com\/gb\/wp-json\/wp\/v2\/pages"}],"about":[{"href":"https:\/\/pedaleandalucia.com\/gb\/wp-json\/wp\/v2\/types\/page"}],"author":[{"embeddable":true,"href":"https:\/\/pedaleandalucia.com\/gb\/wp-json\/wp\/v2\/users\/2"}],"replies":[{"embeddable":true,"href":"https:\/\/pedaleandalucia.com\/gb\/wp-json\/wp\/v2\/comments?post=762"}],"version-history":[{"count":33,"href":"https:\/\/pedaleandalucia.com\/gb\/wp-json\/wp\/v2\/pages\/762\/revisions"}],"predecessor-version":[{"id":2123,"href":"https:\/\/pedaleandalucia.com\/gb\/wp-json\/wp\/v2\/pages\/762\/revisions\/2123"}],"wp:attachment":[{"href":"https:\/\/pedaleandalucia.com\/gb\/wp-json\/wp\/v2\/media?parent=762"}],"curies":[{"name":"wp","href":"https:\/\/api.w.org\/{rel}","templated":true}]}}