{"id":563,"date":"2012-12-27T19:16:15","date_gmt":"2012-12-27T19:16:15","guid":{"rendered":"http:\/\/pedaleandalucia.com\/?page_id=563"},"modified":"2024-01-30T18:52:35","modified_gmt":"2024-01-30T18:52:35","slug":"senderos-de-cordoba","status":"publish","type":"page","link":"https:\/\/pedaleandalucia.com\/gb\/senderos-de-cordoba\/","title":{"rendered":"Senderos de C\u00f3rdoba"},"content":{"rendered":"<p>En esta ocasi\u00f3n, el dise\u00f1o de las etapas es totalmente diferente al planteado en el resto de nuestras traves\u00edas, ya que se trata de unas rutas\u00a0circulares que parten de la maravillosa ciudad de C\u00f3rdoba.\u00a0La raz\u00f3n de este cambio es muy sencilla y coincidir\u00e9is con nosotros en cuanto empec\u00e9is a zigzaguear por los infinitos senderos y trialeras que caracterizan la zona, queremos que disfrut\u00e9is en cada traves\u00eda, \u00a0no s\u00f3lo del mtb\u00a0sino tambi\u00e9n de la oferta concreta de cada lugar, y en este caso la combinaci\u00f3n de btt y ruta\u00a0\u00a0tur\u00edstica por C\u00f3rdoba es sencillamente perfecta!<\/p>\n<p>Los recorridos predefinidos har\u00e1n que, partiendo de C\u00f3rdoba, conozcas todos los recovecos de Sierra Morena en los d\u00edas que t\u00fa escojas, ya que se pueden realizar hasta 5 salidas, en todas ellas disfrutar\u00e1s de\u00a0la ventaja de ir acompa\u00f1ados por\u00a0un gu\u00eda local que conoce la sierra a la perfecci\u00f3n que har\u00e1 que no te pierdas ni una trialera!<\/p>\n<p>El formato de rutas circulares posee el valor a\u00f1adido de que al finalizarlas, podr\u00e9is disfrutar plenamente del encanto de C\u00f3rdoba, con la amplia oferta cultural y gastron\u00f3mica, cuyo casco hist\u00f3rico est\u00e1 declarado Patrimonio de la Humanidad.<\/p>\n<div>\n<p>Como en todas nuestras rutas, es necesario una preparaci\u00f3n f\u00edsica previa para afrontar con garant\u00edas todas las salidas.<\/p>\n<p>La contrataci\u00f3n de Senderos de C\u00f3rdoba incluye:<\/p>\n<p><span style=\"color: #99cc00;\">&#8211; Obsequios de bienvenida.<\/span><\/p>\n<\/div>\n<div>\n<p><span style=\"color: #99cc00;\">&#8211; Gu\u00eda de mtb en ruta.<\/span><\/p>\n<p><span style=\"color: #99cc00;\">&#8211; Servicio t\u00e9cnico.<\/span><\/p>\n<\/div>\n<p>De forma opcional:<\/p>\n<div>\n<ul>\n<li><span style=\"color: #99cc00;\">Seguro de accidentes (5\u20ac\/pers\/d\u00eda).<\/span><\/li>\n<li><span style=\"color: #99cc00;\"><a style=\"color: #99cc00;\" href=\"http:\/\/pedaleandalucia.com\/wp-content\/uploads\/2018\/01\/maillot-2018.jpg\">Maillot de recuerdo (35\u20ac).<\/a><\/span><\/li>\n<\/ul>\n<p>El precio var\u00eda en funci\u00f3n del n\u00famero de participantes (grupo m\u00ednimo 3 personas) y de los d\u00edas que se contraten:<\/p>\n<div>\n<p><span style=\"color: #99cc00;\">&#8211; 2 D\u00edas: 150\u20ac pax.<\/span><\/p>\n<p><span style=\"color: #99cc00;\">&#8211; 3 D\u00edas: 180\u20ac pax.<\/span><\/p>\n<p><span style=\"color: #99cc00;\">-4 D\u00edas: 220\u20ac pax.<\/span><\/p>\n<p><span style=\"color: #99cc00;\">&#8211; 5 D\u00edas: 240\u20ac pax.<\/span><\/p>\n<p>* Alojamiento no incluido<\/p>\n<\/div>\n<div>\n<h3><span style=\"color: #99cc00;\">REGLAMENTO<\/span><\/h3>\n<p>Senderos de C\u00f3rdoba s\u00f3lo puede hacerse con reserva previa a trav\u00e9s de nuestro formulario web, o contactando directamente con Pedalea Andaluc\u00eda. Antes de iniciar el recorrido, los participantes tendr\u00e1n un peque\u00f1a peque\u00f1a explicaci\u00f3n de las rutas y podr\u00e1n\u00a0recoger sus obsequios de bienvenida.<\/p>\n<h3><span style=\"color: #99cc00;\">FORMALIZACI\u00d3N DE LA RESERVA<\/span><\/h3>\n<p>Las reservas se formalizar\u00e1n con una paga y se\u00f1al de 15 euros por persona. La totalidad del importe se deber\u00e1 pagar con un m\u00ednimo de 15 d\u00edas antes de iniciar la traves\u00eda. Si la reserva se efect\u00faa 15 d\u00edas antes (o menos) de iniciar el itinerario, habr\u00e1 que abonar directamente el importe completo.<\/p>\n<h3><span style=\"color: #99cc00;\">CANCELACIONES<\/span><\/h3>\n<p>Anulando hasta 15 d\u00edas antes del inicio de la traves\u00eda se devolver\u00e1 el importe \u00edntegro.<\/p>\n<p>Anulando dentro de los 15 d\u00edas previos y antes de 2 d\u00edas del inicio de la traves\u00eda, se perder\u00e1 la totalidad de la paga y se\u00f1al.<\/p>\n<p>Anulando el d\u00eda antes de empezar, el mismo d\u00eda de empezar o durante la traves\u00eda se perder\u00e1 el importe \u00edntegro de la reserva. Se considera &#8220;d\u00eda de inicio de la traves\u00eda&#8221; el mismo d\u00eda en que ya hay contratados servicios.<\/p>\n<p>Si se produce anulaci\u00f3n de una reserva o parte de ella (p. ej. alguna persona del grupo se da de baja) y ya se ha entregado el pack de bienvenida o parte de \u00e9l (p.ej. env\u00edo del track) se perder\u00e1 el importe \u00edntegro de la reserva, independientemente de la fecha en que se produzca dicha anulaci\u00f3n.<\/p>\n<h3><span style=\"color: #99cc00;\">ABANDONOS<\/span><\/h3>\n<p>Si por cualquier motivo se tiene que abandonar, es imprescindible avisar a la organizaci\u00f3n de Pedalea Andaluc\u00eda<strong>.<\/strong>\u00a0En la hoja\u00a0 de ruta que se entrega en el momento de recoger el pack de bienvenida, se\u00a0 facilitan\u00a0n\u00fameros de tel\u00e9fono de servicios de taxi.<\/p>\n<h3><span style=\"color: #99cc00;\">RECOMENDACIONES GENERALES<\/span><\/h3>\n<p>Los participantes deber\u00e1n aportar el material personal m\u00ednimo para realizar la actividad, as\u00ed como una bicicleta en condiciones y un equipo de reparaciones m\u00ednimo.<\/p>\n<p>El respeto al entorno es absolutamente prioritario, la conducci\u00f3n durante el recorrido ser\u00e1 lo menos agresiva posible, nunca se ensuciar\u00e1 el entorno de ninguna forma y se respetar\u00e1n las normas establecidas por la Direcci\u00f3n del Parque, Organismos competentes o propietarios de los terrenos de paso.<\/p>\n<\/div>\n<p><a href=\"http:\/\/wp.me\/P2Lg6v-oz\"><img loading=\"lazy\" decoding=\"async\" data-attachment-id=\"1531\" data-permalink=\"https:\/\/pedaleandalucia.com\/gb\/senderos-de-cordoba\/contacto-2\/\" data-orig-file=\"https:\/\/i0.wp.com\/pedaleandalucia.com\/wp-content\/uploads\/2017\/02\/CONTACTO.jpg?fit=591%2C261&amp;ssl=1\" data-orig-size=\"591,261\" data-comments-opened=\"0\" data-image-meta=\"{&quot;aperture&quot;:&quot;0&quot;,&quot;credit&quot;:&quot;&quot;,&quot;camera&quot;:&quot;&quot;,&quot;caption&quot;:&quot;&quot;,&quot;created_timestamp&quot;:&quot;0&quot;,&quot;copyright&quot;:&quot;&quot;,&quot;focal_length&quot;:&quot;0&quot;,&quot;iso&quot;:&quot;0&quot;,&quot;shutter_speed&quot;:&quot;0&quot;,&quot;title&quot;:&quot;&quot;,&quot;orientation&quot;:&quot;0&quot;}\" data-image-title=\"CONTACTO\" data-image-description=\"\" data-image-caption=\"\" data-medium-file=\"https:\/\/i0.wp.com\/pedaleandalucia.com\/wp-content\/uploads\/2017\/02\/CONTACTO.jpg?fit=300%2C132&amp;ssl=1\" data-large-file=\"https:\/\/i0.wp.com\/pedaleandalucia.com\/wp-content\/uploads\/2017\/02\/CONTACTO.jpg?fit=580%2C256&amp;ssl=1\" class=\"aligncenter wp-image-1531\" src=\"https:\/\/i0.wp.com\/pedaleandalucia.com\/wp-content\/uploads\/2017\/02\/CONTACTO.jpg?resize=222%2C98\" width=\"222\" height=\"98\" srcset=\"https:\/\/i0.wp.com\/pedaleandalucia.com\/wp-content\/uploads\/2017\/02\/CONTACTO.jpg?w=591&amp;ssl=1 591w, https:\/\/i0.wp.com\/pedaleandalucia.com\/wp-content\/uploads\/2017\/02\/CONTACTO.jpg?resize=300%2C132&amp;ssl=1 300w, https:\/\/i0.wp.com\/pedaleandalucia.com\/wp-content\/uploads\/2017\/02\/CONTACTO.jpg?resize=400%2C177&amp;ssl=1 400w\" sizes=\"(max-width: 222px) 100vw, 222px\" data-recalc-dims=\"1\" \/><\/a><\/p>\n<\/div>\n","protected":false},"excerpt":{"rendered":"<p>En esta ocasi\u00f3n, el dise\u00f1o de las etapas es totalmente diferente al planteado en el resto de nuestras traves\u00edas, ya que se trata de unas rutas\u00a0circulares que parten de la maravillosa ciudad de C\u00f3rdoba.\u00a0La raz\u00f3n de este cambio es muy sencilla y coincidir\u00e9is con nosotros en cuanto empec\u00e9is a zigzaguear por los infinitos senderos y [&hellip;]<\/p>\n","protected":false},"author":2,"featured_media":0,"parent":0,"menu_order":0,"comment_status":"closed","ping_status":"closed","template":"","meta":{"_coblocks_attr":"","_coblocks_dimensions":"","_coblocks_responsive_height":"","_coblocks_accordion_ie_support":"","_uag_custom_page_level_css":"","jetpack_post_was_ever_published":false,"footnotes":"","cover_header_url":"","cover_header_button_text":"","cover_header_text":""},"translation":{"provider":"WPGlobus","version":"3.0.0","language":"gb","enabled_languages":["es","gb"],"languages":{"es":{"title":true,"content":true,"excerpt":false},"gb":{"title":false,"content":false,"excerpt":false}}},"featured_image_urls":{"full":"","thumbnail":"","medium":"","medium_large":"","large":"","1536x1536":"","2048x2048":"","post-thumbnail":"","twentytwenty-fullscreen":"","pedalea-landscape":""},"post_excerpt_stackable":"<p>En esta ocasi\u00f3n, el dise\u00f1o de las etapas es totalmente diferente al planteado en el resto de nuestras traves\u00edas, ya que se trata de unas rutas\u00a0circulares que parten de la maravillosa ciudad de C\u00f3rdoba.\u00a0La raz\u00f3n de este cambio es muy sencilla y coincidir\u00e9is con nosotros en cuanto empec\u00e9is a zigzaguear por los infinitos senderos y trialeras que caracterizan la zona, queremos que disfrut\u00e9is en cada traves\u00eda, \u00a0no s\u00f3lo del mtb\u00a0sino tambi\u00e9n de la oferta concreta de cada lugar, y en este caso la combinaci\u00f3n de btt y ruta\u00a0\u00a0tur\u00edstica por C\u00f3rdoba es sencillamente perfecta! Los recorridos predefinidos har\u00e1n que, partiendo de&hellip;<\/p>\n","category_list":"","author_info":{"name":"asanchba","url":"https:\/\/pedaleandalucia.com\/gb\/author\/asanchba\/"},"comments_num":"0 comments","featured_image_urls_v2":{"full":"","thumbnail":"","medium":"","medium_large":"","large":"","1536x1536":"","2048x2048":"","post-thumbnail":"","twentytwenty-fullscreen":"","pedalea-landscape":""},"post_excerpt_stackable_v2":"<p>En esta ocasi\u00f3n, el dise\u00f1o de las etapas es totalmente diferente al planteado en el resto de nuestras traves\u00edas, ya que se trata de unas rutas\u00a0circulares que parten de la maravillosa ciudad de C\u00f3rdoba.\u00a0La raz\u00f3n de este cambio es muy sencilla y coincidir\u00e9is con nosotros en cuanto empec\u00e9is a zigzaguear por los infinitos senderos y trialeras que caracterizan la zona, queremos que disfrut\u00e9is en cada traves\u00eda, \u00a0no s\u00f3lo del mtb\u00a0sino tambi\u00e9n de la oferta concreta de cada lugar, y en este caso la combinaci\u00f3n de btt y ruta\u00a0\u00a0tur\u00edstica por C\u00f3rdoba es sencillamente perfecta! Los recorridos predefinidos har\u00e1n que, partiendo de&hellip;<\/p>\n","category_list_v2":"","author_info_v2":{"name":"asanchba","url":"https:\/\/pedaleandalucia.com\/gb\/author\/asanchba\/"},"comments_num_v2":"0 comments","uagb_featured_image_src":{"full":false,"thumbnail":false,"medium":false,"medium_large":false,"large":false,"1536x1536":false,"2048x2048":false,"post-thumbnail":false,"twentytwenty-fullscreen":false,"pedalea-landscape":false},"uagb_author_info":{"display_name":"asanchba","author_link":"https:\/\/pedaleandalucia.com\/gb\/author\/asanchba\/"},"uagb_comment_info":0,"uagb_excerpt":"En esta ocasi\u00f3n, el dise\u00f1o de las etapas es totalmente diferente al planteado en el resto de nuestras traves\u00edas, ya que se trata de unas rutas\u00a0circulares que parten de la maravillosa ciudad de C\u00f3rdoba.\u00a0La raz\u00f3n de este cambio es muy sencilla y coincidir\u00e9is con nosotros en cuanto empec\u00e9is a zigzaguear por los infinitos senderos y&hellip;","jetpack_sharing_enabled":true,"jetpack_shortlink":"https:\/\/wp.me\/P2Lg6v-95","jetpack-related-posts":[{"id":2094,"url":"https:\/\/pedaleandalucia.com\/gb\/travesia-cordoba-sevilla-pedalea-por-el-interior-de-andalucia\/","url_meta":{"origin":563,"position":0},"title":"Traves\u00eda C\u00f3rdoba-Sevilla. Pedalea por el interior de Andaluc\u00eda.","author":"asanchba","date":"October 18, 2018","format":false,"excerpt":"Esta nueva traves\u00eda de Pedalea Andaluc\u00eda, pretende dar a conocer a todo tipo de ciclistas, desde los m\u00e1s experimentados a los que se est\u00e1n iniciando, la zona de campi\u00f1a y los pueblos m\u00e1s singulares entre C\u00f3rdoba y Sevilla a lo largo de 4 bonitas etapas. Se recorrer\u00e1 a trav\u00e9s de\u2026","rel":"","context":"Similar post","block_context":{"text":"Similar post","link":""},"img":{"alt_text":"","src":"https:\/\/i0.wp.com\/pedaleandalucia.com\/wp-content\/uploads\/2018\/09\/Carmona_foto2-1024x683.jpg?resize=350%2C200","width":350,"height":200,"srcset":"https:\/\/i0.wp.com\/pedaleandalucia.com\/wp-content\/uploads\/2018\/09\/Carmona_foto2-1024x683.jpg?resize=350%2C200 1x, https:\/\/i0.wp.com\/pedaleandalucia.com\/wp-content\/uploads\/2018\/09\/Carmona_foto2-1024x683.jpg?resize=525%2C300 1.5x, https:\/\/i0.wp.com\/pedaleandalucia.com\/wp-content\/uploads\/2018\/09\/Carmona_foto2-1024x683.jpg?resize=700%2C400 2x"},"classes":[]},{"id":201,"url":"https:\/\/pedaleandalucia.com\/gb\/galeria-de-transcazorla\/","url_meta":{"origin":563,"position":1},"title":"Galer\u00eda de TransCazorla","author":"ignacio","date":"June 9, 2012","format":false,"excerpt":"","rel":"","context":"Similar post","block_context":{"text":"Similar post","link":""},"img":{"alt_text":"","src":"https:\/\/i0.wp.com\/pedaleandalucia.com\/wp-content\/uploads\/2012\/06\/DSCN26431.jpg?resize=350%2C200","width":350,"height":200},"classes":[]},{"id":590,"url":"https:\/\/pedaleandalucia.com\/gb\/galeria-senderos-de-cordoba\/","url_meta":{"origin":563,"position":2},"title":"Galer\u00eda Senderos de C\u00f3rdoba","author":"asanchba","date":"December 27, 2012","format":false,"excerpt":"","rel":"","context":"Similar post","block_context":{"text":"Similar post","link":""},"img":{"alt_text":"","src":"https:\/\/i0.wp.com\/pedaleandalucia.com\/wp-content\/uploads\/2012\/12\/DSCN3192-e1357158516226.jpg?resize=350%2C200","width":350,"height":200},"classes":[]},{"id":2188,"url":"https:\/\/pedaleandalucia.com\/gb\/contacto-2\/","url_meta":{"origin":563,"position":3},"title":"Contacto","author":"ignacio","date":"November 9, 2019","format":false,"excerpt":"Pedalea Andaluc\u00eda es una empresa especializada en traves\u00edas cicloturistas. Naci\u00f3 con el prop\u00f3sito de promocionar la pr\u00e1ctica del btt en los entornos naturales m\u00e1s importantes de la regi\u00f3n ampli\u00e1ndose posteriormente tambi\u00e9n a rutas por carretera y traves\u00edas gravel. Para ello, hemos contado con el mejor equipo posible:\u00a0 personas que conocen\u2026","rel":"","context":"Similar post","block_context":{"text":"Similar post","link":""},"img":{"alt_text":"","src":"","width":0,"height":0},"classes":[]},{"id":184,"url":"https:\/\/pedaleandalucia.com\/gb\/travesia-1\/","url_meta":{"origin":563,"position":4},"title":"TransCazorla","author":"ignacio","date":"June 9, 2012","format":false,"excerpt":"\u00a0TransCazorla 4 D\u00edas Es una traves\u00eda de puro mountain bike que transcurre a trav\u00e9s del Parque Natural Sierra de Cazorla, Segura y las Villas en la provincia de Ja\u00e9n. Recorre unos 230km con un desnivel positivo de 5900m en la que podr\u00e9is disfrutar y sufrir con los senderos y trialeras\u00a0\u2026","rel":"","context":"Similar post","block_context":{"text":"Similar post","link":""},"img":{"alt_text":"","src":"https:\/\/i0.wp.com\/pedaleandalucia.com\/wp-content\/uploads\/2012\/06\/IMG_20170602_095739_1-2-e1502299160355-1024x617.jpg?resize=350%2C200","width":350,"height":200,"srcset":"https:\/\/i0.wp.com\/pedaleandalucia.com\/wp-content\/uploads\/2012\/06\/IMG_20170602_095739_1-2-e1502299160355-1024x617.jpg?resize=350%2C200 1x, https:\/\/i0.wp.com\/pedaleandalucia.com\/wp-content\/uploads\/2012\/06\/IMG_20170602_095739_1-2-e1502299160355-1024x617.jpg?resize=525%2C300 1.5x, https:\/\/i0.wp.com\/pedaleandalucia.com\/wp-content\/uploads\/2012\/06\/IMG_20170602_095739_1-2-e1502299160355-1024x617.jpg?resize=700%2C400 2x"},"classes":[]},{"id":1513,"url":"https:\/\/pedaleandalucia.com\/gb\/quienes-somos\/","url_meta":{"origin":563,"position":5},"title":"QUI\u00c9NES SOMOS","author":"asanchba","date":"February 3, 2017","format":false,"excerpt":"Pedalea Andaluc\u00eda es una empresa especializada en traves\u00edas cicloturistas. Naci\u00f3 con el prop\u00f3sito de promocionar la pr\u00e1ctica del btt en los entornos naturales m\u00e1s importantes de la regi\u00f3n y \u00faltimamente hemos entrado en el campo de las rutas con bicis de carretera. Para ello, hemos contado con el mejor equipo\u2026","rel":"","context":"Similar post","block_context":{"text":"Similar post","link":""},"img":{"alt_text":"","src":"","width":0,"height":0},"classes":[]}],"_links":{"self":[{"href":"https:\/\/pedaleandalucia.com\/gb\/wp-json\/wp\/v2\/pages\/563"}],"collection":[{"href":"https:\/\/pedaleandalucia.com\/gb\/wp-json\/wp\/v2\/pages"}],"about":[{"href":"https:\/\/pedaleandalucia.com\/gb\/wp-json\/wp\/v2\/types\/page"}],"author":[{"embeddable":true,"href":"https:\/\/pedaleandalucia.com\/gb\/wp-json\/wp\/v2\/users\/2"}],"replies":[{"embeddable":true,"href":"https:\/\/pedaleandalucia.com\/gb\/wp-json\/wp\/v2\/comments?post=563"}],"version-history":[{"count":53,"href":"https:\/\/pedaleandalucia.com\/gb\/wp-json\/wp\/v2\/pages\/563\/revisions"}],"predecessor-version":[{"id":2733,"href":"https:\/\/pedaleandalucia.com\/gb\/wp-json\/wp\/v2\/pages\/563\/revisions\/2733"}],"wp:attachment":[{"href":"https:\/\/pedaleandalucia.com\/gb\/wp-json\/wp\/v2\/media?parent=563"}],"curies":[{"name":"wp","href":"https:\/\/api.w.org\/{rel}","templated":true}]}}