{"id":474,"date":"2012-12-15T20:25:58","date_gmt":"2012-12-15T20:25:58","guid":{"rendered":"http:\/\/pedaleandalucia.com\/?page_id=474"},"modified":"2024-01-30T18:59:45","modified_gmt":"2024-01-30T18:59:45","slug":"cabo-de-gata","status":"publish","type":"page","link":"https:\/\/pedaleandalucia.com\/gb\/cabo-de-gata\/","title":{"rendered":"Cabo de Gata MTB Route"},"content":{"rendered":"\n<p>Crossing the Natural Park of Cabo de Gata in Alemr\u00eda, is certainly one of the most special we have done. The environment is not the usual the bikers are used to see, arid landscapes as a result of a past volcanics easide.<\/p>\n\n\n\n<p>Pedaling the 130 km you will visit the different coves and will make this route a unique experience.<\/p>\n\n\n\n<p> The trip  begins in the city of Almeria, leaving by its promenade, pedaling just a few meters from the beach, makes the greatest risk of the route, is the time you can spend between cove and cove. The arrival at the lighthouse of Cabo de Gata, is the entrance to the natural park, from that moment, the magnetism and energy of the volcanic rock will be combined, with the presence of a crystalline and impressive sea few meters from our path.<\/p>\n\n\n\n<p> We have designed two coastal stages and an interior (which goes into an old crater) with a total distance of 125km through which you will get to know the entire natural park in depth. <\/p>\n\n\n\n<p>The stages of mountain bike trip of Cabo de Gata have the following characteristics: <\/p>\n\n\n\n<p>\u00b7 Stage 1: Almer\u00eda &#8211; San Jos\u00e9, 44 km and 430 m of accumulated slope.<\/p>\n\n\n\n<p>\u00b7 Stage 2: San Jos\u00e9 &#8211; Las Negras, 44 km and 840 m from d.a.<\/p>\n\n\n\n<p>\u00b7 Stage 3: Las Negras &#8211; Agua Amarga, 37km 680 m from d.a.<\/p>\n\n\n\n<p><\/p>\n\n\n\n<p> In this journey, we also want to offer you the opportunity to meet another great attraction of the park, its maritime part. You can do any type of aquatic activity, be it kayaking in the open sea, paddle surfing, scuba diving, kite surfing and windsurfing. They can be done by combining them with mountain bike routes in the most appropriate way.<\/p>\n\n\n\n<p> Prior physical preparation is necessary to face the completion of the entire route with guarantees. <\/p>\n\n\n\n<p>The hiring of the Cabo de Gata crossing includes: <\/p>\n\n\n\n<ul>\n<li> Welcome gifts. <\/li>\n\n\n\n<li>Tracks of the stages. <\/li>\n\n\n\n<li> Luggage transport (1 bag per person).<\/li>\n\n\n\n<li> Technical service during the route. <\/li>\n\n\n\n<li>Accommodation reservation management. <\/li>\n\n\n\n<li>Transfer from Agua Amarga to Almer\u00eda.<\/li>\n\n\n\n<li>Finisher jersey<\/li>\n\n\n\n<li>Accident insurance<\/li>\n<\/ul>\n\n\n\n<p>&#8211;  Optionally: Souvenir bib short( 60\u20ac) The price of the route is \u20ac 195. * Accommodation not included<\/p>\n\n\n\n<h3 class=\"wp-block-heading\"><strong>REGULATIONS<\/strong><\/h3>\n\n\n\n<p><strong>Cabo de Gata MTB Route<\/strong> can only be pre-booked via our web form, or directly contacting Pedalea Andaluc\u00eda. <\/p>\n\n\n\n<h3 class=\"wp-block-heading\"><strong>FORMALIZE THE RESERVATION<\/strong><\/h3>\n\n\n\n<p>Reservations will conclude with a deposito of 15% of total amount. The full amount must be paid at least 15 days before starting the journey. If the reservation is made 15 days before starting the itinerary, you will have to pay the full amount directly.<\/p>\n\n\n\n<h3 class=\"wp-block-heading\"><strong>CANCELLATIONS <\/strong><\/h3>\n\n\n\n<p>Canceling up to 15 days before the start of the journey the total amount will be refunded. Canceling within the 15 previous days and 2 days before the start of the journey, you will lose the entire deposit. Canceling the day before, the day of start or during the voyage will miss the entire amount of the reserve. It is considered &#8220;day of commencement of the trip&#8221; the same day that already contracted services. If there is cancellation of a booking or part of it (eg. Someone in the group is retired) and has already delivered the welcome pack or part of it (eg sending the track) will miss the full amount of the booking, regardless of the date on which such cancellation occurs.<\/p>\n\n\n\n<h3 class=\"wp-block-heading\"><strong>ABANDONS <\/strong><\/h3>\n\n\n\n<p>If for any reason you must leave, you must notify the organization of <strong>Pedalea Andaluc\u00eda.<\/strong>In the delivered roadmap you will find the phone numbers for the taxi service.<\/p>\n\n\n\n<h3 class=\"wp-block-heading\"><strong>GENERAL RECOMMENDATIONS<\/strong><\/h3>\n\n\n\n<p>Participants should bring personal material minimum for the activity, as well as a bicycle and a team under minimal repair. Respecting the environment is an absolute priority, driving along the route will be less aggressive as possible, never soil the environment in any way and respect the standards established by the Park Board, competent agencies or landowners in passing. It is important to consider the issues w \/ v when preparing to transport luggage during the trip because the baggage transportation service includes only one bag per person.<\/p>\n\n\n\n<p><\/p>\n","protected":false},"excerpt":{"rendered":"<p>Crossing the Natural Park of Cabo de Gata in Alemr\u00eda, is certainly one of the most special we have done. The environment is not the usual the bikers are used to see, arid landscapes as a result of a past volcanics easide. Pedaling the 130 km you will visit the different coves and will make [&hellip;]<\/p>\n","protected":false},"author":2,"featured_media":2345,"parent":0,"menu_order":0,"comment_status":"closed","ping_status":"closed","template":"","meta":{"_coblocks_attr":"","_coblocks_dimensions":"","_coblocks_responsive_height":"","_coblocks_accordion_ie_support":"","_uag_custom_page_level_css":"","jetpack_post_was_ever_published":false,"footnotes":"","cover_header_url":"","cover_header_button_text":"","cover_header_text":""},"translation":{"provider":"WPGlobus","version":"3.0.0","language":"gb","enabled_languages":["es","gb"],"languages":{"es":{"title":true,"content":true,"excerpt":false},"gb":{"title":false,"content":false,"excerpt":false}}},"featured_image_urls":{"full":["https:\/\/i0.wp.com\/pedaleandalucia.com\/wp-content\/uploads\/2019\/11\/Monsul-3.jpg?fit=1024%2C678&ssl=1",1024,678,false],"thumbnail":["https:\/\/i0.wp.com\/pedaleandalucia.com\/wp-content\/uploads\/2019\/11\/Monsul-3.jpg?resize=150%2C150&ssl=1",150,150,true],"medium":["https:\/\/i0.wp.com\/pedaleandalucia.com\/wp-content\/uploads\/2019\/11\/Monsul-3.jpg?fit=300%2C199&ssl=1",300,199,true],"medium_large":["https:\/\/i0.wp.com\/pedaleandalucia.com\/wp-content\/uploads\/2019\/11\/Monsul-3.jpg?fit=580%2C384&ssl=1",580,384,true],"large":["https:\/\/i0.wp.com\/pedaleandalucia.com\/wp-content\/uploads\/2019\/11\/Monsul-3.jpg?fit=580%2C384&ssl=1",580,384,true],"1536x1536":["https:\/\/i0.wp.com\/pedaleandalucia.com\/wp-content\/uploads\/2019\/11\/Monsul-3.jpg?fit=1024%2C678&ssl=1",1024,678,true],"2048x2048":["https:\/\/i0.wp.com\/pedaleandalucia.com\/wp-content\/uploads\/2019\/11\/Monsul-3.jpg?fit=1024%2C678&ssl=1",1024,678,true],"post-thumbnail":["https:\/\/i0.wp.com\/pedaleandalucia.com\/wp-content\/uploads\/2019\/11\/Monsul-3.jpg?fit=1024%2C678&ssl=1",1024,678,true],"twentytwenty-fullscreen":["https:\/\/i0.wp.com\/pedaleandalucia.com\/wp-content\/uploads\/2019\/11\/Monsul-3.jpg?fit=1024%2C678&ssl=1",1024,678,true],"pedalea-landscape":["https:\/\/i0.wp.com\/pedaleandalucia.com\/wp-content\/uploads\/2019\/11\/Monsul-3.jpg?resize=500%2C250&ssl=1",500,250,true]},"post_excerpt_stackable":"<p>Crossing the Natural Park of Cabo de Gata in Alemr\u00eda, is certainly one of the most special we have done. The environment is not the usual the bikers are used to see, arid landscapes as a result of a past volcanics easide. Pedaling the 130 km you will visit the different coves and will make this route a unique experience. The trip begins in the city of Almeria, leaving by its promenade, pedaling just a few meters from the beach, makes the greatest risk of the route, is the time you can spend between cove and cove. The arrival at&hellip;<\/p>\n","category_list":"","author_info":{"name":"asanchba","url":"https:\/\/pedaleandalucia.com\/gb\/author\/asanchba\/"},"comments_num":"0 comments","featured_image_urls_v2":{"full":["https:\/\/i0.wp.com\/pedaleandalucia.com\/wp-content\/uploads\/2019\/11\/Monsul-3.jpg?fit=1024%2C678&ssl=1",1024,678,false],"thumbnail":["https:\/\/i0.wp.com\/pedaleandalucia.com\/wp-content\/uploads\/2019\/11\/Monsul-3.jpg?resize=150%2C150&ssl=1",150,150,true],"medium":["https:\/\/i0.wp.com\/pedaleandalucia.com\/wp-content\/uploads\/2019\/11\/Monsul-3.jpg?fit=300%2C199&ssl=1",300,199,true],"medium_large":["https:\/\/i0.wp.com\/pedaleandalucia.com\/wp-content\/uploads\/2019\/11\/Monsul-3.jpg?fit=580%2C384&ssl=1",580,384,true],"large":["https:\/\/i0.wp.com\/pedaleandalucia.com\/wp-content\/uploads\/2019\/11\/Monsul-3.jpg?fit=580%2C384&ssl=1",580,384,true],"1536x1536":["https:\/\/i0.wp.com\/pedaleandalucia.com\/wp-content\/uploads\/2019\/11\/Monsul-3.jpg?fit=1024%2C678&ssl=1",1024,678,true],"2048x2048":["https:\/\/i0.wp.com\/pedaleandalucia.com\/wp-content\/uploads\/2019\/11\/Monsul-3.jpg?fit=1024%2C678&ssl=1",1024,678,true],"post-thumbnail":["https:\/\/i0.wp.com\/pedaleandalucia.com\/wp-content\/uploads\/2019\/11\/Monsul-3.jpg?fit=1024%2C678&ssl=1",1024,678,true],"twentytwenty-fullscreen":["https:\/\/i0.wp.com\/pedaleandalucia.com\/wp-content\/uploads\/2019\/11\/Monsul-3.jpg?fit=1024%2C678&ssl=1",1024,678,true],"pedalea-landscape":["https:\/\/i0.wp.com\/pedaleandalucia.com\/wp-content\/uploads\/2019\/11\/Monsul-3.jpg?resize=500%2C250&ssl=1",500,250,true]},"post_excerpt_stackable_v2":"<p>Crossing the Natural Park of Cabo de Gata in Alemr\u00eda, is certainly one of the most special we have done. The environment is not the usual the bikers are used to see, arid landscapes as a result of a past volcanics easide. Pedaling the 130 km you will visit the different coves and will make this route a unique experience. The trip begins in the city of Almeria, leaving by its promenade, pedaling just a few meters from the beach, makes the greatest risk of the route, is the time you can spend between cove and cove. The arrival at&hellip;<\/p>\n","category_list_v2":"","author_info_v2":{"name":"asanchba","url":"https:\/\/pedaleandalucia.com\/gb\/author\/asanchba\/"},"comments_num_v2":"0 comments","uagb_featured_image_src":{"full":["https:\/\/i0.wp.com\/pedaleandalucia.com\/wp-content\/uploads\/2019\/11\/Monsul-3.jpg?fit=1024%2C678&ssl=1",1024,678,false],"thumbnail":["https:\/\/i0.wp.com\/pedaleandalucia.com\/wp-content\/uploads\/2019\/11\/Monsul-3.jpg?resize=150%2C150&ssl=1",150,150,true],"medium":["https:\/\/i0.wp.com\/pedaleandalucia.com\/wp-content\/uploads\/2019\/11\/Monsul-3.jpg?fit=300%2C199&ssl=1",300,199,true],"medium_large":["https:\/\/i0.wp.com\/pedaleandalucia.com\/wp-content\/uploads\/2019\/11\/Monsul-3.jpg?fit=580%2C384&ssl=1",580,384,true],"large":["https:\/\/i0.wp.com\/pedaleandalucia.com\/wp-content\/uploads\/2019\/11\/Monsul-3.jpg?fit=580%2C384&ssl=1",580,384,true],"1536x1536":["https:\/\/i0.wp.com\/pedaleandalucia.com\/wp-content\/uploads\/2019\/11\/Monsul-3.jpg?fit=1024%2C678&ssl=1",1024,678,true],"2048x2048":["https:\/\/i0.wp.com\/pedaleandalucia.com\/wp-content\/uploads\/2019\/11\/Monsul-3.jpg?fit=1024%2C678&ssl=1",1024,678,true],"post-thumbnail":["https:\/\/i0.wp.com\/pedaleandalucia.com\/wp-content\/uploads\/2019\/11\/Monsul-3.jpg?fit=1024%2C678&ssl=1",1024,678,true],"twentytwenty-fullscreen":["https:\/\/i0.wp.com\/pedaleandalucia.com\/wp-content\/uploads\/2019\/11\/Monsul-3.jpg?fit=1024%2C678&ssl=1",1024,678,true],"pedalea-landscape":["https:\/\/i0.wp.com\/pedaleandalucia.com\/wp-content\/uploads\/2019\/11\/Monsul-3.jpg?resize=500%2C250&ssl=1",500,250,true]},"uagb_author_info":{"display_name":"asanchba","author_link":"https:\/\/pedaleandalucia.com\/gb\/author\/asanchba\/"},"uagb_comment_info":0,"uagb_excerpt":"Crossing the Natural Park of Cabo de Gata in Alemr\u00eda, is certainly one of the most special we have done. The environment is not the usual the bikers are used to see, arid landscapes as a result of a past volcanics easide. Pedaling the 130 km you will visit the different coves and will make&hellip;","jetpack_sharing_enabled":true,"jetpack_shortlink":"https:\/\/wp.me\/P2Lg6v-7E","jetpack-related-posts":[{"id":1513,"url":"https:\/\/pedaleandalucia.com\/gb\/quienes-somos\/","url_meta":{"origin":474,"position":0},"title":"QUI\u00c9NES SOMOS","author":"asanchba","date":"February 3, 2017","format":false,"excerpt":"Pedalea Andaluc\u00eda es una empresa especializada en traves\u00edas cicloturistas. Naci\u00f3 con el prop\u00f3sito de promocionar la pr\u00e1ctica del btt en los entornos naturales m\u00e1s importantes de la regi\u00f3n y \u00faltimamente hemos entrado en el campo de las rutas con bicis de carretera. Para ello, hemos contado con el mejor equipo\u2026","rel":"","context":"Similar post","block_context":{"text":"Similar post","link":""},"img":{"alt_text":"","src":"","width":0,"height":0},"classes":[]},{"id":192,"url":"https:\/\/pedaleandalucia.com\/gb\/contacto\/","url_meta":{"origin":474,"position":1},"title":"Qui\u00e9nes Somos","author":"ignacio","date":"June 9, 2012","format":false,"excerpt":"Pedalea Andaluc\u00eda es una empresa especializada en traves\u00edas cicloturistas. Naci\u00f3 con el prop\u00f3sito de promocionar la pr\u00e1ctica del btt en los entornos naturales m\u00e1s importantes de la regi\u00f3n y \u00faltimamente hemos entrado en el campo de las rutas con bicis de carretera. Para ello, hemos contado con el mejor equipo\u2026","rel":"","context":"Similar post","block_context":{"text":"Similar post","link":""},"img":{"alt_text":"","src":"","width":0,"height":0},"classes":[]},{"id":2179,"url":"https:\/\/pedaleandalucia.com\/gb\/","url_meta":{"origin":474,"position":2},"title":"Cycling Andaluc\u00eda","author":"ignacio","date":"November 9, 2019","format":false,"excerpt":"{:es} Viajes en bici autoguiados por Andaluc\u00eda Te ofrecemos los mejores recorridos MTB, Gravel y ROAD, para conocer los espectaculares entornos naturales de Andaluc\u00eda, as\u00ed como todos los servicios a\u00f1adidos, para que disfrutes al m\u00e1ximo de tu deporte favorito. Nos ocupamos de todo Dise\u00f1o de Recorrido Ofrecemos los mejores recorridos\u2026","rel":"","context":"Similar post","block_context":{"text":"Similar post","link":""},"img":{"alt_text":"","src":"https:\/\/i0.wp.com\/pedaleandalucia.com\/wp-content\/uploads\/2020\/01\/fotodron1-2.jpg?fit=1200%2C675&ssl=1&resize=350%2C200","width":350,"height":200,"srcset":"https:\/\/i0.wp.com\/pedaleandalucia.com\/wp-content\/uploads\/2020\/01\/fotodron1-2.jpg?fit=1200%2C675&ssl=1&resize=350%2C200 1x, https:\/\/i0.wp.com\/pedaleandalucia.com\/wp-content\/uploads\/2020\/01\/fotodron1-2.jpg?fit=1200%2C675&ssl=1&resize=525%2C300 1.5x, https:\/\/i0.wp.com\/pedaleandalucia.com\/wp-content\/uploads\/2020\/01\/fotodron1-2.jpg?fit=1200%2C675&ssl=1&resize=700%2C400 2x, https:\/\/i0.wp.com\/pedaleandalucia.com\/wp-content\/uploads\/2020\/01\/fotodron1-2.jpg?fit=1200%2C675&ssl=1&resize=1050%2C600 3x"},"classes":[]}],"_links":{"self":[{"href":"https:\/\/pedaleandalucia.com\/gb\/wp-json\/wp\/v2\/pages\/474"}],"collection":[{"href":"https:\/\/pedaleandalucia.com\/gb\/wp-json\/wp\/v2\/pages"}],"about":[{"href":"https:\/\/pedaleandalucia.com\/gb\/wp-json\/wp\/v2\/types\/page"}],"author":[{"embeddable":true,"href":"https:\/\/pedaleandalucia.com\/gb\/wp-json\/wp\/v2\/users\/2"}],"replies":[{"embeddable":true,"href":"https:\/\/pedaleandalucia.com\/gb\/wp-json\/wp\/v2\/comments?post=474"}],"version-history":[{"count":88,"href":"https:\/\/pedaleandalucia.com\/gb\/wp-json\/wp\/v2\/pages\/474\/revisions"}],"predecessor-version":[{"id":2735,"href":"https:\/\/pedaleandalucia.com\/gb\/wp-json\/wp\/v2\/pages\/474\/revisions\/2735"}],"wp:featuredmedia":[{"embeddable":true,"href":"https:\/\/pedaleandalucia.com\/gb\/wp-json\/wp\/v2\/media\/2345"}],"wp:attachment":[{"href":"https:\/\/pedaleandalucia.com\/gb\/wp-json\/wp\/v2\/media?parent=474"}],"curies":[{"name":"wp","href":"https:\/\/api.w.org\/{rel}","templated":true}]}}