{"id":2559,"date":"2021-08-29T12:16:14","date_gmt":"2021-08-29T12:16:14","guid":{"rendered":"https:\/\/pedaleandalucia.com\/?page_id=2559"},"modified":"2021-08-29T12:16:17","modified_gmt":"2021-08-29T12:16:17","slug":"contacto-3","status":"publish","type":"page","link":"https:\/\/pedaleandalucia.com\/gb\/contacto-3\/","title":{"rendered":"CONTACTO"},"content":{"rendered":"\n<p class=\"has-text-align-left\"><strong>Pedalea Andaluc\u00eda es una empresa especializada en traves\u00edas cicloturistas. Naci\u00f3 con el prop\u00f3sito de promocionar la pr\u00e1ctica del BTT en los entornos naturales m\u00e1s importantes de la regi\u00f3n ampli\u00e1ndose posteriormente tambi\u00e9n a rutas ROAD y traves\u00edas GRAVEL.<\/strong><\/p>\n\n\n\n<p class=\"has-text-align-left\"><\/p>\n\n\n\n<div class=\"wp-block-contact-form-7-contact-form-selector\"><div class=\"wpcf7 no-js\" id=\"wpcf7-f1515-o1\" lang=\"es-ES\" dir=\"ltr\">\n<div class=\"screen-reader-response\"><p role=\"status\" aria-live=\"polite\" aria-atomic=\"true\"><\/p> <ul><\/ul><\/div>\n<form action=\"\/gb\/wp-json\/wp\/v2\/pages\/2559#wpcf7-f1515-o1\" method=\"post\" class=\"wpcf7-form init\" aria-label=\"Formulario de contacto\" novalidate=\"novalidate\" data-status=\"init\">\n<div style=\"display: none;\">\n<input type=\"hidden\" name=\"_wpcf7\" value=\"1515\" \/>\n<input type=\"hidden\" name=\"_wpcf7_version\" value=\"5.7.2\" \/>\n<input type=\"hidden\" name=\"_wpcf7_locale\" value=\"es_ES\" \/>\n<input type=\"hidden\" name=\"_wpcf7_unit_tag\" value=\"wpcf7-f1515-o1\" \/>\n<input type=\"hidden\" name=\"_wpcf7_container_post\" value=\"0\" \/>\n<input type=\"hidden\" name=\"_wpcf7_posted_data_hash\" value=\"\" \/>\n<input type=\"hidden\" name=\"_wpcf7_recaptcha_response\" value=\"\" \/>\n<\/div>\n<p><label> Nombre (requerido)<br \/>\n<span class=\"wpcf7-form-control-wrap\" data-name=\"your-name\"><input size=\"40\" class=\"wpcf7-form-control wpcf7-text wpcf7-validates-as-required\" aria-required=\"true\" aria-invalid=\"false\" value=\"\" type=\"text\" name=\"your-name\" \/><\/span> <\/label>\n<\/p>\n<p><label> Tu correo electr\u00f3nico (requerido)<br \/>\n<span class=\"wpcf7-form-control-wrap\" data-name=\"your-email\"><input size=\"40\" class=\"wpcf7-form-control wpcf7-text wpcf7-email wpcf7-validates-as-required wpcf7-validates-as-email\" aria-required=\"true\" aria-invalid=\"false\" value=\"\" type=\"email\" name=\"your-email\" \/><\/span> <\/label>\n<\/p>\n<p><label> Traves\u00eda<br \/>\n<span class=\"wpcf7-form-control-wrap\" data-name=\"your-subject\"><input size=\"40\" class=\"wpcf7-form-control wpcf7-text\" aria-invalid=\"false\" value=\"\" type=\"text\" name=\"your-subject\" \/><\/span> <\/label>\n<\/p>\n<p><label> Mensaje<br \/>\n<span class=\"wpcf7-form-control-wrap\" data-name=\"your-message\"><textarea cols=\"40\" rows=\"10\" class=\"wpcf7-form-control wpcf7-textarea\" aria-invalid=\"false\" name=\"your-message\"><\/textarea><\/span> <\/label>\n<\/p>\n<p><input class=\"wpcf7-form-control has-spinner wpcf7-submit\" type=\"submit\" value=\"Enviar\" \/>\n<\/p><p style=\"display: none !important;\" class=\"akismet-fields-container\" data-prefix=\"_wpcf7_ak_\"><label>&#916;<textarea name=\"_wpcf7_ak_hp_textarea\" cols=\"45\" rows=\"8\" maxlength=\"100\"><\/textarea><\/label><input type=\"hidden\" id=\"ak_js_1\" name=\"_wpcf7_ak_js\" value=\"226\"\/><script>document.getElementById( \"ak_js_1\" ).setAttribute( \"value\", ( new Date() ).getTime() );<\/script><\/p><div class=\"wpcf7-response-output\" aria-hidden=\"true\"><\/div><\/form><\/div><\/div>\n","protected":false},"excerpt":{"rendered":"<p>Pedalea Andaluc\u00eda es una empresa especializada en traves\u00edas cicloturistas. Naci\u00f3 con el prop\u00f3sito de promocionar la pr\u00e1ctica del BTT en los entornos naturales m\u00e1s importantes de la regi\u00f3n ampli\u00e1ndose posteriormente tambi\u00e9n a rutas ROAD y traves\u00edas GRAVEL.<\/p>\n","protected":false},"author":2,"featured_media":0,"parent":0,"menu_order":0,"comment_status":"closed","ping_status":"closed","template":"","meta":{"_coblocks_attr":"","_coblocks_dimensions":"","_coblocks_responsive_height":"","_coblocks_accordion_ie_support":"","_uag_custom_page_level_css":"","jetpack_post_was_ever_published":false,"footnotes":"","cover_header_url":"","cover_header_button_text":"","cover_header_text":""},"translation":{"provider":"WPGlobus","version":"3.0.0","language":"gb","enabled_languages":["es","gb"],"languages":{"es":{"title":true,"content":true,"excerpt":false},"gb":{"title":false,"content":false,"excerpt":false}}},"featured_image_urls":{"full":"","thumbnail":"","medium":"","medium_large":"","large":"","1536x1536":"","2048x2048":"","post-thumbnail":"","twentytwenty-fullscreen":"","pedalea-landscape":""},"post_excerpt_stackable":"<p>Pedalea Andaluc\u00eda es una empresa especializada en traves\u00edas cicloturistas. Naci\u00f3 con el prop\u00f3sito de promocionar la pr\u00e1ctica del BTT en los entornos naturales m\u00e1s importantes de la regi\u00f3n ampli\u00e1ndose posteriormente tambi\u00e9n a rutas ROAD y traves\u00edas GRAVEL. Nombre (requerido) Tu correo electr\u00f3nico (requerido) Traves\u00eda Mensaje &#916;<\/p>\n","category_list":"","author_info":{"name":"asanchba","url":"https:\/\/pedaleandalucia.com\/gb\/author\/asanchba\/"},"comments_num":"0 comentarios","featured_image_urls_v2":{"full":"","thumbnail":"","medium":"","medium_large":"","large":"","1536x1536":"","2048x2048":"","post-thumbnail":"","twentytwenty-fullscreen":"","pedalea-landscape":""},"post_excerpt_stackable_v2":"<p>Pedalea Andaluc\u00eda es una empresa especializada en traves\u00edas cicloturistas. Naci\u00f3 con el prop\u00f3sito de promocionar la pr\u00e1ctica del BTT en los entornos naturales m\u00e1s importantes de la regi\u00f3n ampli\u00e1ndose posteriormente tambi\u00e9n a rutas ROAD y traves\u00edas GRAVEL. Nombre (requerido) Tu correo electr\u00f3nico (requerido) Traves\u00eda Mensaje &#916;<\/p>\n","category_list_v2":"","author_info_v2":{"name":"asanchba","url":"https:\/\/pedaleandalucia.com\/gb\/author\/asanchba\/"},"comments_num_v2":"0 comentarios","uagb_featured_image_src":{"full":false,"thumbnail":false,"medium":false,"medium_large":false,"large":false,"1536x1536":false,"2048x2048":false,"post-thumbnail":false,"twentytwenty-fullscreen":false,"pedalea-landscape":false},"uagb_author_info":{"display_name":"asanchba","author_link":"https:\/\/pedaleandalucia.com\/gb\/author\/asanchba\/"},"uagb_comment_info":0,"uagb_excerpt":"Pedalea Andaluc\u00eda es una empresa especializada en traves\u00edas cicloturistas. Naci\u00f3 con el prop\u00f3sito de promocionar la pr\u00e1ctica del BTT en los entornos naturales m\u00e1s importantes de la regi\u00f3n ampli\u00e1ndose posteriormente tambi\u00e9n a rutas ROAD y traves\u00edas GRAVEL.","jetpack_sharing_enabled":true,"jetpack_shortlink":"https:\/\/wp.me\/P2Lg6v-Fh","jetpack-related-posts":[{"id":2188,"url":"https:\/\/pedaleandalucia.com\/gb\/contacto-2\/","url_meta":{"origin":2559,"position":0},"title":"Contacto","author":"ignacio","date":"November 9, 2019","format":false,"excerpt":"Pedalea Andaluc\u00eda es una empresa especializada en traves\u00edas cicloturistas. Naci\u00f3 con el prop\u00f3sito de promocionar la pr\u00e1ctica del btt en los entornos naturales m\u00e1s importantes de la regi\u00f3n ampli\u00e1ndose posteriormente tambi\u00e9n a rutas por carretera y traves\u00edas gravel. Para ello, hemos contado con el mejor equipo posible:\u00a0 personas que conocen\u2026","rel":"","context":"Entrada similar","block_context":{"text":"Entrada similar","link":""},"img":{"alt_text":"","src":"","width":0,"height":0},"classes":[]},{"id":1632,"url":"https:\/\/pedaleandalucia.com\/gb\/travesia-del-estecho-btt\/","url_meta":{"origin":2559,"position":1},"title":"Traves\u00eda del Estecho. BTT Al L\u00edmite del Continente.","author":"asanchba","date":"September 3, 2018","format":false,"excerpt":"La Traves\u00eda BTT del Estrecho est\u00e1 dise\u00f1ada para que conozcas la parte m\u00e1s meridional del continente europeo, es un parque natural mar\u00edtimo-terrestre, situado entre el Atl\u00e1ntico y el Mediterr\u00e1neo, que alberga una gran riqueza natural de gran singularidad y un profundo patrimonio cultural de civilizaciones antiguas. Desde el primer d\u00eda\u2026","rel":"","context":"Entrada similar","block_context":{"text":"Entrada similar","link":""},"img":{"alt_text":"","src":"https:\/\/i0.wp.com\/pedaleandalucia.com\/wp-content\/uploads\/2017\/08\/web1-e1501775746500-300x169.jpg?resize=350%2C200","width":350,"height":200,"srcset":"https:\/\/i0.wp.com\/pedaleandalucia.com\/wp-content\/uploads\/2017\/08\/web1-e1501775746500-300x169.jpg?resize=350%2C200 1x, https:\/\/i0.wp.com\/pedaleandalucia.com\/wp-content\/uploads\/2017\/08\/web1-e1501775746500-300x169.jpg?resize=525%2C300 1.5x, https:\/\/i0.wp.com\/pedaleandalucia.com\/wp-content\/uploads\/2017\/08\/web1-e1501775746500-300x169.jpg?resize=700%2C400 2x, https:\/\/i0.wp.com\/pedaleandalucia.com\/wp-content\/uploads\/2017\/08\/web1-e1501775746500-300x169.jpg?resize=1050%2C600 3x"},"classes":[]},{"id":1513,"url":"https:\/\/pedaleandalucia.com\/gb\/quienes-somos\/","url_meta":{"origin":2559,"position":2},"title":"QUI\u00c9NES SOMOS","author":"asanchba","date":"February 3, 2017","format":false,"excerpt":"Pedalea Andaluc\u00eda es una empresa especializada en traves\u00edas cicloturistas. Naci\u00f3 con el prop\u00f3sito de promocionar la pr\u00e1ctica del btt en los entornos naturales m\u00e1s importantes de la regi\u00f3n y \u00faltimamente hemos entrado en el campo de las rutas con bicis de carretera. Para ello, hemos contado con el mejor equipo\u2026","rel":"","context":"Entrada similar","block_context":{"text":"Entrada similar","link":""},"img":{"alt_text":"","src":"","width":0,"height":0},"classes":[]},{"id":2094,"url":"https:\/\/pedaleandalucia.com\/gb\/travesia-cordoba-sevilla-pedalea-por-el-interior-de-andalucia\/","url_meta":{"origin":2559,"position":3},"title":"Traves\u00eda C\u00f3rdoba-Sevilla. Pedalea por el interior de Andaluc\u00eda.","author":"asanchba","date":"October 18, 2018","format":false,"excerpt":"Esta nueva traves\u00eda de Pedalea Andaluc\u00eda, pretende dar a conocer a todo tipo de ciclistas, desde los m\u00e1s experimentados a los que se est\u00e1n iniciando, la zona de campi\u00f1a y los pueblos m\u00e1s singulares entre C\u00f3rdoba y Sevilla a lo largo de 4 bonitas etapas. Se recorrer\u00e1 a trav\u00e9s de\u2026","rel":"","context":"Entrada similar","block_context":{"text":"Entrada similar","link":""},"img":{"alt_text":"","src":"https:\/\/i0.wp.com\/pedaleandalucia.com\/wp-content\/uploads\/2018\/09\/Carmona_foto2-1024x683.jpg?resize=350%2C200","width":350,"height":200,"srcset":"https:\/\/i0.wp.com\/pedaleandalucia.com\/wp-content\/uploads\/2018\/09\/Carmona_foto2-1024x683.jpg?resize=350%2C200 1x, https:\/\/i0.wp.com\/pedaleandalucia.com\/wp-content\/uploads\/2018\/09\/Carmona_foto2-1024x683.jpg?resize=525%2C300 1.5x, https:\/\/i0.wp.com\/pedaleandalucia.com\/wp-content\/uploads\/2018\/09\/Carmona_foto2-1024x683.jpg?resize=700%2C400 2x"},"classes":[]},{"id":192,"url":"https:\/\/pedaleandalucia.com\/gb\/contacto\/","url_meta":{"origin":2559,"position":4},"title":"Qui\u00e9nes Somos","author":"ignacio","date":"June 9, 2012","format":false,"excerpt":"Pedalea Andaluc\u00eda es una empresa especializada en traves\u00edas cicloturistas. Naci\u00f3 con el prop\u00f3sito de promocionar la pr\u00e1ctica del btt en los entornos naturales m\u00e1s importantes de la regi\u00f3n y \u00faltimamente hemos entrado en el campo de las rutas con bicis de carretera. Para ello, hemos contado con el mejor equipo\u2026","rel":"","context":"Entrada similar","block_context":{"text":"Entrada similar","link":""},"img":{"alt_text":"","src":"","width":0,"height":0},"classes":[]},{"id":184,"url":"https:\/\/pedaleandalucia.com\/gb\/travesia-1\/","url_meta":{"origin":2559,"position":5},"title":"TransCazorla","author":"ignacio","date":"June 9, 2012","format":false,"excerpt":"\u00a0TransCazorla 4 D\u00edas Es una traves\u00eda de puro mountain bike que transcurre a trav\u00e9s del Parque Natural Sierra de Cazorla, Segura y las Villas en la provincia de Ja\u00e9n. Recorre unos 230km con un desnivel positivo de 5900m en la que podr\u00e9is disfrutar y sufrir con los senderos y trialeras\u00a0\u2026","rel":"","context":"Entrada similar","block_context":{"text":"Entrada similar","link":""},"img":{"alt_text":"","src":"https:\/\/i0.wp.com\/pedaleandalucia.com\/wp-content\/uploads\/2012\/06\/IMG_20170602_095739_1-2-e1502299160355-1024x617.jpg?resize=350%2C200","width":350,"height":200,"srcset":"https:\/\/i0.wp.com\/pedaleandalucia.com\/wp-content\/uploads\/2012\/06\/IMG_20170602_095739_1-2-e1502299160355-1024x617.jpg?resize=350%2C200 1x, https:\/\/i0.wp.com\/pedaleandalucia.com\/wp-content\/uploads\/2012\/06\/IMG_20170602_095739_1-2-e1502299160355-1024x617.jpg?resize=525%2C300 1.5x, https:\/\/i0.wp.com\/pedaleandalucia.com\/wp-content\/uploads\/2012\/06\/IMG_20170602_095739_1-2-e1502299160355-1024x617.jpg?resize=700%2C400 2x"},"classes":[]}],"_links":{"self":[{"href":"https:\/\/pedaleandalucia.com\/gb\/wp-json\/wp\/v2\/pages\/2559"}],"collection":[{"href":"https:\/\/pedaleandalucia.com\/gb\/wp-json\/wp\/v2\/pages"}],"about":[{"href":"https:\/\/pedaleandalucia.com\/gb\/wp-json\/wp\/v2\/types\/page"}],"author":[{"embeddable":true,"href":"https:\/\/pedaleandalucia.com\/gb\/wp-json\/wp\/v2\/users\/2"}],"replies":[{"embeddable":true,"href":"https:\/\/pedaleandalucia.com\/gb\/wp-json\/wp\/v2\/comments?post=2559"}],"version-history":[{"count":8,"href":"https:\/\/pedaleandalucia.com\/gb\/wp-json\/wp\/v2\/pages\/2559\/revisions"}],"predecessor-version":[{"id":2567,"href":"https:\/\/pedaleandalucia.com\/gb\/wp-json\/wp\/v2\/pages\/2559\/revisions\/2567"}],"wp:attachment":[{"href":"https:\/\/pedaleandalucia.com\/gb\/wp-json\/wp\/v2\/media?parent=2559"}],"curies":[{"name":"wp","href":"https:\/\/api.w.org\/{rel}","templated":true}]}}