{"id":2188,"date":"2019-11-09T19:53:43","date_gmt":"2019-11-09T19:53:43","guid":{"rendered":"http:\/\/pedaleandalucia.com\/?page_id=2188"},"modified":"2021-05-16T20:56:33","modified_gmt":"2021-05-16T20:56:33","slug":"contacto-2","status":"publish","type":"page","link":"https:\/\/pedaleandalucia.com\/gb\/contacto-2\/","title":{"rendered":"Contacto"},"content":{"rendered":"\n<p class=\"has-custom-weight\" style=\"font-weight:normal\">Pedalea Andaluc\u00eda es una empresa especializada en traves\u00edas cicloturistas. Naci\u00f3 con el prop\u00f3sito de promocionar la pr\u00e1ctica del btt en los entornos naturales m\u00e1s importantes de la regi\u00f3n ampli\u00e1ndose posteriormente tambi\u00e9n a rutas por carretera y traves\u00edas gravel. Para ello, hemos contado con el mejor equipo posible:&nbsp; personas que conocen a la perfecci\u00f3n&nbsp; las sierras por las que transitan nuestras traves\u00edas y que han dise\u00f1ado el recorrido eligiendo siempre los senderos m\u00e1s espectaculares; un servicio t\u00e9cnico, por si surge cualquier aver\u00eda durante el recorrido y un sector servicios que conoce las necesidades de los bikers y que disfrutar\u00e9is al final de cada etapa.<\/p>\n\n\n\n<p>Pedalea Andaluc\u00eda os organiza todo lo necesario para que disfrut\u00e9is de la traves\u00eda:<\/p>\n\n\n\n<p>\u00b7&nbsp;&nbsp;&nbsp;&nbsp;&nbsp;&nbsp;&nbsp;  <strong>Facilitamos los tracks de las diferentes etapas.<\/strong><\/p>\n\n\n\n<p>\u00b7&nbsp; &nbsp; &nbsp; &nbsp; &nbsp;<strong>Os damos toda la informaci\u00f3n de la oferta hotelera en cada final de etapa.<\/strong><\/p>\n\n\n\n<p>\u00b7&nbsp;&nbsp;&nbsp;&nbsp;&nbsp;&nbsp;&nbsp;&nbsp;&nbsp;<strong>Transportamos vuestro equipaje a lo largo de todo el recorrido.<\/strong><\/p>\n\n\n\n<p>\u00b7 &nbsp; &nbsp; &nbsp; &nbsp; <strong>Ofrecemos servicio t\u00e9cnico durante la traves\u00eda.<\/strong><\/p>\n\n\n\n<p>Aunque nuestra especialidad es el cicloturismo, tambi\u00e9n ofrecemos otras alternativas tanto a los que hac\u00e9is cualquier de nuestras rutas como a los acompa\u00f1antes, que var\u00edan en funci\u00f3n de los destinos. Ofrecemos paquetes multiaventura para practicar por ejemplo, descenso de ca\u00f1ones, pirag\u00fcismo, senderismo, kayac en mar abierto, paddlesurf o bautismo de buceo.<\/p>\n\n\n\n<p><strong>M\u00e1ndanos tu consulta \ud83d\ude42<\/strong><\/p>\n\n\n\n<div class=\"alignwide wp-block-ugb-container ugb-container ugb-3d72768 ugb-container--v2 ugb-container--design-basic ugb-main-block\"><style>.ugb-3d72768-wrapper.ugb-container__wrapper{border-radius:0px !important;background-color:#87c133 !important}.ugb-3d72768-wrapper.ugb-container__wrapper:before{background-color:#87c133 !important}.ugb-3d72768 h1,.ugb-3d72768 h2,.ugb-3d72768 h3,.ugb-3d72768 h4,.ugb-3d72768 h5,.ugb-3d72768 h6{color:#000000}.ugb-3d72768 p,.ugb-3d72768 li,.ugb-3d72768 label,.ugb-3d72768 table{color:#000000}.ugb-3d72768 a,.ugb-3d72768 a:visited,.ugb-3d72768 a:focus{color:#000000}.ugb-3d72768 a:hover{color:#000000}.ugb-3d72768-content-wrapper > h1,.ugb-3d72768-content-wrapper > h2,.ugb-3d72768-content-wrapper > h3,.ugb-3d72768-content-wrapper > h4,.ugb-3d72768-content-wrapper > h5,.ugb-3d72768-content-wrapper > h6{color:#000000}.ugb-3d72768-content-wrapper > p,.ugb-3d72768-content-wrapper > ol li,.ugb-3d72768-content-wrapper > ul li{color:#000000}@media screen and (min-width:768px){.ugb-3d72768-content-wrapper.ugb-container__content-wrapper{width:100% !important}}<\/style><div class=\"ugb-inner-block\"><div class=\"ugb-block-content\"><div class=\"ugb-container__wrapper ugb-3d72768-wrapper ugb--shadow-3\"><div class=\"ugb-container__side\"><div class=\"ugb-container__content-wrapper ugb-3d72768-content-wrapper\">\n\t\t<div class=\"coblocks-form\" id=\"e09578d68caa4d39c2eed196b77b23b248e6b4e8\">\n\n\t\t\t\n\t\t\t<form action=\"https:\/\/pedaleandalucia.com\/gb\/contacto-2\/#e09578d68caa4d39c2eed196b77b23b248e6b4e8\" method=\"post\">\n\t\t\t\t\n<label for=\"name\" class=\"coblocks-label\">Name <span class=\"required\">&#042;<\/span><\/label>\n\t\t<input type=\"hidden\" name=\"field-name[label]\" value=\"Name\">\n\n\t\t\t\t<input type=\"hidden\" id=\"name-field-id\" name=\"name-field-id\" class=\"coblocks-name-field-id\" value=\"field-name\" \/>\n\t\t\n\t\t<input type=\"text\" id=\"name\" name=\"field-name[value]\" class=\"coblocks-field coblocks-field--name\" required \/>\n\n\t\t\n\n<label for=\"travesia-2\" class=\"coblocks-label\">Traves\u00eda <span class=\"required\">&#042;<\/span><\/label>\n\t\t<input type=\"hidden\" name=\"field-travesia-2[label]\" value=\"Traves\u00eda\">\n\n\t\t\t\t<input type=\"hidden\" id=\"name-field-id\" name=\"name-field-id\" class=\"coblocks-name-field-id\" value=\"field-travesia-2\" \/>\n\t\t\n\t\t<input type=\"text\" id=\"travesia-2\" name=\"field-travesia-2[value]\" class=\"coblocks-field coblocks-field--name\" required \/>\n\n\t\t\n\n<label for=\"fechas-de-realizacion\" class=\"coblocks-label\">Fechas de realizaci\u00f3n <\/label>\n\t\t<input type=\"hidden\" name=\"field-fechas-de-realizacion[label]\" value=\"Fechas de realizaci\u00f3n \">\n\n\t\t\n\t\t<input type=\"date\" id=\"fechas-de-realizacion\" name=\"field-fechas-de-realizacion[value]\" class=\"coblocks-field coblocks-field--date\"  \/>\n\n\t\t\n\n<label for=\"correo-electronico\" class=\"coblocks-label\">Correo Electr\u00f3nico <span class=\"required\">&#042;<\/span><\/label>\n\t\t<input type=\"hidden\" name=\"field-correo-electronico[label]\" value=\"Correo Electr\u00f3nico\">\n\n\t\t\n\t\t<input type=\"hidden\" id=\"email-field-id\" name=\"email-field-id\" class=\"coblocks-email-field-id\" value=\"field-correo-electronico\" \/>\n\t\t<input type=\"email\" id=\"correo-electronico\" name=\"field-correo-electronico[value]\" class=\"coblocks-field coblocks-field--email\" required \/>\n\n\t\t\n\n<label for=\"message\" class=\"coblocks-label\">Message <span class=\"required\">&#042;<\/span><\/label>\n\t\t<input type=\"hidden\" name=\"field-message[label]\" value=\"Message\">\n\n\t\t\n\t\t<textarea name=\"field-message[value]\" id=\"message\" class=\"coblocks-field coblocks-textarea\" rows=\"20\" required><\/textarea>\n\n\t\t\n\n\n\t\t<div class=\"coblocks-form__submit wp-block-button\">\n\t\t\t<button type=\"submit\" class=\"wp-block-button__link\" style=\"\">Submit<\/button>\n\t\t\t<input type=\"hidden\" id=\"form-submit\" name=\"form-submit\" value=\"77627fd023\" \/><input type=\"hidden\" name=\"_wp_http_referer\" value=\"\/gb\/wp-json\/wp\/v2\/pages\/2188\" \/>\t\t\t<input type=\"hidden\" name=\"action\" value=\"coblocks-form-submit\">\n\n\t\t\t\t\t<\/div>\n\n\t\t\n\t\t\t\t<input class=\"coblocks-field verify\" type=\"email\" name=\"coblocks-verify-email\" autocomplete=\"off\" placeholder=\"Email\" tabindex=\"-1\">\n\t\t\t\t<input type=\"hidden\" name=\"form-hash\" value=\"e09578d68caa4d39c2eed196b77b23b248e6b4e8\">\n\n\t\t\t\t\t\t\t<\/form>\n\n\t\t<\/div>\n\n\t\t\n\n\n<p><\/p>\n<\/div><\/div><\/div><\/div><\/div><\/div>\n","protected":false},"excerpt":{"rendered":"<p>Pedalea Andaluc\u00eda es una empresa especializada en traves\u00edas cicloturistas. Naci\u00f3 con el prop\u00f3sito de promocionar la pr\u00e1ctica del btt en los entornos naturales m\u00e1s importantes de la regi\u00f3n ampli\u00e1ndose posteriormente tambi\u00e9n a rutas por carretera y traves\u00edas gravel. Para ello, hemos contado con el mejor equipo posible:&nbsp; personas que conocen a la perfecci\u00f3n&nbsp; las sierras [&hellip;]<\/p>\n","protected":false},"author":1,"featured_media":0,"parent":0,"menu_order":0,"comment_status":"closed","ping_status":"closed","template":"templates\/template-full-width.php","meta":{"_coblocks_attr":"","_coblocks_dimensions":"","_coblocks_responsive_height":"","_coblocks_accordion_ie_support":"","_uag_custom_page_level_css":"","jetpack_post_was_ever_published":false,"footnotes":"","cover_header_url":"","cover_header_button_text":"","cover_header_text":""},"translation":{"provider":"WPGlobus","version":"3.0.0","language":"gb","enabled_languages":["es","gb"],"languages":{"es":{"title":true,"content":true,"excerpt":false},"gb":{"title":false,"content":false,"excerpt":false}}},"featured_image_urls":{"full":"","thumbnail":"","medium":"","medium_large":"","large":"","1536x1536":"","2048x2048":"","post-thumbnail":"","twentytwenty-fullscreen":"","pedalea-landscape":""},"post_excerpt_stackable":"<p>Pedalea Andaluc\u00eda es una empresa especializada en traves\u00edas cicloturistas. Naci\u00f3 con el prop\u00f3sito de promocionar la pr\u00e1ctica del btt en los entornos naturales m\u00e1s importantes de la regi\u00f3n ampli\u00e1ndose posteriormente tambi\u00e9n a rutas por carretera y traves\u00edas gravel. Para ello, hemos contado con el mejor equipo posible:&nbsp; personas que conocen a la perfecci\u00f3n&nbsp; las sierras por las que transitan nuestras traves\u00edas y que han dise\u00f1ado el recorrido eligiendo siempre los senderos m\u00e1s espectaculares; un servicio t\u00e9cnico, por si surge cualquier aver\u00eda durante el recorrido y un sector servicios que conoce las necesidades de los bikers y que disfrutar\u00e9is al final&hellip;<\/p>\n","category_list":"","author_info":{"name":"ignacio","url":"https:\/\/pedaleandalucia.com\/gb\/author\/ignacio\/"},"comments_num":"0 comments","featured_image_urls_v2":{"full":"","thumbnail":"","medium":"","medium_large":"","large":"","1536x1536":"","2048x2048":"","post-thumbnail":"","twentytwenty-fullscreen":"","pedalea-landscape":""},"post_excerpt_stackable_v2":"<p>Pedalea Andaluc\u00eda es una empresa especializada en traves\u00edas cicloturistas. Naci\u00f3 con el prop\u00f3sito de promocionar la pr\u00e1ctica del btt en los entornos naturales m\u00e1s importantes de la regi\u00f3n ampli\u00e1ndose posteriormente tambi\u00e9n a rutas por carretera y traves\u00edas gravel. Para ello, hemos contado con el mejor equipo posible:&nbsp; personas que conocen a la perfecci\u00f3n&nbsp; las sierras por las que transitan nuestras traves\u00edas y que han dise\u00f1ado el recorrido eligiendo siempre los senderos m\u00e1s espectaculares; un servicio t\u00e9cnico, por si surge cualquier aver\u00eda durante el recorrido y un sector servicios que conoce las necesidades de los bikers y que disfrutar\u00e9is al final&hellip;<\/p>\n","category_list_v2":"","author_info_v2":{"name":"ignacio","url":"https:\/\/pedaleandalucia.com\/gb\/author\/ignacio\/"},"comments_num_v2":"0 comments","uagb_featured_image_src":{"full":false,"thumbnail":false,"medium":false,"medium_large":false,"large":false,"1536x1536":false,"2048x2048":false,"post-thumbnail":false,"twentytwenty-fullscreen":false,"pedalea-landscape":false},"uagb_author_info":{"display_name":"ignacio","author_link":"https:\/\/pedaleandalucia.com\/gb\/author\/ignacio\/"},"uagb_comment_info":0,"uagb_excerpt":"Pedalea Andaluc\u00eda es una empresa especializada en traves\u00edas cicloturistas. Naci\u00f3 con el prop\u00f3sito de promocionar la pr\u00e1ctica del btt en los entornos naturales m\u00e1s importantes de la regi\u00f3n ampli\u00e1ndose posteriormente tambi\u00e9n a rutas por carretera y traves\u00edas gravel. Para ello, hemos contado con el mejor equipo posible:&nbsp; personas que conocen a la perfecci\u00f3n&nbsp; las sierras&hellip;","jetpack_sharing_enabled":true,"jetpack_shortlink":"https:\/\/wp.me\/P2Lg6v-zi","jetpack-related-posts":[{"id":2094,"url":"https:\/\/pedaleandalucia.com\/gb\/travesia-cordoba-sevilla-pedalea-por-el-interior-de-andalucia\/","url_meta":{"origin":2188,"position":0},"title":"Traves\u00eda C\u00f3rdoba-Sevilla. Pedalea por el interior de Andaluc\u00eda.","author":"asanchba","date":"October 18, 2018","format":false,"excerpt":"Esta nueva traves\u00eda de Pedalea Andaluc\u00eda, pretende dar a conocer a todo tipo de ciclistas, desde los m\u00e1s experimentados a los que se est\u00e1n iniciando, la zona de campi\u00f1a y los pueblos m\u00e1s singulares entre C\u00f3rdoba y Sevilla a lo largo de 4 bonitas etapas. Se recorrer\u00e1 a trav\u00e9s de\u2026","rel":"","context":"Similar post","block_context":{"text":"Similar post","link":""},"img":{"alt_text":"","src":"https:\/\/i0.wp.com\/pedaleandalucia.com\/wp-content\/uploads\/2018\/09\/Carmona_foto2-1024x683.jpg?resize=350%2C200","width":350,"height":200,"srcset":"https:\/\/i0.wp.com\/pedaleandalucia.com\/wp-content\/uploads\/2018\/09\/Carmona_foto2-1024x683.jpg?resize=350%2C200 1x, https:\/\/i0.wp.com\/pedaleandalucia.com\/wp-content\/uploads\/2018\/09\/Carmona_foto2-1024x683.jpg?resize=525%2C300 1.5x, https:\/\/i0.wp.com\/pedaleandalucia.com\/wp-content\/uploads\/2018\/09\/Carmona_foto2-1024x683.jpg?resize=700%2C400 2x"},"classes":[]},{"id":1513,"url":"https:\/\/pedaleandalucia.com\/gb\/quienes-somos\/","url_meta":{"origin":2188,"position":1},"title":"QUI\u00c9NES SOMOS","author":"asanchba","date":"February 3, 2017","format":false,"excerpt":"Pedalea Andaluc\u00eda es una empresa especializada en traves\u00edas cicloturistas. Naci\u00f3 con el prop\u00f3sito de promocionar la pr\u00e1ctica del btt en los entornos naturales m\u00e1s importantes de la regi\u00f3n y \u00faltimamente hemos entrado en el campo de las rutas con bicis de carretera. Para ello, hemos contado con el mejor equipo\u2026","rel":"","context":"Similar post","block_context":{"text":"Similar post","link":""},"img":{"alt_text":"","src":"","width":0,"height":0},"classes":[]},{"id":192,"url":"https:\/\/pedaleandalucia.com\/gb\/contacto\/","url_meta":{"origin":2188,"position":2},"title":"Qui\u00e9nes Somos","author":"ignacio","date":"June 9, 2012","format":false,"excerpt":"Pedalea Andaluc\u00eda es una empresa especializada en traves\u00edas cicloturistas. Naci\u00f3 con el prop\u00f3sito de promocionar la pr\u00e1ctica del btt en los entornos naturales m\u00e1s importantes de la regi\u00f3n y \u00faltimamente hemos entrado en el campo de las rutas con bicis de carretera. Para ello, hemos contado con el mejor equipo\u2026","rel":"","context":"Similar post","block_context":{"text":"Similar post","link":""},"img":{"alt_text":"","src":"","width":0,"height":0},"classes":[]},{"id":2067,"url":"https:\/\/pedaleandalucia.com\/gb\/cabo-de-gata-gallery\/","url_meta":{"origin":2188,"position":3},"title":"Cabo de Gata Gallery","author":"ignacio","date":"August 6, 2018","format":false,"excerpt":"","rel":"","context":"Similar post","block_context":{"text":"Similar post","link":""},"img":{"alt_text":"","src":"https:\/\/i0.wp.com\/pedaleandalucia.com\/wp-content\/uploads\/2012\/12\/Llegando-a-Genoveses.jpg?resize=350%2C200","width":350,"height":200},"classes":[]},{"id":485,"url":"https:\/\/pedaleandalucia.com\/gb\/galeria-cabo-de-gata\/","url_meta":{"origin":2188,"position":4},"title":"Galer\u00eda Cabo de Gata","author":"asanchba","date":"December 15, 2012","format":false,"excerpt":"","rel":"","context":"Similar post","block_context":{"text":"Similar post","link":""},"img":{"alt_text":"","src":"https:\/\/i0.wp.com\/pedaleandalucia.com\/wp-content\/uploads\/2012\/12\/Llegando-a-Genoveses.jpg?resize=350%2C200","width":350,"height":200},"classes":[]},{"id":449,"url":"https:\/\/pedaleandalucia.com\/gb\/galeria-de-la-sacacorchos\/","url_meta":{"origin":2188,"position":5},"title":"Galer\u00eda de La SacaCorchos","author":"asanchba","date":"October 8, 2012","format":false,"excerpt":"","rel":"","context":"Similar post","block_context":{"text":"Similar post","link":""},"img":{"alt_text":"","src":"https:\/\/i0.wp.com\/pedaleandalucia.com\/wp-content\/uploads\/2012\/10\/DSCN2450-e1355931537340.jpg?resize=350%2C200","width":350,"height":200},"classes":[]}],"_links":{"self":[{"href":"https:\/\/pedaleandalucia.com\/gb\/wp-json\/wp\/v2\/pages\/2188"}],"collection":[{"href":"https:\/\/pedaleandalucia.com\/gb\/wp-json\/wp\/v2\/pages"}],"about":[{"href":"https:\/\/pedaleandalucia.com\/gb\/wp-json\/wp\/v2\/types\/page"}],"author":[{"embeddable":true,"href":"https:\/\/pedaleandalucia.com\/gb\/wp-json\/wp\/v2\/users\/1"}],"replies":[{"embeddable":true,"href":"https:\/\/pedaleandalucia.com\/gb\/wp-json\/wp\/v2\/comments?post=2188"}],"version-history":[{"count":21,"href":"https:\/\/pedaleandalucia.com\/gb\/wp-json\/wp\/v2\/pages\/2188\/revisions"}],"predecessor-version":[{"id":2558,"href":"https:\/\/pedaleandalucia.com\/gb\/wp-json\/wp\/v2\/pages\/2188\/revisions\/2558"}],"wp:attachment":[{"href":"https:\/\/pedaleandalucia.com\/gb\/wp-json\/wp\/v2\/media?parent=2188"}],"curies":[{"name":"wp","href":"https:\/\/api.w.org\/{rel}","templated":true}]}}