{"id":2179,"date":"2019-11-09T19:44:23","date_gmt":"2019-11-09T19:44:23","guid":{"rendered":"http:\/\/pedaleandalucia.com\/?page_id=2179"},"modified":"2025-10-29T16:45:44","modified_gmt":"2025-10-29T16:45:44","slug":"pedalea-andalucia","status":"publish","type":"page","link":"https:\/\/pedaleandalucia.com\/gb\/","title":{"rendered":"Cycling Andaluc\u00eda"},"content":{"rendered":"\n<h2 class=\"has-text-align-center wp-block-heading\"> Bicycle Routes throught the Natural Parks of Andaluc\u00eda<\/h2>\n\n\n\n<p class=\"has-text-align-center\">We offer you the best MTB, Gravel and ROAD routes, to know the spectacular natural surroundings of the region. Also Pedalea Andaluc\u00eda organizes everything you need to enjoy the journey.<\/p>\n\n\n<div class=\"wp-block-coblocks-shape-divider is-style-angled mt-0 mb-0\" style=\"color: #8ea318;\" aria-hidden=\"true\">\n\t\t\t<div class=\"wp-block-coblocks-shape-divider__svg-wrapper\" style=\"height:132;\">\n\t\t\t\t<svg class=\"divider--angled\" aria-hidden xmlns=\"http:\/\/www.w3.org\/2000\/svg\" viewBox=\"0 0 100 100\" preserveAspectRatio=\"none\"><polygon points=\"0,100 100,0 100,100\" \/><\/svg>\n\t\t\t<\/div>\n\t\t\t<div class=\"wp-block-coblocks-shape-divider__alt-wrapper\" style=\"height:90;\"><\/div>\n\t\t<\/div>\n\n\n<div class=\"alignfull wp-block-ugb-container ugb-container ugb-5504e43 ugb-container--v2 ugb-container--design-basic ugb-container--width-small ugb-main-block\" id=\"\"><style>.ugb-5504e43-wrapper.ugb-container__wrapper{background-color:#8ea318 !important}.ugb-5504e43-wrapper.ugb-container__wrapper:before{background-color:#8ea318 !important}.ugb-5504e43 h1,.ugb-5504e43 h2,.ugb-5504e43 h3,.ugb-5504e43 h4,.ugb-5504e43 h5,.ugb-5504e43 h6{color:#000000}.ugb-5504e43 p,.ugb-5504e43 li,.ugb-5504e43 table{color:#000000}.ugb-5504e43-content-wrapper > h1,.ugb-5504e43-content-wrapper > h2,.ugb-5504e43-content-wrapper > h3,.ugb-5504e43-content-wrapper > h4,.ugb-5504e43-content-wrapper > h5,.ugb-5504e43-content-wrapper > h6{color:#000000}.ugb-5504e43-content-wrapper > p,.ugb-5504e43-content-wrapper > ol li,.ugb-5504e43-content-wrapper > ul li{color:#000000}.ugb-5504e43 .ugb-inner-block{text-align:center}<\/style><div class=\"ugb-inner-block\"><div class=\"ugb-block-content\"><div class=\"ugb-container__wrapper ugb-5504e43-wrapper\"><div class=\"ugb-container__side\"><div class=\"ugb-container__content-wrapper ugb-5504e43-content-wrapper\">\n<h2 class=\"has-text-align-center wp-block-heading\">We take care of everything<\/h2>\n\n\n\n<hr class=\"wp-block-separator\"\/>\n\n\n\n<div class=\"wp-block-coblocks-features coblocks-features-12520332106\"><div class=\"wp-block-coblocks-features__inner has-columns has-2-columns has-responsive-columns has-medium-gutter has-center-content\">\n<div class=\"wp-block-coblocks-feature has-center-content coblocks-feature-12520332539\"><div class=\"wp-block-coblocks-feature__inner has-no-padding\">\n<h4 class=\"wp-block-heading\">Travel Design<\/h4>\n\n\n<div class=\"wp-block-coblocks-icon is-style-filled\">\n\t\t\t\t<div class=\"wp-block-coblocks-icon__inner\" style=\"height: 60px; width: 60px;\">\n\t\t\t\t\t<svg fill=\"none\" viewBox=\"0 0 20 20\" xmlns=\"http:\/\/www.w3.org\/2000\/svg\"><path d=\"m10 0c-5.52 0-10 4.48-10 10s4.48 10 10 10 10-4.48 10-10-4.48-10-10-10zm-8 10c0-.61.08-1.21.21-1.78l4.78 4.78v1c0 1.1.9 2 2 2v1.93c-3.93-.5-6.99-3.86-6.99-7.93zm13.89 5.4c-.26-.81-1-1.4-1.9-1.4h-1v-3c0-.55-.45-1-1-1h-6v-2h2c.55 0 1-.45 1-1v-2h2c1.1 0 2-.9 2-2v-.41c2.93 1.18 5.01 4.06 5.01 7.41 0 2.08-.81 3.98-2.11 5.4z\" fill=\"currentColor\" \/><\/svg>\n\t\t\t\t<\/div>\n\t\t\t<\/div>\n\n\n<p><span style=\"color: #000000;\" class=\"ugb-highlight\">We offer the best tours in each natural park<\/span><\/p>\n<\/div><\/div>\n\n\n\n<div class=\"wp-block-coblocks-feature coblocks-feature-12520332568\"><div class=\"wp-block-coblocks-feature__inner has-no-padding\">\n<h4 class=\"wp-block-heading\">Luggage transport<\/h4>\n\n\n<div class=\"wp-block-coblocks-icon is-style-filled\">\n\t\t\t\t<div class=\"wp-block-coblocks-icon__inner\" style=\"height: 60px; width: 60px;\">\n\t\t\t\t\t<svg fill=\"none\" viewBox=\"0 0 20 20\" xmlns=\"http:\/\/www.w3.org\/2000\/svg\"><path d=\"m17.2727273 4.36363636h-2.7272728v-3.63636363h-12.72727268c-1 0-1.81818182.81818182-1.81818182 1.81818182v9.99999995h1.81818182c0 1.509091 1.21818182 2.7272728 2.72727273 2.7272728 1.5090909 0 2.72727272-1.2181818 2.72727272-2.7272728h5.45454543c0 1.509091 1.2181818 2.7272728 2.7272728 2.7272728 1.5090909 0 2.7272727-1.2181818 2.7272727-2.7272728h1.8181818v-4.5454545zm-.4545455 1.36363637 1.7818182 2.27272727h-4.0545455v-2.27272727zm-12.27272725 7.72727277c-.5 0-.90909091-.409091-.90909091-.909091s.40909091-.9090909.90909091-.9090909.9090909.4090909.9090909.9090909-.4090909.909091-.9090909.909091zm2.01818181-2.7272728c-.5-.5545454-1.20909091-.90909088-2.01818181-.90909088-.80909091 0-1.51818182.35454548-2.01818182.90909088h-.70909091v-8.18181815h10.90909088v8.18181815zm8.89090914 2.7272728c-.5 0-.909091-.409091-.909091-.909091s.409091-.9090909.909091-.9090909.9090909.4090909.9090909.9090909-.4090909.909091-.9090909.909091z\" transform=\"translate(0 2)\" fill=\"currentColor\" \/><\/svg>\n\t\t\t\t<\/div>\n\t\t\t<\/div>\n\n\n<p>We transport your luggage between the stages<\/p>\n<\/div><\/div>\n<\/div><\/div>\n\n\n\n<div class=\"wp-block-coblocks-features coblocks-features-125203320435\"><div class=\"wp-block-coblocks-features__inner has-columns has-2-columns has-responsive-columns has-medium-gutter has-center-content\">\n<div class=\"wp-block-coblocks-feature coblocks-feature-125203320858\"><div class=\"wp-block-coblocks-feature__inner has-no-padding\">\n<h4 class=\"wp-block-heading\">Technical service<\/h4>\n\n\n<div class=\"wp-block-coblocks-icon\">\n\t\t\t\t<div class=\"wp-block-coblocks-icon__inner\" style=\"height: 60px; width: 60px;\">\n\t\t\t\t\t<svg fill=\"none\" viewBox=\"0 0 20 20\" xmlns=\"http:\/\/www.w3.org\/2000\/svg\"><path d=\"m19.6627376 17.0986011-8.2473132-8.24731315c.8447138-2.1254089.4087325-4.63230145-1.307944-6.35806082-2.08907708-2.08907713-5.34077104-2.27981895-7.65692177-.59039136l3.48785051 3.49693345-1.28977806 1.28069511-3.47876756-3.47876757c-1.68942759 2.30706779-1.49868577 5.56784469.59039136 7.64783884 1.68942759 1.6894276 4.15090542 2.1344919 6.25814844 1.3442758l8.27456198 8.274562c.3542348.3542348.9264603.3542348 1.2806951 0l2.0890772-2.0890772c.3633177-.3451518.3633177-.9173773 0-1.2806951zm-2.7248832 1.4532711-8.5924651-8.59246508c-.55405958.40873248-1.17169978.65397198-1.8165888.74480138-1.23528039.1816589-2.53414139-.1907418-3.47876757-1.13536797-.86287968-.85379674-1.26252922-1.99824769-1.19894861-3.12453275l2.80662971 2.80662971 3.85116827-3.85116827-2.80662971-2.80662971c1.12628506-.0635806 2.26165307.33606893 3.12453275 1.18986567.98095795.98095796 1.35335866 2.33431662 1.12628506 3.59684584-.10899533.64488902-.38148365 1.24436333-.79929908 1.78025703l8.58338208 8.58338215z\" fill=\"currentColor\" transform=\"translate(0 -.734049)\" \/><\/svg>\n\t\t\t\t<\/div>\n\t\t\t<\/div>\n\n\n<p>A technical service will be always available, in case there is any problem during the tour<\/p>\n<\/div><\/div>\n\n\n\n<div class=\"wp-block-coblocks-feature coblocks-feature-125203320884\"><div class=\"wp-block-coblocks-feature__inner has-no-padding\"><\/div><\/div>\n<\/div><\/div>\n\n\n\n<p><\/p>\n<\/div><\/div><\/div><\/div><\/div><\/div>\n\n\n\n<p><\/p>\n","protected":false},"excerpt":{"rendered":"<p>Bicycle Routes throught the Natural Parks of Andaluc\u00eda We offer you the best MTB, Gravel and ROAD routes, to know the spectacular natural surroundings of the region. Also Pedalea Andaluc\u00eda organizes everything you need to enjoy the journey. We take care of everything<\/p>\n","protected":false},"author":1,"featured_media":2404,"parent":0,"menu_order":0,"comment_status":"closed","ping_status":"closed","template":"templates\/template-cover.php","meta":{"_coblocks_attr":"","_coblocks_dimensions":"","_coblocks_responsive_height":"{\"coblocks-shape-divider-12520644978\":{\"backgroundHeight\":{\"height\":90},\"shapeHeight\":{\"height\":132}}}","_coblocks_accordion_ie_support":"","_uag_custom_page_level_css":"","jetpack_post_was_ever_published":false,"footnotes":"","cover_header_url":"https:\/\/pedaleandalucia.com\/rutas\/","cover_header_button_text":"descubre nuestras rutas","cover_header_text":"Traves\u00edas BTT, Road & Gravel por los diferentes Parques Naturales de Andaluc\u00eda"},"translation":{"provider":"WPGlobus","version":"3.0.0","language":"gb","enabled_languages":["es","gb"],"languages":{"es":{"title":true,"content":true,"excerpt":false},"gb":{"title":true,"content":true,"excerpt":false}}},"featured_image_urls":{"full":["https:\/\/i0.wp.com\/pedaleandalucia.com\/wp-content\/uploads\/2020\/01\/fotodron1-2.jpg?fit=1600%2C900&ssl=1",1600,900,false],"thumbnail":["https:\/\/i0.wp.com\/pedaleandalucia.com\/wp-content\/uploads\/2020\/01\/fotodron1-2.jpg?resize=150%2C150&ssl=1",150,150,true],"medium":["https:\/\/i0.wp.com\/pedaleandalucia.com\/wp-content\/uploads\/2020\/01\/fotodron1-2.jpg?fit=300%2C169&ssl=1",300,169,true],"medium_large":["https:\/\/i0.wp.com\/pedaleandalucia.com\/wp-content\/uploads\/2020\/01\/fotodron1-2.jpg?fit=580%2C326&ssl=1",580,326,true],"large":["https:\/\/i0.wp.com\/pedaleandalucia.com\/wp-content\/uploads\/2020\/01\/fotodron1-2.jpg?fit=580%2C326&ssl=1",580,326,true],"1536x1536":["https:\/\/i0.wp.com\/pedaleandalucia.com\/wp-content\/uploads\/2020\/01\/fotodron1-2.jpg?fit=1536%2C864&ssl=1",1536,864,true],"2048x2048":["https:\/\/i0.wp.com\/pedaleandalucia.com\/wp-content\/uploads\/2020\/01\/fotodron1-2.jpg?fit=1600%2C900&ssl=1",1600,900,true],"post-thumbnail":["https:\/\/i0.wp.com\/pedaleandalucia.com\/wp-content\/uploads\/2020\/01\/fotodron1-2.jpg?fit=1200%2C675&ssl=1",1200,675,true],"twentytwenty-fullscreen":["https:\/\/i0.wp.com\/pedaleandalucia.com\/wp-content\/uploads\/2020\/01\/fotodron1-2.jpg?fit=1600%2C900&ssl=1",1600,900,true],"pedalea-landscape":["https:\/\/i0.wp.com\/pedaleandalucia.com\/wp-content\/uploads\/2020\/01\/fotodron1-2.jpg?resize=500%2C250&ssl=1",500,250,true]},"post_excerpt_stackable":"<p>Bicycle Routes throught the Natural Parks of Andaluc\u00eda We offer you the best MTB, Gravel and ROAD routes, to know the spectacular natural surroundings of the region. Also Pedalea Andaluc\u00eda organizes everything you need to enjoy the journey. We take care of everything Travel Design We offer the best tours in each natural park Luggage transport We transport your luggage between the stages Technical service A technical service will be always available, in case there is any problem during the tour<\/p>\n","category_list":"","author_info":{"name":"ignacio","url":"https:\/\/pedaleandalucia.com\/gb\/author\/ignacio\/"},"comments_num":"0 comments","featured_image_urls_v2":{"full":["https:\/\/i0.wp.com\/pedaleandalucia.com\/wp-content\/uploads\/2020\/01\/fotodron1-2.jpg?fit=1600%2C900&ssl=1",1600,900,false],"thumbnail":["https:\/\/i0.wp.com\/pedaleandalucia.com\/wp-content\/uploads\/2020\/01\/fotodron1-2.jpg?resize=150%2C150&ssl=1",150,150,true],"medium":["https:\/\/i0.wp.com\/pedaleandalucia.com\/wp-content\/uploads\/2020\/01\/fotodron1-2.jpg?fit=300%2C169&ssl=1",300,169,true],"medium_large":["https:\/\/i0.wp.com\/pedaleandalucia.com\/wp-content\/uploads\/2020\/01\/fotodron1-2.jpg?fit=580%2C326&ssl=1",580,326,true],"large":["https:\/\/i0.wp.com\/pedaleandalucia.com\/wp-content\/uploads\/2020\/01\/fotodron1-2.jpg?fit=580%2C326&ssl=1",580,326,true],"1536x1536":["https:\/\/i0.wp.com\/pedaleandalucia.com\/wp-content\/uploads\/2020\/01\/fotodron1-2.jpg?fit=1536%2C864&ssl=1",1536,864,true],"2048x2048":["https:\/\/i0.wp.com\/pedaleandalucia.com\/wp-content\/uploads\/2020\/01\/fotodron1-2.jpg?fit=1600%2C900&ssl=1",1600,900,true],"post-thumbnail":["https:\/\/i0.wp.com\/pedaleandalucia.com\/wp-content\/uploads\/2020\/01\/fotodron1-2.jpg?fit=1200%2C675&ssl=1",1200,675,true],"twentytwenty-fullscreen":["https:\/\/i0.wp.com\/pedaleandalucia.com\/wp-content\/uploads\/2020\/01\/fotodron1-2.jpg?fit=1600%2C900&ssl=1",1600,900,true],"pedalea-landscape":["https:\/\/i0.wp.com\/pedaleandalucia.com\/wp-content\/uploads\/2020\/01\/fotodron1-2.jpg?resize=500%2C250&ssl=1",500,250,true]},"post_excerpt_stackable_v2":"<p>Bicycle Routes throught the Natural Parks of Andaluc\u00eda We offer you the best MTB, Gravel and ROAD routes, to know the spectacular natural surroundings of the region. Also Pedalea Andaluc\u00eda organizes everything you need to enjoy the journey. We take care of everything Travel Design We offer the best tours in each natural park Luggage transport We transport your luggage between the stages Technical service A technical service will be always available, in case there is any problem during the tour<\/p>\n","category_list_v2":"","author_info_v2":{"name":"ignacio","url":"https:\/\/pedaleandalucia.com\/gb\/author\/ignacio\/"},"comments_num_v2":"0 comments","uagb_featured_image_src":{"full":["https:\/\/i0.wp.com\/pedaleandalucia.com\/wp-content\/uploads\/2020\/01\/fotodron1-2.jpg?fit=1600%2C900&ssl=1",1600,900,false],"thumbnail":["https:\/\/i0.wp.com\/pedaleandalucia.com\/wp-content\/uploads\/2020\/01\/fotodron1-2.jpg?resize=150%2C150&ssl=1",150,150,true],"medium":["https:\/\/i0.wp.com\/pedaleandalucia.com\/wp-content\/uploads\/2020\/01\/fotodron1-2.jpg?fit=300%2C169&ssl=1",300,169,true],"medium_large":["https:\/\/i0.wp.com\/pedaleandalucia.com\/wp-content\/uploads\/2020\/01\/fotodron1-2.jpg?fit=580%2C326&ssl=1",580,326,true],"large":["https:\/\/i0.wp.com\/pedaleandalucia.com\/wp-content\/uploads\/2020\/01\/fotodron1-2.jpg?fit=580%2C326&ssl=1",580,326,true],"1536x1536":["https:\/\/i0.wp.com\/pedaleandalucia.com\/wp-content\/uploads\/2020\/01\/fotodron1-2.jpg?fit=1536%2C864&ssl=1",1536,864,true],"2048x2048":["https:\/\/i0.wp.com\/pedaleandalucia.com\/wp-content\/uploads\/2020\/01\/fotodron1-2.jpg?fit=1600%2C900&ssl=1",1600,900,true],"post-thumbnail":["https:\/\/i0.wp.com\/pedaleandalucia.com\/wp-content\/uploads\/2020\/01\/fotodron1-2.jpg?fit=1200%2C675&ssl=1",1200,675,true],"twentytwenty-fullscreen":["https:\/\/i0.wp.com\/pedaleandalucia.com\/wp-content\/uploads\/2020\/01\/fotodron1-2.jpg?fit=1600%2C900&ssl=1",1600,900,true],"pedalea-landscape":["https:\/\/i0.wp.com\/pedaleandalucia.com\/wp-content\/uploads\/2020\/01\/fotodron1-2.jpg?resize=500%2C250&ssl=1",500,250,true]},"uagb_author_info":{"display_name":"ignacio","author_link":"https:\/\/pedaleandalucia.com\/gb\/author\/ignacio\/"},"uagb_comment_info":0,"uagb_excerpt":"Bicycle Routes throught the Natural Parks of Andaluc\u00eda We offer you the best MTB, Gravel and ROAD routes, to know the spectacular natural surroundings of the region. Also Pedalea Andaluc\u00eda organizes everything you need to enjoy the journey. We take care of everything","jetpack_sharing_enabled":true,"jetpack_shortlink":"https:\/\/wp.me\/P2Lg6v-z9","jetpack-related-posts":[{"id":1513,"url":"https:\/\/pedaleandalucia.com\/gb\/quienes-somos\/","url_meta":{"origin":2179,"position":0},"title":"QUI\u00c9NES SOMOS","author":"asanchba","date":"February 3, 2017","format":false,"excerpt":"Pedalea Andaluc\u00eda es una empresa especializada en traves\u00edas cicloturistas. Naci\u00f3 con el prop\u00f3sito de promocionar la pr\u00e1ctica del btt en los entornos naturales m\u00e1s importantes de la regi\u00f3n y \u00faltimamente hemos entrado en el campo de las rutas con bicis de carretera. Para ello, hemos contado con el mejor equipo\u2026","rel":"","context":"Similar post","block_context":{"text":"Similar post","link":""},"img":{"alt_text":"","src":"","width":0,"height":0},"classes":[]},{"id":192,"url":"https:\/\/pedaleandalucia.com\/gb\/contacto\/","url_meta":{"origin":2179,"position":1},"title":"Qui\u00e9nes Somos","author":"ignacio","date":"June 9, 2012","format":false,"excerpt":"Pedalea Andaluc\u00eda es una empresa especializada en traves\u00edas cicloturistas. Naci\u00f3 con el prop\u00f3sito de promocionar la pr\u00e1ctica del btt en los entornos naturales m\u00e1s importantes de la regi\u00f3n y \u00faltimamente hemos entrado en el campo de las rutas con bicis de carretera. Para ello, hemos contado con el mejor equipo\u2026","rel":"","context":"Similar post","block_context":{"text":"Similar post","link":""},"img":{"alt_text":"","src":"","width":0,"height":0},"classes":[]},{"id":2067,"url":"https:\/\/pedaleandalucia.com\/gb\/cabo-de-gata-gallery\/","url_meta":{"origin":2179,"position":2},"title":"Cabo de Gata Gallery","author":"ignacio","date":"August 6, 2018","format":false,"excerpt":"","rel":"","context":"Similar post","block_context":{"text":"Similar post","link":""},"img":{"alt_text":"","src":"https:\/\/i0.wp.com\/pedaleandalucia.com\/wp-content\/uploads\/2012\/12\/Llegando-a-Genoveses.jpg?resize=350%2C200","width":350,"height":200},"classes":[]},{"id":485,"url":"https:\/\/pedaleandalucia.com\/gb\/galeria-cabo-de-gata\/","url_meta":{"origin":2179,"position":3},"title":"Galer\u00eda Cabo de Gata","author":"asanchba","date":"December 15, 2012","format":false,"excerpt":"","rel":"","context":"Similar post","block_context":{"text":"Similar post","link":""},"img":{"alt_text":"","src":"https:\/\/i0.wp.com\/pedaleandalucia.com\/wp-content\/uploads\/2012\/12\/Llegando-a-Genoveses.jpg?resize=350%2C200","width":350,"height":200},"classes":[]},{"id":449,"url":"https:\/\/pedaleandalucia.com\/gb\/galeria-de-la-sacacorchos\/","url_meta":{"origin":2179,"position":4},"title":"Galer\u00eda de La SacaCorchos","author":"asanchba","date":"October 8, 2012","format":false,"excerpt":"","rel":"","context":"Similar post","block_context":{"text":"Similar post","link":""},"img":{"alt_text":"","src":"https:\/\/i0.wp.com\/pedaleandalucia.com\/wp-content\/uploads\/2012\/10\/DSCN2450-e1355931537340.jpg?resize=350%2C200","width":350,"height":200},"classes":[]},{"id":201,"url":"https:\/\/pedaleandalucia.com\/gb\/galeria-de-transcazorla\/","url_meta":{"origin":2179,"position":5},"title":"Galer\u00eda de TransCazorla","author":"ignacio","date":"June 9, 2012","format":false,"excerpt":"","rel":"","context":"Similar post","block_context":{"text":"Similar post","link":""},"img":{"alt_text":"","src":"https:\/\/i0.wp.com\/pedaleandalucia.com\/wp-content\/uploads\/2012\/06\/DSCN26431.jpg?resize=350%2C200","width":350,"height":200},"classes":[]}],"_links":{"self":[{"href":"https:\/\/pedaleandalucia.com\/gb\/wp-json\/wp\/v2\/pages\/2179"}],"collection":[{"href":"https:\/\/pedaleandalucia.com\/gb\/wp-json\/wp\/v2\/pages"}],"about":[{"href":"https:\/\/pedaleandalucia.com\/gb\/wp-json\/wp\/v2\/types\/page"}],"author":[{"embeddable":true,"href":"https:\/\/pedaleandalucia.com\/gb\/wp-json\/wp\/v2\/users\/1"}],"replies":[{"embeddable":true,"href":"https:\/\/pedaleandalucia.com\/gb\/wp-json\/wp\/v2\/comments?post=2179"}],"version-history":[{"count":62,"href":"https:\/\/pedaleandalucia.com\/gb\/wp-json\/wp\/v2\/pages\/2179\/revisions"}],"predecessor-version":[{"id":2879,"href":"https:\/\/pedaleandalucia.com\/gb\/wp-json\/wp\/v2\/pages\/2179\/revisions\/2879"}],"wp:featuredmedia":[{"embeddable":true,"href":"https:\/\/pedaleandalucia.com\/gb\/wp-json\/wp\/v2\/media\/2404"}],"wp:attachment":[{"href":"https:\/\/pedaleandalucia.com\/gb\/wp-json\/wp\/v2\/media?parent=2179"}],"curies":[{"name":"wp","href":"https:\/\/api.w.org\/{rel}","templated":true}]}}