{"id":2059,"date":"2019-02-04T16:00:55","date_gmt":"2019-02-04T16:00:55","guid":{"rendered":"http:\/\/pedaleandalucia.com\/?page_id=2059"},"modified":"2019-02-04T16:00:55","modified_gmt":"2019-02-04T16:00:55","slug":"politica-de-privacidad","status":"publish","type":"page","link":"https:\/\/pedaleandalucia.com\/gb\/politica-de-privacidad\/","title":{"rendered":"Pol\u00edtica de privacidad"},"content":{"rendered":"<h2>Qui\u00e9nes somos<\/h2>\n<p>La direcci\u00f3n de nuestra web es: http:\/\/pedaleandalucia.com.<\/p>\n<h2>Qu\u00e9 datos personales recogemos y por qu\u00e9 los recogemos<\/h2>\n<h3>Comentarios<\/h3>\n<p>Cuando los visitantes dejan comentarios en la web, recopilamos los datos que se muestran en el formulario de comentarios, as\u00ed como la direcci\u00f3n IP del visitante y la cadena de agentes de usuario del navegador para ayudar a la detecci\u00f3n de spam.<\/p>\n<p>Una cadena an\u00f3nima creada a partir de tu direcci\u00f3n de correo electr\u00f3nico (tambi\u00e9n llamada hash) puede ser proporcionada al servicio de Gravatar para ver si la est\u00e1s usando. La pol\u00edtica de privacidad del servicio Gravatar est\u00e1 disponible aqu\u00ed: https:\/\/automattic.com\/privacy\/. Despu\u00e9s de la aprobaci\u00f3n de tu comentario, la imagen de tu perfil es visible para el p\u00fablico en el contexto de su comentario.<\/p>\n<h3>Medios<\/h3>\n<p>Si subes im\u00e1genes a la web deber\u00edas evitar subir im\u00e1genes con datos de ubicaci\u00f3n (GPS EXIF) incluidos. Los visitantes de la web pueden descargar y extraer cualquier dato de localizaci\u00f3n de las im\u00e1genes de la web.<\/p>\n<h3>Formularios de contacto<\/h3>\n<h3>Cookies<\/h3>\n<p>Si dejas un comentario en nuestro sitio puedes elegir guardar tu nombre, direcci\u00f3n de correo electr\u00f3nico y web en cookies. Esto es para tu comodidad, para que no tengas que volver a rellenar tus datos cuando dejes otro comentario. Estas cookies tendr\u00e1n una duraci\u00f3n de un a\u00f1o.<\/p>\n<p>Si tienes una cuenta y te conectas a este sitio, instalaremos una cookie temporal para determinar si tu navegador acepta cookies. Esta cookie no contiene datos personales y se elimina al cerrar el navegador.<\/p>\n<p>Cuando inicias sesi\u00f3n, tambi\u00e9n instalaremos varias cookies para guardar tu informaci\u00f3n de inicio de sesi\u00f3n y tus opciones de visualizaci\u00f3n de pantalla. Las cookies de inicio de sesi\u00f3n duran dos d\u00edas, y las cookies de opciones de pantalla duran un a\u00f1o. Si seleccionas &#8220;Recordarme&#8221;, tu inicio de sesi\u00f3n perdurar\u00e1 durante dos semanas. Si sales de tu cuenta, las cookies de inicio de sesi\u00f3n se eliminar\u00e1n.<\/p>\n<p>Si editas o publicas un art\u00edculo se guardar\u00e1 una cookie adicional en tu navegador. Esta cookie no incluye datos personales y simplemente indica el ID del art\u00edculo que acabas de editar. Caduca despu\u00e9s de 1 d\u00eda.<\/p>\n<h3>Contenido incrustado de otros sitios web<\/h3>\n<p>Los art\u00edculos de este sitio pueden incluir contenido incrustado (por ejemplo, v\u00eddeos, im\u00e1genes, art\u00edculos, etc.). El contenido incrustado de otras web se comporta exactamente de la misma manera que si el visitante hubiera visitado la otra web.<\/p>\n<p>Estas web pueden recopilar datos sobre ti, utilizar cookies, incrustar un seguimiento adicional de terceros, y supervisar tu interacci\u00f3n con ese contenido incrustado, incluido el seguimiento de su interacci\u00f3n con el contenido incrustado si tienes una cuenta y est\u00e1s conectado a esa web.<\/p>\n<h3>Anal\u00edtica<\/h3>\n<h2>Con qui\u00e9n compartimos tus datos<\/h2>\n<h2>Cu\u00e1nto tiempo conservamos tus datos<\/h2>\n<p>Si dejas un comentario, el comentario y sus metadatos se conservan indefinidamente. Esto es para que podamos reconocer y aprobar comentarios sucesivos autom\u00e1ticamente en lugar de mantenerlos en una cola de moderaci\u00f3n.<\/p>\n<p>De los usuarios que se registran en nuestra web (si los hay), tambi\u00e9n almacenamos la informaci\u00f3n personal que proporcionan en su perfil de usuario. Todos los usuarios pueden ver, editar o eliminar su informaci\u00f3n personal en cualquier momento (excepto que no pueden cambiar su nombre de usuario). Los administradores de la web tambi\u00e9n pueden ver y editar esa informaci\u00f3n.<\/p>\n<h2>Qu\u00e9 derechos tienes sobre tus datos<\/h2>\n<p>Si tienes una cuenta o has dejado comentarios en esta web, puedes solicitar recibir un archivo de exportaci\u00f3n de los datos personales que tenemos sobre ti, incluyendo cualquier dato que nos hayas proporcionado. Tambi\u00e9n puedes solicitar que eliminemos cualquier dato personal que tengamos sobre ti. Esto no incluye ning\u00fan dato que estemos obligados a conservar con fines administrativos, legales o de seguridad.<\/p>\n<h2>D\u00f3nde enviamos tus datos<\/h2>\n<p>Los comentarios de los visitantes puede que los revise un servicio de detecci\u00f3n autom\u00e1tica de spam.<\/p>\n<h2>Tu informaci\u00f3n de contacto<\/h2>\n<h2>Informaci\u00f3n adicional<\/h2>\n<h3>C\u00f3mo protegemos tus datos<\/h3>\n<h3>Qu\u00e9 procedimientos utilizamos contra las brechas de datos<\/h3>\n<h3>De qu\u00e9 terceros recibimos datos<\/h3>\n<h3>Qu\u00e9 tipo de toma de decisiones automatizada y\/o perfilado hacemos con los datos del usuario<\/h3>\n<h3>Requerimientos regulatorios de revelaci\u00f3n de informaci\u00f3n del sector<\/h3>\n","protected":false},"excerpt":{"rendered":"<p>Qui\u00e9nes somos La direcci\u00f3n de nuestra web es: http:\/\/pedaleandalucia.com. Qu\u00e9 datos personales recogemos y por qu\u00e9 los recogemos Comentarios Cuando los visitantes dejan comentarios en la web, recopilamos los datos que se muestran en el formulario de comentarios, as\u00ed como la direcci\u00f3n IP del visitante y la cadena de agentes de usuario del navegador para [&hellip;]<\/p>\n","protected":false},"author":2,"featured_media":0,"parent":0,"menu_order":0,"comment_status":"closed","ping_status":"closed","template":"","meta":{"_coblocks_attr":"","_coblocks_dimensions":"","_coblocks_responsive_height":"","_coblocks_accordion_ie_support":"","_uag_custom_page_level_css":"","jetpack_post_was_ever_published":false,"footnotes":"","cover_header_url":"","cover_header_button_text":"","cover_header_text":""},"translation":{"provider":"WPGlobus","version":"3.0.0","language":"gb","enabled_languages":["es","gb"],"languages":{"es":{"title":true,"content":true,"excerpt":false},"gb":{"title":false,"content":false,"excerpt":false}}},"featured_image_urls":{"full":"","thumbnail":"","medium":"","medium_large":"","large":"","1536x1536":"","2048x2048":"","post-thumbnail":"","twentytwenty-fullscreen":"","pedalea-landscape":""},"post_excerpt_stackable":"<p>Qui\u00e9nes somos La direcci\u00f3n de nuestra web es: http:\/\/pedaleandalucia.com. Qu\u00e9 datos personales recogemos y por qu\u00e9 los recogemos Comentarios Cuando los visitantes dejan comentarios en la web, recopilamos los datos que se muestran en el formulario de comentarios, as\u00ed como la direcci\u00f3n IP del visitante y la cadena de agentes de usuario del navegador para ayudar a la detecci\u00f3n de spam. Una cadena an\u00f3nima creada a partir de tu direcci\u00f3n de correo electr\u00f3nico (tambi\u00e9n llamada hash) puede ser proporcionada al servicio de Gravatar para ver si la est\u00e1s usando. La pol\u00edtica de privacidad del servicio Gravatar est\u00e1 disponible aqu\u00ed: https:\/\/automattic.com\/privacy\/.&hellip;<\/p>\n","category_list":"","author_info":{"name":"asanchba","url":"https:\/\/pedaleandalucia.com\/gb\/author\/asanchba\/"},"comments_num":"0 comments","featured_image_urls_v2":{"full":"","thumbnail":"","medium":"","medium_large":"","large":"","1536x1536":"","2048x2048":"","post-thumbnail":"","twentytwenty-fullscreen":"","pedalea-landscape":""},"post_excerpt_stackable_v2":"<p>Qui\u00e9nes somos La direcci\u00f3n de nuestra web es: http:\/\/pedaleandalucia.com. Qu\u00e9 datos personales recogemos y por qu\u00e9 los recogemos Comentarios Cuando los visitantes dejan comentarios en la web, recopilamos los datos que se muestran en el formulario de comentarios, as\u00ed como la direcci\u00f3n IP del visitante y la cadena de agentes de usuario del navegador para ayudar a la detecci\u00f3n de spam. Una cadena an\u00f3nima creada a partir de tu direcci\u00f3n de correo electr\u00f3nico (tambi\u00e9n llamada hash) puede ser proporcionada al servicio de Gravatar para ver si la est\u00e1s usando. La pol\u00edtica de privacidad del servicio Gravatar est\u00e1 disponible aqu\u00ed: https:\/\/automattic.com\/privacy\/.&hellip;<\/p>\n","category_list_v2":"","author_info_v2":{"name":"asanchba","url":"https:\/\/pedaleandalucia.com\/gb\/author\/asanchba\/"},"comments_num_v2":"0 comments","uagb_featured_image_src":{"full":false,"thumbnail":false,"medium":false,"medium_large":false,"large":false,"1536x1536":false,"2048x2048":false,"post-thumbnail":false,"twentytwenty-fullscreen":false,"pedalea-landscape":false},"uagb_author_info":{"display_name":"asanchba","author_link":"https:\/\/pedaleandalucia.com\/gb\/author\/asanchba\/"},"uagb_comment_info":0,"uagb_excerpt":"Qui\u00e9nes somos La direcci\u00f3n de nuestra web es: http:\/\/pedaleandalucia.com. Qu\u00e9 datos personales recogemos y por qu\u00e9 los recogemos Comentarios Cuando los visitantes dejan comentarios en la web, recopilamos los datos que se muestran en el formulario de comentarios, as\u00ed como la direcci\u00f3n IP del visitante y la cadena de agentes de usuario del navegador para&hellip;","jetpack_sharing_enabled":true,"jetpack_shortlink":"https:\/\/wp.me\/P2Lg6v-xd","jetpack-related-posts":[{"id":2094,"url":"https:\/\/pedaleandalucia.com\/gb\/travesia-cordoba-sevilla-pedalea-por-el-interior-de-andalucia\/","url_meta":{"origin":2059,"position":0},"title":"Traves\u00eda C\u00f3rdoba-Sevilla. Pedalea por el interior de Andaluc\u00eda.","author":"asanchba","date":"October 18, 2018","format":false,"excerpt":"Esta nueva traves\u00eda de Pedalea Andaluc\u00eda, pretende dar a conocer a todo tipo de ciclistas, desde los m\u00e1s experimentados a los que se est\u00e1n iniciando, la zona de campi\u00f1a y los pueblos m\u00e1s singulares entre C\u00f3rdoba y Sevilla a lo largo de 4 bonitas etapas. Se recorrer\u00e1 a trav\u00e9s de\u2026","rel":"","context":"Similar post","block_context":{"text":"Similar post","link":""},"img":{"alt_text":"","src":"https:\/\/i0.wp.com\/pedaleandalucia.com\/wp-content\/uploads\/2018\/09\/Carmona_foto2-1024x683.jpg?resize=350%2C200","width":350,"height":200,"srcset":"https:\/\/i0.wp.com\/pedaleandalucia.com\/wp-content\/uploads\/2018\/09\/Carmona_foto2-1024x683.jpg?resize=350%2C200 1x, https:\/\/i0.wp.com\/pedaleandalucia.com\/wp-content\/uploads\/2018\/09\/Carmona_foto2-1024x683.jpg?resize=525%2C300 1.5x, https:\/\/i0.wp.com\/pedaleandalucia.com\/wp-content\/uploads\/2018\/09\/Carmona_foto2-1024x683.jpg?resize=700%2C400 2x"},"classes":[]},{"id":563,"url":"https:\/\/pedaleandalucia.com\/gb\/senderos-de-cordoba\/","url_meta":{"origin":2059,"position":1},"title":"Senderos de C\u00f3rdoba","author":"asanchba","date":"December 27, 2012","format":false,"excerpt":"En esta ocasi\u00f3n, el dise\u00f1o de las etapas es totalmente diferente al planteado en el resto de nuestras traves\u00edas, ya que se trata de unas rutas\u00a0circulares que parten de la maravillosa ciudad de C\u00f3rdoba.\u00a0La raz\u00f3n de este cambio es muy sencilla y coincidir\u00e9is con nosotros en cuanto empec\u00e9is a zigzaguear\u2026","rel":"","context":"Similar post","block_context":{"text":"Similar post","link":""},"img":{"alt_text":"","src":"","width":0,"height":0},"classes":[]},{"id":184,"url":"https:\/\/pedaleandalucia.com\/gb\/travesia-1\/","url_meta":{"origin":2059,"position":2},"title":"TransCazorla","author":"ignacio","date":"June 9, 2012","format":false,"excerpt":"\u00a0TransCazorla 4 D\u00edas Es una traves\u00eda de puro mountain bike que transcurre a trav\u00e9s del Parque Natural Sierra de Cazorla, Segura y las Villas en la provincia de Ja\u00e9n. Recorre unos 230km con un desnivel positivo de 5900m en la que podr\u00e9is disfrutar y sufrir con los senderos y trialeras\u00a0\u2026","rel":"","context":"Similar post","block_context":{"text":"Similar post","link":""},"img":{"alt_text":"","src":"https:\/\/i0.wp.com\/pedaleandalucia.com\/wp-content\/uploads\/2012\/06\/IMG_20170602_095739_1-2-e1502299160355-1024x617.jpg?resize=350%2C200","width":350,"height":200,"srcset":"https:\/\/i0.wp.com\/pedaleandalucia.com\/wp-content\/uploads\/2012\/06\/IMG_20170602_095739_1-2-e1502299160355-1024x617.jpg?resize=350%2C200 1x, https:\/\/i0.wp.com\/pedaleandalucia.com\/wp-content\/uploads\/2012\/06\/IMG_20170602_095739_1-2-e1502299160355-1024x617.jpg?resize=525%2C300 1.5x, https:\/\/i0.wp.com\/pedaleandalucia.com\/wp-content\/uploads\/2012\/06\/IMG_20170602_095739_1-2-e1502299160355-1024x617.jpg?resize=700%2C400 2x"},"classes":[]},{"id":1632,"url":"https:\/\/pedaleandalucia.com\/gb\/travesia-del-estecho-btt\/","url_meta":{"origin":2059,"position":3},"title":"Traves\u00eda del Estecho. BTT Al L\u00edmite del Continente.","author":"asanchba","date":"September 3, 2018","format":false,"excerpt":"La Traves\u00eda BTT del Estrecho est\u00e1 dise\u00f1ada para que conozcas la parte m\u00e1s meridional del continente europeo, es un parque natural mar\u00edtimo-terrestre, situado entre el Atl\u00e1ntico y el Mediterr\u00e1neo, que alberga una gran riqueza natural de gran singularidad y un profundo patrimonio cultural de civilizaciones antiguas. Desde el primer d\u00eda\u2026","rel":"","context":"Similar post","block_context":{"text":"Similar post","link":""},"img":{"alt_text":"","src":"https:\/\/i0.wp.com\/pedaleandalucia.com\/wp-content\/uploads\/2017\/08\/web1-e1501775746500-300x169.jpg?resize=350%2C200","width":350,"height":200,"srcset":"https:\/\/i0.wp.com\/pedaleandalucia.com\/wp-content\/uploads\/2017\/08\/web1-e1501775746500-300x169.jpg?resize=350%2C200 1x, https:\/\/i0.wp.com\/pedaleandalucia.com\/wp-content\/uploads\/2017\/08\/web1-e1501775746500-300x169.jpg?resize=525%2C300 1.5x, https:\/\/i0.wp.com\/pedaleandalucia.com\/wp-content\/uploads\/2017\/08\/web1-e1501775746500-300x169.jpg?resize=700%2C400 2x, https:\/\/i0.wp.com\/pedaleandalucia.com\/wp-content\/uploads\/2017\/08\/web1-e1501775746500-300x169.jpg?resize=1050%2C600 3x"},"classes":[]},{"id":1374,"url":"https:\/\/pedaleandalucia.com\/gb\/transcazorla-road\/","url_meta":{"origin":2059,"position":4},"title":"TransCazorla ROAD","author":"asanchba","date":"March 27, 2016","format":false,"excerpt":"Cicloturismo en estado puro, TRANSCAZORLA ROAD. En esta ocasi\u00f3n hemos dise\u00f1ado\u00a0un recorrido casi perimetral del Parque Natural de Sierra de Cazorla, Segura y las Villas a trav\u00e9s del cual recorrer\u00e9is las zonas m\u00e1s remotas y solitarias del parque. Carreteras de monta\u00f1a generalmente en buenas condiciones, donde el tr\u00e1fico es meramente\u2026","rel":"","context":"Similar post","block_context":{"text":"Similar post","link":""},"img":{"alt_text":"","src":"https:\/\/i0.wp.com\/pedaleandalucia.com\/wp-content\/uploads\/2016\/03\/foto-web-e1502295825104-1024x641.jpg?resize=350%2C200","width":350,"height":200,"srcset":"https:\/\/i0.wp.com\/pedaleandalucia.com\/wp-content\/uploads\/2016\/03\/foto-web-e1502295825104-1024x641.jpg?resize=350%2C200 1x, https:\/\/i0.wp.com\/pedaleandalucia.com\/wp-content\/uploads\/2016\/03\/foto-web-e1502295825104-1024x641.jpg?resize=525%2C300 1.5x, https:\/\/i0.wp.com\/pedaleandalucia.com\/wp-content\/uploads\/2016\/03\/foto-web-e1502295825104-1024x641.jpg?resize=700%2C400 2x"},"classes":[]},{"id":474,"url":"https:\/\/pedaleandalucia.com\/gb\/cabo-de-gata\/","url_meta":{"origin":2059,"position":5},"title":"Cabo de Gata MTB Route","author":"asanchba","date":"December 15, 2012","format":false,"excerpt":"Crossing the Natural Park of Cabo de Gata in Alemr\u00eda, is certainly one of the most special we have done. The environment is not the usual the bikers are used to see, arid landscapes as a result of a past volcanics easide. Pedaling the 130 km you will visit the\u2026","rel":"","context":"Similar post","block_context":{"text":"Similar post","link":""},"img":{"alt_text":"","src":"https:\/\/i0.wp.com\/pedaleandalucia.com\/wp-content\/uploads\/2019\/11\/Monsul-3.jpg?fit=1024%2C678&ssl=1&resize=350%2C200","width":350,"height":200,"srcset":"https:\/\/i0.wp.com\/pedaleandalucia.com\/wp-content\/uploads\/2019\/11\/Monsul-3.jpg?fit=1024%2C678&ssl=1&resize=350%2C200 1x, https:\/\/i0.wp.com\/pedaleandalucia.com\/wp-content\/uploads\/2019\/11\/Monsul-3.jpg?fit=1024%2C678&ssl=1&resize=525%2C300 1.5x, https:\/\/i0.wp.com\/pedaleandalucia.com\/wp-content\/uploads\/2019\/11\/Monsul-3.jpg?fit=1024%2C678&ssl=1&resize=700%2C400 2x"},"classes":[]}],"_links":{"self":[{"href":"https:\/\/pedaleandalucia.com\/gb\/wp-json\/wp\/v2\/pages\/2059"}],"collection":[{"href":"https:\/\/pedaleandalucia.com\/gb\/wp-json\/wp\/v2\/pages"}],"about":[{"href":"https:\/\/pedaleandalucia.com\/gb\/wp-json\/wp\/v2\/types\/page"}],"author":[{"embeddable":true,"href":"https:\/\/pedaleandalucia.com\/gb\/wp-json\/wp\/v2\/users\/2"}],"replies":[{"embeddable":true,"href":"https:\/\/pedaleandalucia.com\/gb\/wp-json\/wp\/v2\/comments?post=2059"}],"version-history":[{"count":1,"href":"https:\/\/pedaleandalucia.com\/gb\/wp-json\/wp\/v2\/pages\/2059\/revisions"}],"predecessor-version":[{"id":2129,"href":"https:\/\/pedaleandalucia.com\/gb\/wp-json\/wp\/v2\/pages\/2059\/revisions\/2129"}],"wp:attachment":[{"href":"https:\/\/pedaleandalucia.com\/gb\/wp-json\/wp\/v2\/media?parent=2059"}],"curies":[{"name":"wp","href":"https:\/\/api.w.org\/{rel}","templated":true}]}}