{"id":184,"date":"2012-06-09T16:54:04","date_gmt":"2012-06-09T16:54:04","guid":{"rendered":"http:\/\/pedaleandalucia.com\/?page_id=184"},"modified":"2025-11-15T10:50:36","modified_gmt":"2025-11-15T10:50:36","slug":"travesia-1","status":"publish","type":"page","link":"https:\/\/pedaleandalucia.com\/gb\/travesia-1\/","title":{"rendered":"TransCazorla"},"content":{"rendered":"<h3><img loading=\"lazy\" decoding=\"async\" data-attachment-id=\"1663\" data-permalink=\"https:\/\/pedaleandalucia.com\/gb\/travesia-1\/img_20170602_095739_1-2\/\" data-orig-file=\"https:\/\/i0.wp.com\/pedaleandalucia.com\/wp-content\/uploads\/2012\/06\/IMG_20170602_095739_1-2-e1502299160355.jpg?fit=4139%2C2495&amp;ssl=1\" data-orig-size=\"4139,2495\" data-comments-opened=\"0\" data-image-meta=\"{&quot;aperture&quot;:&quot;2.2&quot;,&quot;credit&quot;:&quot;&quot;,&quot;camera&quot;:&quot;Aquaris U&quot;,&quot;caption&quot;:&quot;&quot;,&quot;created_timestamp&quot;:&quot;0&quot;,&quot;copyright&quot;:&quot;&quot;,&quot;focal_length&quot;:&quot;3.4&quot;,&quot;iso&quot;:&quot;100&quot;,&quot;shutter_speed&quot;:&quot;0.00564971751412&quot;,&quot;title&quot;:&quot;&quot;,&quot;orientation&quot;:&quot;1&quot;}\" data-image-title=\"Camino a Riogazas\" data-image-description=\"\" data-image-caption=\"\" data-medium-file=\"https:\/\/i0.wp.com\/pedaleandalucia.com\/wp-content\/uploads\/2012\/06\/IMG_20170602_095739_1-2-e1502299160355.jpg?fit=300%2C181&amp;ssl=1\" data-large-file=\"https:\/\/i0.wp.com\/pedaleandalucia.com\/wp-content\/uploads\/2012\/06\/IMG_20170602_095739_1-2-e1502299160355.jpg?fit=580%2C349&amp;ssl=1\" class=\"alignleft wp-image-1663 size-large\" src=\"https:\/\/i0.wp.com\/pedaleandalucia.com\/wp-content\/uploads\/2012\/06\/IMG_20170602_095739_1-2-e1502299160355-1024x617.jpg?resize=580%2C349\" alt=\"\" width=\"580\" height=\"349\" srcset=\"https:\/\/i0.wp.com\/pedaleandalucia.com\/wp-content\/uploads\/2012\/06\/IMG_20170602_095739_1-2-e1502299160355.jpg?resize=1024%2C617&amp;ssl=1 1024w, https:\/\/i0.wp.com\/pedaleandalucia.com\/wp-content\/uploads\/2012\/06\/IMG_20170602_095739_1-2-e1502299160355.jpg?resize=300%2C181&amp;ssl=1 300w, https:\/\/i0.wp.com\/pedaleandalucia.com\/wp-content\/uploads\/2012\/06\/IMG_20170602_095739_1-2-e1502299160355.jpg?resize=768%2C463&amp;ssl=1 768w, https:\/\/i0.wp.com\/pedaleandalucia.com\/wp-content\/uploads\/2012\/06\/IMG_20170602_095739_1-2-e1502299160355.jpg?resize=400%2C241&amp;ssl=1 400w, https:\/\/i0.wp.com\/pedaleandalucia.com\/wp-content\/uploads\/2012\/06\/IMG_20170602_095739_1-2-e1502299160355.jpg?w=1160&amp;ssl=1 1160w, https:\/\/i0.wp.com\/pedaleandalucia.com\/wp-content\/uploads\/2012\/06\/IMG_20170602_095739_1-2-e1502299160355.jpg?w=1740&amp;ssl=1 1740w\" sizes=\"(max-width: 580px) 100vw, 580px\" data-recalc-dims=\"1\" \/><\/h3>\n<h3>\u00a0TransCazorla 4 D\u00edas<\/h3>\n<p>Es una traves\u00eda de puro mountain bike que transcurre a trav\u00e9s del Parque Natural Sierra de Cazorla, Segura y las Villas en la provincia de Ja\u00e9n. Recorre unos 230km con un desnivel positivo de 5900m en la que podr\u00e9is disfrutar y sufrir con los senderos y trialeras\u00a0 por las que montar\u00e9is. Partiendo desde Cazorla, ir\u00e9is descubriendo el parque natural pasando por los lugares m\u00e1s emblem\u00e1ticos, pero tambi\u00e9n por los m\u00e1s despoblados y solitarios siendo \u00e9sta, la mejor forma de ver la fauna salvaje del parque. Las etapas de la TransCazorla\u00a0 tienen las siguientes caracter\u00edsticas:<\/p>\n<h3><\/h3>\n<ul>\n<li><span style=\"color: #85cd31;\">Etapa 1:\u00a0 Cazorla \u2013 La Bolera. 62 km y 1820 m de desnivel acumulado.<\/span><\/li>\n<li><span style=\"color: #85cd31;\">Etapa 2:\u00a0 La Bolera \u2013 Pontones. 71\u00a0km\u00a0 y 1310\u00a0m de desnivel acumulado.<\/span><\/li>\n<li><span style=\"color: #85cd31;\">Etapa 3:\u00a0 Pontones \u2013 Coto Rios. 57 km y 920 m de desnivel acumulado.<\/span><\/li>\n<li><span style=\"color: #85cd31;\">Etapa 4:\u00a0 Coto Rios \u2013 Cazorla. 53 km y\u00a0 1560 m de desnivel acumulado.<\/span><\/li>\n<\/ul>\n<h3><\/h3>\n<h3>\u00a0TransCazorla 3 D\u00edas<\/h3>\n<p>En la Transcazorla de 3 d\u00edas vas a pedalear por lo m\u00e1s profundo del valle del Guadalquivir. \u00c9sta es una opci\u00f3n ideal para todos aquellos bikers que dispongan del tiempo justo para conocer la zona, llev\u00e1ndose de esta forma, una buena idea de lo que es el P.N Sierra de Cazorla, Segura y las Villas.<\/p>\n<ul>\n<li><span style=\"color: #99cc00;\">Etapa 1:\u00a0 Cazorla \u2013 Arroyo Fr\u00edo. 52 km y 1600 m de desnivel acumulado.<\/span><\/li>\n<li><span style=\"color: #99cc00;\">Etapa 2:\u00a0 Arroyo Fr\u00edo \u2013 Coto R\u00edos. 41 km\u00a0 y 820\u00a0m de desnivel acumulado.<\/span><\/li>\n<li><span style=\"color: #99cc00;\">Etapa 3:\u00a0 Coto Rios \u2013 Cazorla. 33 km y\u00a0 1020 m de desnivel acumulado.<\/span><span style=\"color: #85cd31;\">\u00a0\u00a0<\/span><\/li>\n<\/ul>\n<p style=\"text-align: left;\"><span style=\"color: #85cd31;\">\u00a0 \u00a0 \u00a0 \u00a0 \u00a0 \u00a0 \u00a0<\/span><\/p>\n<h3><\/h3>\n<p>Es necesario una preparaci\u00f3n f\u00edsica previa para afrontar con garant\u00edas la finalizaci\u00f3n de todo el recorrido. La contrataci\u00f3n de la TransCazorla incluye:<\/p>\n<ul>\n<li><span style=\"color: #99cc00;\">\u00a0 \u00a0 \u00a0 \u00a0 \u00a0 Obsequios de bienvenida.<\/span><\/li>\n<li><span style=\"color: #99cc00;\">\u00a0 \u00a0 \u00a0 \u00a0 \u00a0 Tracks de las etapas.<\/span><\/li>\n<li><span style=\"color: #99cc00;\">\u00a0 \u00a0 \u00a0 \u00a0 \u00a0 Transporte de equipaje (1 bolsa x persona).<\/span><\/li>\n<li><span style=\"color: #99cc00;\">\u00a0 \u00a0 \u00a0 \u00a0 \u00a0 Servicio t\u00e9cnico durante la ruta.<\/span><\/li>\n<li><span style=\"color: #99cc00;\">\u00a0 \u00a0 \u00a0 \u00a0 \u00a0 Gesti\u00f3n de reserva de los alojamientos.<\/span><\/li>\n<li>\u00a0 \u00a0 \u00a0 \u00a0 \u00a0 <span style=\"color: #99cc00;\">Maillot de recuerdo.<\/span><\/li>\n<\/ul>\n<p>El precio de la ruta de 4 d\u00edas es de 220\u20ac, la de 3 d\u00edas es de 185\u20ac* Alojamiento no incluido.<\/p>\n<h3><span style=\"color: #99cc00;\"><strong>REGLAMENTO<\/strong><\/span><\/h3>\n<p>La TransCazorla\u00a0s\u00f3lo puede hacerse con reserva previa a trav\u00e9s de nuestro formulario web, o contactando directamente con Pedalea Andaluc\u00eda. Antes de iniciar el recorrido, los participantes recibir\u00e1n una explicaci\u00f3n de la ruta y podr\u00e1n recoger sus obsequios de bienvenida.<\/p>\n<h3><span style=\"color: #99cc00;\"><strong>FORMALIZACI\u00d3N DE LA RESERVA<\/strong><\/span><\/h3>\n<p>Las reservas se formalizar\u00e1n con una paga y se\u00f1al de 15 euros por persona. La totalidad del importe se deber\u00e1 pagar con un m\u00ednimo de 15 d\u00edas antes de iniciar la traves\u00eda. Si la reserva se efect\u00faa 15 d\u00edas antes (o menos) de iniciar el itinerario de TransCazorla, habr\u00e1 que abonar directamente el importe completo.<\/p>\n<h3><span style=\"color: #99cc00;\"><strong>CANCELACIONES <\/strong><\/span><\/h3>\n<p>Anulando hasta 15 d\u00edas antes del inicio de la traves\u00eda se devolver\u00e1 el importe \u00edntegro. Anulando dentro de los 15 d\u00edas previos y antes de 2 d\u00edas del inicio de la traves\u00eda, se perder\u00e1 la totalidad de la paga y se\u00f1al. Anulando el d\u00eda antes de empezar, el mismo d\u00eda de empezar o durante la traves\u00eda se perder\u00e1 el importe \u00edntegro de la reserva.\u00a0Se considera &#8220;d\u00eda de inicio de la traves\u00eda&#8221; el mismo d\u00eda en que ya hay contratados servicios. Si se produce anulaci\u00f3n de una reserva o parte de ella (p. ej. alguna persona del grupo se da de baja) y ya se ha entregado el pack de bienvenida o parte de \u00e9l (p.ej. env\u00edo del track) se perder\u00e1 el importe \u00edntegro de la reserva, independientemente de la fecha en que se produzca dicha anulaci\u00f3n.<\/p>\n<h3><strong style=\"color: #99cc00;\">ABANDONOS<\/strong><\/h3>\n<p>Si por cualquier motivo se tiene que abandonar, es imprescindible avisar a la organizaci\u00f3n de <strong><span style=\"color: #99cc00;\">Pedalea Andaluc\u00eda<\/span>.<\/strong>En la hoja\u00a0 de ruta que se entrega en el momento de recoger el pack de bienvenida, se\u00a0 facilitan\u00a0n\u00fameros de tel\u00e9fono de servicios de taxi.<\/p>\n<h3><span style=\"color: #99cc00;\"><strong>RECOMENDACIONES GENERALES<\/strong><\/span><\/h3>\n<p>Los participantes deber\u00e1n aportar el material personal m\u00ednimo para realizar la actividad, as\u00ed como una bicicleta en condiciones y un equipo de reparaciones m\u00ednimo. El respeto al entorno es absolutamente prioritario, la conducci\u00f3n durante el recorrido ser\u00e1 lo menos agresiva posible, nunca se ensuciar\u00e1 el entorno de ninguna forma y se respetar\u00e1n las normas establecidas por la Direcci\u00f3n del Parque, Organismos competentes o propietarios de los terrenos de paso. Es importante considerar los aspectos peso\/volumen a la hora de preparar el equipaje a transportar durante la traves\u00eda ya que el servicio de transporte de equipaje incluye exclusivamente una bolsa por persona.<\/p>\n<h3>\u00a0<a href=\"http:\/\/wp.me\/P2Lg6v-oz\"><img loading=\"lazy\" decoding=\"async\" data-attachment-id=\"1531\" data-permalink=\"https:\/\/pedaleandalucia.com\/gb\/senderos-de-cordoba\/contacto-2\/\" data-orig-file=\"https:\/\/i0.wp.com\/pedaleandalucia.com\/wp-content\/uploads\/2017\/02\/CONTACTO.jpg?fit=591%2C261&amp;ssl=1\" data-orig-size=\"591,261\" data-comments-opened=\"0\" data-image-meta=\"{&quot;aperture&quot;:&quot;0&quot;,&quot;credit&quot;:&quot;&quot;,&quot;camera&quot;:&quot;&quot;,&quot;caption&quot;:&quot;&quot;,&quot;created_timestamp&quot;:&quot;0&quot;,&quot;copyright&quot;:&quot;&quot;,&quot;focal_length&quot;:&quot;0&quot;,&quot;iso&quot;:&quot;0&quot;,&quot;shutter_speed&quot;:&quot;0&quot;,&quot;title&quot;:&quot;&quot;,&quot;orientation&quot;:&quot;0&quot;}\" data-image-title=\"CONTACTO\" data-image-description=\"\" data-image-caption=\"\" data-medium-file=\"https:\/\/i0.wp.com\/pedaleandalucia.com\/wp-content\/uploads\/2017\/02\/CONTACTO.jpg?fit=300%2C132&amp;ssl=1\" data-large-file=\"https:\/\/i0.wp.com\/pedaleandalucia.com\/wp-content\/uploads\/2017\/02\/CONTACTO.jpg?fit=580%2C256&amp;ssl=1\" class=\"size-medium wp-image-1531 aligncenter\" src=\"https:\/\/i0.wp.com\/pedaleandalucia.com\/wp-content\/uploads\/2017\/02\/CONTACTO-300x132.jpg?resize=300%2C132\" alt=\"\" width=\"300\" height=\"132\" srcset=\"https:\/\/i0.wp.com\/pedaleandalucia.com\/wp-content\/uploads\/2017\/02\/CONTACTO.jpg?resize=300%2C132&amp;ssl=1 300w, https:\/\/i0.wp.com\/pedaleandalucia.com\/wp-content\/uploads\/2017\/02\/CONTACTO.jpg?resize=400%2C177&amp;ssl=1 400w, https:\/\/i0.wp.com\/pedaleandalucia.com\/wp-content\/uploads\/2017\/02\/CONTACTO.jpg?w=591&amp;ssl=1 591w\" sizes=\"(max-width: 300px) 100vw, 300px\" data-recalc-dims=\"1\" \/><\/a><\/h3>\n","protected":false},"excerpt":{"rendered":"<p>\u00a0TransCazorla 4 D\u00edas Es una traves\u00eda de puro mountain bike que transcurre a trav\u00e9s del Parque Natural Sierra de Cazorla, Segura y las Villas en la provincia de Ja\u00e9n. Recorre unos 230km con un desnivel positivo de 5900m en la que podr\u00e9is disfrutar y sufrir con los senderos y trialeras\u00a0 por las que montar\u00e9is. Partiendo [&hellip;]<\/p>\n","protected":false},"author":1,"featured_media":0,"parent":0,"menu_order":0,"comment_status":"open","ping_status":"open","template":"","meta":{"_coblocks_attr":"","_coblocks_dimensions":"","_coblocks_responsive_height":"","_coblocks_accordion_ie_support":"","_uag_custom_page_level_css":"","jetpack_post_was_ever_published":false,"footnotes":"","cover_header_url":"","cover_header_button_text":"","cover_header_text":""},"translation":{"provider":"WPGlobus","version":"3.0.0","language":"gb","enabled_languages":["es","gb"],"languages":{"es":{"title":true,"content":true,"excerpt":false},"gb":{"title":false,"content":false,"excerpt":false}}},"featured_image_urls":{"full":"","thumbnail":"","medium":"","medium_large":"","large":"","1536x1536":"","2048x2048":"","post-thumbnail":"","twentytwenty-fullscreen":"","pedalea-landscape":""},"post_excerpt_stackable":"<p>\u00a0TransCazorla 4 D\u00edas Es una traves\u00eda de puro mountain bike que transcurre a trav\u00e9s del Parque Natural Sierra de Cazorla, Segura y las Villas en la provincia de Ja\u00e9n. Recorre unos 230km con un desnivel positivo de 5900m en la que podr\u00e9is disfrutar y sufrir con los senderos y trialeras\u00a0 por las que montar\u00e9is. Partiendo desde Cazorla, ir\u00e9is descubriendo el parque natural pasando por los lugares m\u00e1s emblem\u00e1ticos, pero tambi\u00e9n por los m\u00e1s despoblados y solitarios siendo \u00e9sta, la mejor forma de ver la fauna salvaje del parque. Las etapas de la TransCazorla\u00a0 tienen las siguientes caracter\u00edsticas: Etapa 1:\u00a0 Cazorla&hellip;<\/p>\n","category_list":"","author_info":{"name":"ignacio","url":"https:\/\/pedaleandalucia.com\/gb\/author\/ignacio\/"},"comments_num":"0 comments","featured_image_urls_v2":{"full":"","thumbnail":"","medium":"","medium_large":"","large":"","1536x1536":"","2048x2048":"","post-thumbnail":"","twentytwenty-fullscreen":"","pedalea-landscape":""},"post_excerpt_stackable_v2":"<p>\u00a0TransCazorla 4 D\u00edas Es una traves\u00eda de puro mountain bike que transcurre a trav\u00e9s del Parque Natural Sierra de Cazorla, Segura y las Villas en la provincia de Ja\u00e9n. Recorre unos 230km con un desnivel positivo de 5900m en la que podr\u00e9is disfrutar y sufrir con los senderos y trialeras\u00a0 por las que montar\u00e9is. Partiendo desde Cazorla, ir\u00e9is descubriendo el parque natural pasando por los lugares m\u00e1s emblem\u00e1ticos, pero tambi\u00e9n por los m\u00e1s despoblados y solitarios siendo \u00e9sta, la mejor forma de ver la fauna salvaje del parque. Las etapas de la TransCazorla\u00a0 tienen las siguientes caracter\u00edsticas: Etapa 1:\u00a0 Cazorla&hellip;<\/p>\n","category_list_v2":"","author_info_v2":{"name":"ignacio","url":"https:\/\/pedaleandalucia.com\/gb\/author\/ignacio\/"},"comments_num_v2":"0 comments","uagb_featured_image_src":{"full":false,"thumbnail":false,"medium":false,"medium_large":false,"large":false,"1536x1536":false,"2048x2048":false,"post-thumbnail":false,"twentytwenty-fullscreen":false,"pedalea-landscape":false},"uagb_author_info":{"display_name":"ignacio","author_link":"https:\/\/pedaleandalucia.com\/gb\/author\/ignacio\/"},"uagb_comment_info":0,"uagb_excerpt":"\u00a0TransCazorla 4 D\u00edas Es una traves\u00eda de puro mountain bike que transcurre a trav\u00e9s del Parque Natural Sierra de Cazorla, Segura y las Villas en la provincia de Ja\u00e9n. Recorre unos 230km con un desnivel positivo de 5900m en la que podr\u00e9is disfrutar y sufrir con los senderos y trialeras\u00a0 por las que montar\u00e9is. Partiendo&hellip;","jetpack_sharing_enabled":true,"jetpack_shortlink":"https:\/\/wp.me\/P2Lg6v-2Y","jetpack-related-posts":[{"id":1374,"url":"https:\/\/pedaleandalucia.com\/gb\/transcazorla-road\/","url_meta":{"origin":184,"position":0},"title":"TransCazorla ROAD","author":"asanchba","date":"March 27, 2016","format":false,"excerpt":"Cicloturismo en estado puro, TRANSCAZORLA ROAD. En esta ocasi\u00f3n hemos dise\u00f1ado\u00a0un recorrido casi perimetral del Parque Natural de Sierra de Cazorla, Segura y las Villas a trav\u00e9s del cual recorrer\u00e9is las zonas m\u00e1s remotas y solitarias del parque. Carreteras de monta\u00f1a generalmente en buenas condiciones, donde el tr\u00e1fico es meramente\u2026","rel":"","context":"Similar post","block_context":{"text":"Similar post","link":""},"img":{"alt_text":"","src":"https:\/\/i0.wp.com\/pedaleandalucia.com\/wp-content\/uploads\/2016\/03\/foto-web-e1502295825104-1024x641.jpg?resize=350%2C200","width":350,"height":200,"srcset":"https:\/\/i0.wp.com\/pedaleandalucia.com\/wp-content\/uploads\/2016\/03\/foto-web-e1502295825104-1024x641.jpg?resize=350%2C200 1x, https:\/\/i0.wp.com\/pedaleandalucia.com\/wp-content\/uploads\/2016\/03\/foto-web-e1502295825104-1024x641.jpg?resize=525%2C300 1.5x, https:\/\/i0.wp.com\/pedaleandalucia.com\/wp-content\/uploads\/2016\/03\/foto-web-e1502295825104-1024x641.jpg?resize=700%2C400 2x"},"classes":[]},{"id":201,"url":"https:\/\/pedaleandalucia.com\/gb\/galeria-de-transcazorla\/","url_meta":{"origin":184,"position":1},"title":"Galer\u00eda de TransCazorla","author":"ignacio","date":"June 9, 2012","format":false,"excerpt":"","rel":"","context":"Similar post","block_context":{"text":"Similar post","link":""},"img":{"alt_text":"","src":"https:\/\/i0.wp.com\/pedaleandalucia.com\/wp-content\/uploads\/2012\/06\/DSCN26431.jpg?resize=350%2C200","width":350,"height":200},"classes":[]},{"id":2094,"url":"https:\/\/pedaleandalucia.com\/gb\/travesia-cordoba-sevilla-pedalea-por-el-interior-de-andalucia\/","url_meta":{"origin":184,"position":2},"title":"Traves\u00eda C\u00f3rdoba-Sevilla. Pedalea por el interior de Andaluc\u00eda.","author":"asanchba","date":"October 18, 2018","format":false,"excerpt":"Esta nueva traves\u00eda de Pedalea Andaluc\u00eda, pretende dar a conocer a todo tipo de ciclistas, desde los m\u00e1s experimentados a los que se est\u00e1n iniciando, la zona de campi\u00f1a y los pueblos m\u00e1s singulares entre C\u00f3rdoba y Sevilla a lo largo de 4 bonitas etapas. Se recorrer\u00e1 a trav\u00e9s de\u2026","rel":"","context":"Similar post","block_context":{"text":"Similar post","link":""},"img":{"alt_text":"","src":"https:\/\/i0.wp.com\/pedaleandalucia.com\/wp-content\/uploads\/2018\/09\/Carmona_foto2-1024x683.jpg?resize=350%2C200","width":350,"height":200,"srcset":"https:\/\/i0.wp.com\/pedaleandalucia.com\/wp-content\/uploads\/2018\/09\/Carmona_foto2-1024x683.jpg?resize=350%2C200 1x, https:\/\/i0.wp.com\/pedaleandalucia.com\/wp-content\/uploads\/2018\/09\/Carmona_foto2-1024x683.jpg?resize=525%2C300 1.5x, https:\/\/i0.wp.com\/pedaleandalucia.com\/wp-content\/uploads\/2018\/09\/Carmona_foto2-1024x683.jpg?resize=700%2C400 2x"},"classes":[]},{"id":1632,"url":"https:\/\/pedaleandalucia.com\/gb\/travesia-del-estecho-btt\/","url_meta":{"origin":184,"position":3},"title":"Traves\u00eda del Estecho. BTT Al L\u00edmite del Continente.","author":"asanchba","date":"September 3, 2018","format":false,"excerpt":"La Traves\u00eda BTT del Estrecho est\u00e1 dise\u00f1ada para que conozcas la parte m\u00e1s meridional del continente europeo, es un parque natural mar\u00edtimo-terrestre, situado entre el Atl\u00e1ntico y el Mediterr\u00e1neo, que alberga una gran riqueza natural de gran singularidad y un profundo patrimonio cultural de civilizaciones antiguas. Desde el primer d\u00eda\u2026","rel":"","context":"Similar post","block_context":{"text":"Similar post","link":""},"img":{"alt_text":"","src":"https:\/\/i0.wp.com\/pedaleandalucia.com\/wp-content\/uploads\/2017\/08\/web1-e1501775746500-300x169.jpg?resize=350%2C200","width":350,"height":200,"srcset":"https:\/\/i0.wp.com\/pedaleandalucia.com\/wp-content\/uploads\/2017\/08\/web1-e1501775746500-300x169.jpg?resize=350%2C200 1x, https:\/\/i0.wp.com\/pedaleandalucia.com\/wp-content\/uploads\/2017\/08\/web1-e1501775746500-300x169.jpg?resize=525%2C300 1.5x, https:\/\/i0.wp.com\/pedaleandalucia.com\/wp-content\/uploads\/2017\/08\/web1-e1501775746500-300x169.jpg?resize=700%2C400 2x, https:\/\/i0.wp.com\/pedaleandalucia.com\/wp-content\/uploads\/2017\/08\/web1-e1501775746500-300x169.jpg?resize=1050%2C600 3x"},"classes":[]},{"id":1449,"url":"https:\/\/pedaleandalucia.com\/gb\/galeria-de-transcazorla-road\/","url_meta":{"origin":184,"position":4},"title":"Galer\u00eda de TransCazorla Road","author":"asanchba","date":"March 27, 2016","format":false,"excerpt":"","rel":"","context":"Similar post","block_context":{"text":"Similar post","link":""},"img":{"alt_text":"","src":"https:\/\/i0.wp.com\/pedaleandalucia.com\/wp-content\/uploads\/2016\/03\/imagen-destacada-e1461058607620.jpg?resize=350%2C200","width":350,"height":200},"classes":[]},{"id":762,"url":"https:\/\/pedaleandalucia.com\/gb\/travesias\/","url_meta":{"origin":184,"position":5},"title":"NUESTRAS TRAVES\u00cdAS","author":"asanchba","date":"February 22, 2013","format":false,"excerpt":"[:es] [:en] [:]","rel":"","context":"Similar post","block_context":{"text":"Similar post","link":""},"img":{"alt_text":"","src":"https:\/\/i0.wp.com\/pedaleandalucia.com\/wp-content\/uploads\/2018\/10\/Campi\u00c3\u00b1a1-1024x249.jpg?resize=350%2C200","width":350,"height":200,"srcset":"https:\/\/i0.wp.com\/pedaleandalucia.com\/wp-content\/uploads\/2018\/10\/Campi\u00c3\u00b1a1-1024x249.jpg?resize=350%2C200 1x, https:\/\/i0.wp.com\/pedaleandalucia.com\/wp-content\/uploads\/2018\/10\/Campi\u00c3\u00b1a1-1024x249.jpg?resize=525%2C300 1.5x, https:\/\/i0.wp.com\/pedaleandalucia.com\/wp-content\/uploads\/2018\/10\/Campi\u00c3\u00b1a1-1024x249.jpg?resize=700%2C400 2x"},"classes":[]}],"_links":{"self":[{"href":"https:\/\/pedaleandalucia.com\/gb\/wp-json\/wp\/v2\/pages\/184"}],"collection":[{"href":"https:\/\/pedaleandalucia.com\/gb\/wp-json\/wp\/v2\/pages"}],"about":[{"href":"https:\/\/pedaleandalucia.com\/gb\/wp-json\/wp\/v2\/types\/page"}],"author":[{"embeddable":true,"href":"https:\/\/pedaleandalucia.com\/gb\/wp-json\/wp\/v2\/users\/1"}],"replies":[{"embeddable":true,"href":"https:\/\/pedaleandalucia.com\/gb\/wp-json\/wp\/v2\/comments?post=184"}],"version-history":[{"count":61,"href":"https:\/\/pedaleandalucia.com\/gb\/wp-json\/wp\/v2\/pages\/184\/revisions"}],"predecessor-version":[{"id":2946,"href":"https:\/\/pedaleandalucia.com\/gb\/wp-json\/wp\/v2\/pages\/184\/revisions\/2946"}],"wp:attachment":[{"href":"https:\/\/pedaleandalucia.com\/gb\/wp-json\/wp\/v2\/media?parent=184"}],"curies":[{"name":"wp","href":"https:\/\/api.w.org\/{rel}","templated":true}]}}