{"id":1632,"date":"2018-09-03T11:03:46","date_gmt":"2018-09-03T11:03:46","guid":{"rendered":"http:\/\/pedaleandalucia.com\/?page_id=1632"},"modified":"2024-01-30T18:50:27","modified_gmt":"2024-01-30T18:50:27","slug":"travesia-del-estecho-btt","status":"publish","type":"page","link":"https:\/\/pedaleandalucia.com\/gb\/travesia-del-estecho-btt\/","title":{"rendered":"Traves\u00eda del Estecho. BTT Al L\u00edmite del Continente."},"content":{"rendered":"<p><img loading=\"lazy\" decoding=\"async\" data-attachment-id=\"1633\" data-permalink=\"https:\/\/pedaleandalucia.com\/gb\/travesia-del-estecho-btt\/web1\/\" data-orig-file=\"https:\/\/i0.wp.com\/pedaleandalucia.com\/wp-content\/uploads\/2017\/08\/web1-e1501775746500.jpg?fit=4149%2C2339&amp;ssl=1\" data-orig-size=\"4149,2339\" data-comments-opened=\"0\" data-image-meta=\"{&quot;aperture&quot;:&quot;2.2&quot;,&quot;credit&quot;:&quot;&quot;,&quot;camera&quot;:&quot;Aquaris U&quot;,&quot;caption&quot;:&quot;&quot;,&quot;created_timestamp&quot;:&quot;0&quot;,&quot;copyright&quot;:&quot;&quot;,&quot;focal_length&quot;:&quot;3.4&quot;,&quot;iso&quot;:&quot;100&quot;,&quot;shutter_speed&quot;:&quot;0.0004&quot;,&quot;title&quot;:&quot;&quot;,&quot;orientation&quot;:&quot;3&quot;}\" data-image-title=\"Pista junto al estrecho\" data-image-description=\"\" data-image-caption=\"\" data-medium-file=\"https:\/\/i0.wp.com\/pedaleandalucia.com\/wp-content\/uploads\/2017\/08\/web1-e1501775746500.jpg?fit=300%2C169&amp;ssl=1\" data-large-file=\"https:\/\/i0.wp.com\/pedaleandalucia.com\/wp-content\/uploads\/2017\/08\/web1-e1501775746500.jpg?fit=580%2C327&amp;ssl=1\" class=\"alignleft wp-image-1633\" src=\"https:\/\/i0.wp.com\/pedaleandalucia.com\/wp-content\/uploads\/2017\/08\/web1-e1501775746500-300x169.jpg?resize=580%2C327\" alt=\"\" width=\"580\" height=\"327\" srcset=\"https:\/\/i0.wp.com\/pedaleandalucia.com\/wp-content\/uploads\/2017\/08\/web1-e1501775746500.jpg?resize=300%2C169&amp;ssl=1 300w, https:\/\/i0.wp.com\/pedaleandalucia.com\/wp-content\/uploads\/2017\/08\/web1-e1501775746500.jpg?resize=768%2C433&amp;ssl=1 768w, https:\/\/i0.wp.com\/pedaleandalucia.com\/wp-content\/uploads\/2017\/08\/web1-e1501775746500.jpg?resize=1024%2C577&amp;ssl=1 1024w, https:\/\/i0.wp.com\/pedaleandalucia.com\/wp-content\/uploads\/2017\/08\/web1-e1501775746500.jpg?resize=400%2C226&amp;ssl=1 400w, https:\/\/i0.wp.com\/pedaleandalucia.com\/wp-content\/uploads\/2017\/08\/web1-e1501775746500.jpg?w=1160&amp;ssl=1 1160w, https:\/\/i0.wp.com\/pedaleandalucia.com\/wp-content\/uploads\/2017\/08\/web1-e1501775746500.jpg?w=1740&amp;ssl=1 1740w\" sizes=\"(max-width: 580px) 100vw, 580px\" data-recalc-dims=\"1\" \/>La Traves\u00eda BTT del Estrecho est\u00e1 dise\u00f1ada para que conozcas la parte m\u00e1s meridional del continente europeo, es un parque natural mar\u00edtimo-terrestre, situado entre el Atl\u00e1ntico y el Mediterr\u00e1neo, que alberga una gran riqueza natural de gran singularidad y un profundo patrimonio cultural de civilizaciones antiguas.<\/p>\n<p>Desde el primer d\u00eda vas a ser consciente de lo que significa el Estrecho de Gibraltar y los 14 km que separan a Europa de \u00c1frica. Durante 4 etapas conocer\u00e1s a trav\u00e9s de senderos, pistas y alg\u00fan tramo asfaltado, poblaciones de gran inter\u00e9s cultural, como Tarifa o Zahara de los Atunes y playas tan espectaculares como la de Bolonia o Valdevaqueros.<\/p>\n<p>La visi\u00f3n casi constante de las monta\u00f1as africanas hace que mentalmente demos el salto al otro continente\u2026<\/p>\n<p>Las 4 etapas que forman esta traves\u00eda son las siguientes:<\/p>\n<ul>\n<li><span style=\"color: #99cc00;\">Algeciras \u2013 Tarifa, 51 km y 780m de desnivel acumulado.<\/span><\/li>\n<li><span style=\"color: #99cc00;\">Tarifa \u2013 Zahara de los Atunes, 43 km y 380m D+.<\/span><\/li>\n<li><span style=\"color: #99cc00;\">Zahara de los Atunes \u2013 Tarifa, 34 km y 370m D+.<\/span><\/li>\n<li><span style=\"color: #99cc00;\">Tarifa \u2013 Algeciras, 54,6 km y 950m D+.<\/span><\/li>\n<\/ul>\n<p>Es necesario una preparaci\u00f3n f\u00edsica previa para afrontar con garant\u00edas la finalizaci\u00f3n de todo el recorrido.<\/p>\n<ul>\n<li><span style=\"color: #99cc00;\">La \u00e9poca recomendada para la realizaci\u00f3n de la ruta es de octubre a junio.<\/span><\/li>\n<\/ul>\n<p>La contrataci\u00f3n de la Traves\u00eda del Estrecho incluye:<\/p>\n<ul>\n<li><span style=\"color: #99cc00;\">Obsequios de bienvenida.<\/span><\/li>\n<li><span style=\"color: #99cc00;\">Tracks de las etapas.<\/span><\/li>\n<li><span style=\"color: #99cc00;\">Transporte de equipaje (1 bolsa x persona).<\/span><\/li>\n<li><span style=\"color: #99cc00;\">Servicio t\u00e9cnico durante la ruta.<\/span><\/li>\n<\/ul>\n<p>De forma opcional:<\/p>\n<ul>\n<li><span style=\"color: #99cc00;\">Seguro de accidente (5\u20ac\/pers\/d\u00eda).<\/span><\/li>\n<li><a href=\"http:\/\/pedaleandalucia.com\/wp-content\/uploads\/2018\/01\/maillot-2018.jpg\"><span style=\"color: #99cc00;\">Maillot de recuerdo (35\u20ac).<\/span><\/a><\/li>\n<\/ul>\n<p>El precio de la ruta de 4 d\u00edas es de 250\u20ac*.<\/p>\n<p>*Alojamiento no incluido<\/p>\n<p><span style=\"color: #99cc00;\"><strong>REGLAMENTO<\/strong><\/span><\/p>\n<p>La<strong>\u00a0Traves\u00eda del Estrecho<\/strong>\u00a0s\u00f3lo puede hacerse con reserva previa a trav\u00e9s de nuestro formulario web, o contactando directamente con Pedalea Andaluc\u00eda. Antes de iniciar el recorrido, los participantes recoger\u00e1n sus obsequios de bienvenida y recibir\u00e1n una breve explicaci\u00f3n de la traves\u00eda.<\/p>\n<p><span style=\"color: #99cc00;\"><strong>FORMALIZACI\u00d3N DE LA RESERVA<\/strong><\/span><\/p>\n<p>Las reservas se formalizar\u00e1n con una paga y se\u00f1al del 15% del total de coste de la traves\u00eda. La totalidad del importe se deber\u00e1 abonar con un m\u00ednimo de 15 d\u00edas antes de iniciar la traves\u00eda. Si la reserva se efect\u00faa 15 d\u00edas antes (o menos) de iniciar el itinerario de la Traves\u00eda del Estrecho, habr\u00e1 que abonar directamente el importe completo.<\/p>\n<p><span style=\"color: #99cc00;\"><strong>CANCELACIONES<\/strong><\/span><\/p>\n<p>Anulando hasta 15 d\u00edas antes del inicio de la traves\u00eda se devolver\u00e1 el importe \u00edntegro. Anulando dentro de los 15 d\u00edas previos y antes de 2 d\u00edas del inicio de la traves\u00eda, se perder\u00e1 la totalidad de la paga y se\u00f1al. Anulando el d\u00eda antes de empezar, el mismo d\u00eda de empezar o durante la traves\u00eda se perder\u00e1 el importe \u00edntegro de la reserva.\u00a0Se considera &#8220;d\u00eda de inicio de la traves\u00eda&#8221; el mismo d\u00eda en que ya hay contratados servicios. Si se produce anulaci\u00f3n de una reserva o parte de ella (p. ej. alguna persona del grupo se da de baja) y ya se ha entregado el pack de bienvenida o parte de \u00e9l (p.ej. env\u00edo del track) se perder\u00e1 el importe \u00edntegro de la reserva, independientemente de la fecha en que se produzca dicha anulaci\u00f3n.<\/p>\n<p><span style=\"color: #99cc00;\"><strong>ABANDONOS<\/strong><\/span><\/p>\n<p>Si por cualquier motivo se tiene que abandonar, es imprescindible avisar a la organizaci\u00f3n de\u00a0<strong>Pedalea Andaluc\u00eda.<\/strong>En la hoja\u00a0 de ruta que se entrega en el momento de recoger el pack de bienvenida, se\u00a0 facilitan\u00a0n\u00fameros de tel\u00e9fono de servicios de taxi.<\/p>\n<p><span style=\"color: #99cc00;\"><strong>RECOMENDACIONES GENERALES<\/strong><\/span><\/p>\n<p>Los participantes deber\u00e1n aportar el material personal m\u00ednimo para realizar la actividad, as\u00ed como una bicicleta en condiciones y un equipo de reparaciones m\u00ednimo. El respeto al entorno es absolutamente prioritario, la conducci\u00f3n durante el recorrido ser\u00e1 lo menos agresiva posible, nunca se ensuciar\u00e1 el entorno de ninguna forma y se respetar\u00e1n las normas establecidas por la Direcci\u00f3n del Parque, Organismos competentes o propietarios de los terrenos de paso. Es importante considerar los aspectos peso\/volumen a la hora de preparar el equipaje a transportar durante la traves\u00eda ya que el servicio de transporte de equipaje incluye exclusivamente una bolsa por persona.<\/p>\n<p><a href=\"http:\/\/wp.me\/P2Lg6v-oz\"><img loading=\"lazy\" decoding=\"async\" data-attachment-id=\"1531\" data-permalink=\"https:\/\/pedaleandalucia.com\/gb\/senderos-de-cordoba\/contacto-2\/\" data-orig-file=\"https:\/\/i0.wp.com\/pedaleandalucia.com\/wp-content\/uploads\/2017\/02\/CONTACTO.jpg?fit=591%2C261&amp;ssl=1\" data-orig-size=\"591,261\" data-comments-opened=\"0\" data-image-meta=\"{&quot;aperture&quot;:&quot;0&quot;,&quot;credit&quot;:&quot;&quot;,&quot;camera&quot;:&quot;&quot;,&quot;caption&quot;:&quot;&quot;,&quot;created_timestamp&quot;:&quot;0&quot;,&quot;copyright&quot;:&quot;&quot;,&quot;focal_length&quot;:&quot;0&quot;,&quot;iso&quot;:&quot;0&quot;,&quot;shutter_speed&quot;:&quot;0&quot;,&quot;title&quot;:&quot;&quot;,&quot;orientation&quot;:&quot;0&quot;}\" data-image-title=\"CONTACTO\" data-image-description=\"\" data-image-caption=\"\" data-medium-file=\"https:\/\/i0.wp.com\/pedaleandalucia.com\/wp-content\/uploads\/2017\/02\/CONTACTO.jpg?fit=300%2C132&amp;ssl=1\" data-large-file=\"https:\/\/i0.wp.com\/pedaleandalucia.com\/wp-content\/uploads\/2017\/02\/CONTACTO.jpg?fit=580%2C256&amp;ssl=1\" class=\"aligncenter wp-image-1531 size-medium\" src=\"https:\/\/i0.wp.com\/pedaleandalucia.com\/wp-content\/uploads\/2017\/02\/CONTACTO-300x132.jpg?resize=300%2C132\" alt=\"\" width=\"300\" height=\"132\" srcset=\"https:\/\/i0.wp.com\/pedaleandalucia.com\/wp-content\/uploads\/2017\/02\/CONTACTO.jpg?resize=300%2C132&amp;ssl=1 300w, https:\/\/i0.wp.com\/pedaleandalucia.com\/wp-content\/uploads\/2017\/02\/CONTACTO.jpg?resize=400%2C177&amp;ssl=1 400w, https:\/\/i0.wp.com\/pedaleandalucia.com\/wp-content\/uploads\/2017\/02\/CONTACTO.jpg?w=591&amp;ssl=1 591w\" sizes=\"(max-width: 300px) 100vw, 300px\" data-recalc-dims=\"1\" \/><\/a><\/p>\n","protected":false},"excerpt":{"rendered":"<p>La Traves\u00eda BTT del Estrecho est\u00e1 dise\u00f1ada para que conozcas la parte m\u00e1s meridional del continente europeo, es un parque natural mar\u00edtimo-terrestre, situado entre el Atl\u00e1ntico y el Mediterr\u00e1neo, que alberga una gran riqueza natural de gran singularidad y un profundo patrimonio cultural de civilizaciones antiguas. Desde el primer d\u00eda vas a ser consciente de [&hellip;]<\/p>\n","protected":false},"author":2,"featured_media":0,"parent":0,"menu_order":0,"comment_status":"closed","ping_status":"closed","template":"","meta":{"_coblocks_attr":"","_coblocks_dimensions":"","_coblocks_responsive_height":"","_coblocks_accordion_ie_support":"","_uag_custom_page_level_css":"","jetpack_post_was_ever_published":false,"footnotes":"","cover_header_url":"","cover_header_button_text":"","cover_header_text":""},"translation":{"provider":"WPGlobus","version":"3.0.0","language":"gb","enabled_languages":["es","gb"],"languages":{"es":{"title":true,"content":true,"excerpt":false},"gb":{"title":false,"content":false,"excerpt":false}}},"featured_image_urls":{"full":"","thumbnail":"","medium":"","medium_large":"","large":"","1536x1536":"","2048x2048":"","post-thumbnail":"","twentytwenty-fullscreen":"","pedalea-landscape":""},"post_excerpt_stackable":"<p>La Traves\u00eda BTT del Estrecho est\u00e1 dise\u00f1ada para que conozcas la parte m\u00e1s meridional del continente europeo, es un parque natural mar\u00edtimo-terrestre, situado entre el Atl\u00e1ntico y el Mediterr\u00e1neo, que alberga una gran riqueza natural de gran singularidad y un profundo patrimonio cultural de civilizaciones antiguas. Desde el primer d\u00eda vas a ser consciente de lo que significa el Estrecho de Gibraltar y los 14 km que separan a Europa de \u00c1frica. Durante 4 etapas conocer\u00e1s a trav\u00e9s de senderos, pistas y alg\u00fan tramo asfaltado, poblaciones de gran inter\u00e9s cultural, como Tarifa o Zahara de los Atunes y playas tan&hellip;<\/p>\n","category_list":"","author_info":{"name":"asanchba","url":"https:\/\/pedaleandalucia.com\/gb\/author\/asanchba\/"},"comments_num":"0 comments","featured_image_urls_v2":{"full":"","thumbnail":"","medium":"","medium_large":"","large":"","1536x1536":"","2048x2048":"","post-thumbnail":"","twentytwenty-fullscreen":"","pedalea-landscape":""},"post_excerpt_stackable_v2":"<p>La Traves\u00eda BTT del Estrecho est\u00e1 dise\u00f1ada para que conozcas la parte m\u00e1s meridional del continente europeo, es un parque natural mar\u00edtimo-terrestre, situado entre el Atl\u00e1ntico y el Mediterr\u00e1neo, que alberga una gran riqueza natural de gran singularidad y un profundo patrimonio cultural de civilizaciones antiguas. Desde el primer d\u00eda vas a ser consciente de lo que significa el Estrecho de Gibraltar y los 14 km que separan a Europa de \u00c1frica. Durante 4 etapas conocer\u00e1s a trav\u00e9s de senderos, pistas y alg\u00fan tramo asfaltado, poblaciones de gran inter\u00e9s cultural, como Tarifa o Zahara de los Atunes y playas tan&hellip;<\/p>\n","category_list_v2":"","author_info_v2":{"name":"asanchba","url":"https:\/\/pedaleandalucia.com\/gb\/author\/asanchba\/"},"comments_num_v2":"0 comments","uagb_featured_image_src":{"full":false,"thumbnail":false,"medium":false,"medium_large":false,"large":false,"1536x1536":false,"2048x2048":false,"post-thumbnail":false,"twentytwenty-fullscreen":false,"pedalea-landscape":false},"uagb_author_info":{"display_name":"asanchba","author_link":"https:\/\/pedaleandalucia.com\/gb\/author\/asanchba\/"},"uagb_comment_info":0,"uagb_excerpt":"La Traves\u00eda BTT del Estrecho est\u00e1 dise\u00f1ada para que conozcas la parte m\u00e1s meridional del continente europeo, es un parque natural mar\u00edtimo-terrestre, situado entre el Atl\u00e1ntico y el Mediterr\u00e1neo, que alberga una gran riqueza natural de gran singularidad y un profundo patrimonio cultural de civilizaciones antiguas. Desde el primer d\u00eda vas a ser consciente de&hellip;","jetpack_sharing_enabled":true,"jetpack_shortlink":"https:\/\/wp.me\/P2Lg6v-qk","jetpack-related-posts":[{"id":2067,"url":"https:\/\/pedaleandalucia.com\/gb\/cabo-de-gata-gallery\/","url_meta":{"origin":1632,"position":0},"title":"Cabo de Gata Gallery","author":"ignacio","date":"August 6, 2018","format":false,"excerpt":"","rel":"","context":"Similar post","block_context":{"text":"Similar post","link":""},"img":{"alt_text":"","src":"https:\/\/i0.wp.com\/pedaleandalucia.com\/wp-content\/uploads\/2012\/12\/Llegando-a-Genoveses.jpg?resize=350%2C200","width":350,"height":200},"classes":[]},{"id":485,"url":"https:\/\/pedaleandalucia.com\/gb\/galeria-cabo-de-gata\/","url_meta":{"origin":1632,"position":1},"title":"Galer\u00eda Cabo de Gata","author":"asanchba","date":"December 15, 2012","format":false,"excerpt":"","rel":"","context":"Similar post","block_context":{"text":"Similar post","link":""},"img":{"alt_text":"","src":"https:\/\/i0.wp.com\/pedaleandalucia.com\/wp-content\/uploads\/2012\/12\/Llegando-a-Genoveses.jpg?resize=350%2C200","width":350,"height":200},"classes":[]},{"id":201,"url":"https:\/\/pedaleandalucia.com\/gb\/galeria-de-transcazorla\/","url_meta":{"origin":1632,"position":2},"title":"Galer\u00eda de TransCazorla","author":"ignacio","date":"June 9, 2012","format":false,"excerpt":"","rel":"","context":"Similar post","block_context":{"text":"Similar post","link":""},"img":{"alt_text":"","src":"https:\/\/i0.wp.com\/pedaleandalucia.com\/wp-content\/uploads\/2012\/06\/DSCN26431.jpg?resize=350%2C200","width":350,"height":200},"classes":[]},{"id":449,"url":"https:\/\/pedaleandalucia.com\/gb\/galeria-de-la-sacacorchos\/","url_meta":{"origin":1632,"position":3},"title":"Galer\u00eda de La SacaCorchos","author":"asanchba","date":"October 8, 2012","format":false,"excerpt":"","rel":"","context":"Similar post","block_context":{"text":"Similar post","link":""},"img":{"alt_text":"","src":"https:\/\/i0.wp.com\/pedaleandalucia.com\/wp-content\/uploads\/2012\/10\/DSCN2450-e1355931537340.jpg?resize=350%2C200","width":350,"height":200},"classes":[]},{"id":2559,"url":"https:\/\/pedaleandalucia.com\/gb\/contacto-3\/","url_meta":{"origin":1632,"position":4},"title":"CONTACTO","author":"asanchba","date":"August 29, 2021","format":false,"excerpt":"Pedalea Andaluc\u00eda es una empresa especializada en traves\u00edas cicloturistas. Naci\u00f3 con el prop\u00f3sito de promocionar la pr\u00e1ctica del BTT en los entornos naturales m\u00e1s importantes de la regi\u00f3n ampli\u00e1ndose posteriormente tambi\u00e9n a rutas ROAD y traves\u00edas GRAVEL.","rel":"","context":"Similar post","block_context":{"text":"Similar post","link":""},"img":{"alt_text":"","src":"","width":0,"height":0},"classes":[]},{"id":1513,"url":"https:\/\/pedaleandalucia.com\/gb\/quienes-somos\/","url_meta":{"origin":1632,"position":5},"title":"QUI\u00c9NES SOMOS","author":"asanchba","date":"February 3, 2017","format":false,"excerpt":"Pedalea Andaluc\u00eda es una empresa especializada en traves\u00edas cicloturistas. Naci\u00f3 con el prop\u00f3sito de promocionar la pr\u00e1ctica del btt en los entornos naturales m\u00e1s importantes de la regi\u00f3n y \u00faltimamente hemos entrado en el campo de las rutas con bicis de carretera. Para ello, hemos contado con el mejor equipo\u2026","rel":"","context":"Similar post","block_context":{"text":"Similar post","link":""},"img":{"alt_text":"","src":"","width":0,"height":0},"classes":[]}],"_links":{"self":[{"href":"https:\/\/pedaleandalucia.com\/gb\/wp-json\/wp\/v2\/pages\/1632"}],"collection":[{"href":"https:\/\/pedaleandalucia.com\/gb\/wp-json\/wp\/v2\/pages"}],"about":[{"href":"https:\/\/pedaleandalucia.com\/gb\/wp-json\/wp\/v2\/types\/page"}],"author":[{"embeddable":true,"href":"https:\/\/pedaleandalucia.com\/gb\/wp-json\/wp\/v2\/users\/2"}],"replies":[{"embeddable":true,"href":"https:\/\/pedaleandalucia.com\/gb\/wp-json\/wp\/v2\/comments?post=1632"}],"version-history":[{"count":18,"href":"https:\/\/pedaleandalucia.com\/gb\/wp-json\/wp\/v2\/pages\/1632\/revisions"}],"predecessor-version":[{"id":2731,"href":"https:\/\/pedaleandalucia.com\/gb\/wp-json\/wp\/v2\/pages\/1632\/revisions\/2731"}],"wp:attachment":[{"href":"https:\/\/pedaleandalucia.com\/gb\/wp-json\/wp\/v2\/media?parent=1632"}],"curies":[{"name":"wp","href":"https:\/\/api.w.org\/{rel}","templated":true}]}}