{"id":1374,"date":"2016-03-27T19:57:05","date_gmt":"2016-03-27T19:57:05","guid":{"rendered":"http:\/\/pedaleandalucia.com\/?page_id=1374"},"modified":"2018-01-11T15:33:54","modified_gmt":"2018-01-11T15:33:54","slug":"transcazorla-road","status":"publish","type":"page","link":"https:\/\/pedaleandalucia.com\/gb\/transcazorla-road\/","title":{"rendered":"TransCazorla ROAD"},"content":{"rendered":"<p><img loading=\"lazy\" decoding=\"async\" data-attachment-id=\"1658\" data-permalink=\"https:\/\/pedaleandalucia.com\/gb\/transcazorla-road\/foto-web\/\" data-orig-file=\"https:\/\/i0.wp.com\/pedaleandalucia.com\/wp-content\/uploads\/2016\/03\/foto-web-e1502295825104.jpg?fit=4139%2C2589&amp;ssl=1\" data-orig-size=\"4139,2589\" data-comments-opened=\"0\" data-image-meta=\"{&quot;aperture&quot;:&quot;2.2&quot;,&quot;credit&quot;:&quot;&quot;,&quot;camera&quot;:&quot;Aquaris U&quot;,&quot;caption&quot;:&quot;&quot;,&quot;created_timestamp&quot;:&quot;0&quot;,&quot;copyright&quot;:&quot;&quot;,&quot;focal_length&quot;:&quot;3.4&quot;,&quot;iso&quot;:&quot;100&quot;,&quot;shutter_speed&quot;:&quot;0.00411522633745&quot;,&quot;title&quot;:&quot;&quot;,&quot;orientation&quot;:&quot;1&quot;}\" data-image-title=\"Crta Sierra de Segura\" data-image-description=\"\" data-image-caption=\"\" data-medium-file=\"https:\/\/i0.wp.com\/pedaleandalucia.com\/wp-content\/uploads\/2016\/03\/foto-web-e1502295825104.jpg?fit=300%2C188&amp;ssl=1\" data-large-file=\"https:\/\/i0.wp.com\/pedaleandalucia.com\/wp-content\/uploads\/2016\/03\/foto-web-e1502295825104.jpg?fit=580%2C363&amp;ssl=1\" class=\"alignleft size-large wp-image-1658\" src=\"https:\/\/i0.wp.com\/pedaleandalucia.com\/wp-content\/uploads\/2016\/03\/foto-web-e1502295825104-1024x641.jpg?resize=580%2C363\" alt=\"\" width=\"580\" height=\"363\" srcset=\"https:\/\/i0.wp.com\/pedaleandalucia.com\/wp-content\/uploads\/2016\/03\/foto-web-e1502295825104.jpg?resize=1024%2C641&amp;ssl=1 1024w, https:\/\/i0.wp.com\/pedaleandalucia.com\/wp-content\/uploads\/2016\/03\/foto-web-e1502295825104.jpg?resize=300%2C188&amp;ssl=1 300w, https:\/\/i0.wp.com\/pedaleandalucia.com\/wp-content\/uploads\/2016\/03\/foto-web-e1502295825104.jpg?resize=768%2C480&amp;ssl=1 768w, https:\/\/i0.wp.com\/pedaleandalucia.com\/wp-content\/uploads\/2016\/03\/foto-web-e1502295825104.jpg?resize=400%2C250&amp;ssl=1 400w, https:\/\/i0.wp.com\/pedaleandalucia.com\/wp-content\/uploads\/2016\/03\/foto-web-e1502295825104.jpg?w=1160&amp;ssl=1 1160w, https:\/\/i0.wp.com\/pedaleandalucia.com\/wp-content\/uploads\/2016\/03\/foto-web-e1502295825104.jpg?w=1740&amp;ssl=1 1740w\" sizes=\"(max-width: 580px) 100vw, 580px\" data-recalc-dims=\"1\" \/><\/p>\n<p>Cicloturismo en estado puro, TRANSCAZORLA ROAD. En esta ocasi\u00f3n hemos dise\u00f1ado\u00a0un recorrido casi perimetral del Parque Natural de Sierra de Cazorla, Segura y las Villas a trav\u00e9s del cual recorrer\u00e9is las zonas m\u00e1s remotas y solitarias del parque. Carreteras de monta\u00f1a generalmente en buenas condiciones, donde el tr\u00e1fico es meramente puntual\u00a0os permitir\u00e1n disfrutar al m\u00e1ximo con vuestras flacas y conocer de la mejor forma el entorno natural por el que ir\u00e9is montando.<\/p>\n<p>La TransCazorla Road,\u00a0consta de un recorrido total de 325\u00a0km que\u00a0hemos dividido en tres grandes etapas en la que se pondr\u00e1 a prueba la capacidad f\u00edsica de todos los ciclistas. El recorrido de la TransCazorla Road, se puede hacer tanto en sentido horario, como antihorario, la principal diferencia entre ellas, radica en la etapa reina. Si quer\u00e9is empezar por el plato fuerte de la ruta, hacedla en sentido antihorario, y os saldr\u00e1 una etapa con 139 km con 2.750 m D+ aproximadamente. Si por el contrario quer\u00e9is finalizar la ruta con la etapa m\u00e1s larga, despu\u00e9s de dos d\u00edas con m\u00e1s de 4.000 m de desnivel acumulado, hacedla en sentido horario. De cualquiera de las formas, exprimir\u00e9is al m\u00e1ximo tanto el recorrido como la parte m\u00e1s tur\u00edstica del mismo.<\/p>\n<p>&nbsp;<\/p>\n<p>En cada etapa descubrir\u00e9is parajes de una gran belleza, como el puerto de T\u00edscar, la Sierra de Segura, y la m\u00e1s desconocida, la sierra de las Villas y pueblos tan pintorescos como Cazorla, Hornos y Segura de la Sierra, un recorrido completo, exigente y de una gran belleza paisaj\u00edstica.<\/p>\n<ul>Las caracter\u00edsticas de la etapas en sentido antihorario son las siguientes:<\/ul>\n<ul>\n<li style=\"list-style-type: none;\">\n<ul>\n<li><strong><span style=\"color: #99cc00;\">Etapa 1. Cazorla &#8211; Santiago de la Espada. Distancia: 144\u00a0km y 2750 D+.<\/span><\/strong><\/li>\n<li><strong><span style=\"color: #99cc00;\"> Etapa 2. Santiago de la Espada &#8211; Hornos. Distancia: 94\u00a0km \u00a0y 1490 D+.<\/span><\/strong><\/li>\n<li><strong><span style=\"color: #99cc00;\">Etapa 3. Hornos &#8211; Cazorla. Distancia: 103 km y 2050 D+.<\/span><\/strong><\/li>\n<\/ul>\n<\/li>\n<\/ul>\n<p>En sentido horario las etapas tienen las siguientes caracter\u00edsticas:<\/p>\n<ul>\n<li style=\"list-style-type: none;\">\n<ul>\n<li><strong><span style=\"color: #99cc00;\">Etapa 1. Cazorla &#8211; Hornos. Distancia: 103\u00a0km y 2220 D+.<\/span><\/strong><\/li>\n<li><strong><span style=\"color: #99cc00;\">Etapa 2. Hornos &#8211; Santiago de la Espada. Distancia: 94\u00a0km \u00a0y 2020 D+.<\/span><\/strong><\/li>\n<li><strong><span style=\"color: #99cc00;\">Etapa 3. Santiago de la Espada\u00a0&#8211; Cazorla. Distancia: 144 km y 2200 D+.<\/span><\/strong><\/li>\n<\/ul>\n<\/li>\n<\/ul>\n<p>Se necesita una preparaci\u00f3n f\u00edsica previa para afrontar con garant\u00edas la finalizaci\u00f3n de todo el recorrido. La contrataci\u00f3n de la TransCazorla Road incluye:<\/p>\n<ul>\n<li style=\"list-style-type: none;\">\n<ul>\n<li style=\"list-style-type: none;\">\n<ul>\n<li><span style=\"color: #99cc00;\">\u00a0 \u00a0 \u00a0 \u00a0 \u00a0 Obsequios de bienvenida.<\/span><\/li>\n<li><span style=\"color: #99cc00;\">\u00a0 \u00a0 \u00a0 \u00a0 \u00a0 Tracks de las etapas.<\/span><\/li>\n<li><span style=\"color: #99cc00;\">\u00a0 \u00a0 \u00a0 \u00a0 \u00a0 Transporte de equipaje (1 bolsa x persona).<\/span><\/li>\n<li><span style=\"color: #99cc00;\">\u00a0 \u00a0 \u00a0 \u00a0 \u00a0 Servicio t\u00e9cnico durante la ruta.<\/span><\/li>\n<li><span style=\"color: #99cc00;\">\u00a0 \u00a0 \u00a0 \u00a0 \u00a0 Gesti\u00f3n de las reservas de alojamiento.<\/span><\/li>\n<\/ul>\n<\/li>\n<\/ul>\n<\/li>\n<\/ul>\n<p>De forma opcional:<\/p>\n<ul>\n<li><span style=\"color: #99cc00;\">Seguro de accidente (5\u20ac\/pers\/d\u00eda).<\/span><\/li>\n<li><a href=\"http:\/\/pedaleandalucia.com\/wp-content\/uploads\/2018\/01\/maillot-2018.jpg\">Maillot de recuerdo (35\u20ac).<\/a><\/li>\n<\/ul>\n<p>El precio de la ruta es de 220\u20ac. * Alojamiento no incluido.<\/p>\n<h3><span style=\"color: #99cc00;\">REGLAMENTO<\/span><\/h3>\n<p>La TransCazorla Road\u00a0 s\u00f3lo puede hacerse con reserva previa a trav\u00e9s de nuestro formulario web, o contactando directamente con Pedalea Andaluc\u00eda. Antes de iniciar el recorrido, los participantes\u00a0asistir\u00e1n al briefing de la traves\u00eda y recoger\u00e1n su pack de bienvenida.<\/p>\n<h3><span style=\"color: #99cc00;\">FORMALIZACI\u00d3N DE LA RESERVA<\/span><\/h3>\n<p>Las reservas se formalizar\u00e1n con una paga y se\u00f1al de 15 euros por persona. La totalidad del importe se deber\u00e1 pagar con un m\u00ednimo de 15 d\u00edas antes de iniciar la traves\u00eda. Si la reserva se efect\u00faa 15 d\u00edas antes (o menos) de iniciar el itinerario de TransCazorla, habr\u00e1 que abonar directamente el importe completo.<\/p>\n<h3><span style=\"color: #99cc00;\">CANCELACIONES<\/span><\/h3>\n<p>Anulando hasta 15 d\u00edas antes del inicio de la traves\u00eda se devolver\u00e1 el importe \u00edntegro. Anulando dentro de los 15 d\u00edas previos y antes de 2 d\u00edas del inicio de la traves\u00eda, se perder\u00e1 la totalidad de la paga y se\u00f1al. Anulando el d\u00eda antes de empezar, el mismo d\u00eda de empezar o durante la traves\u00eda se perder\u00e1 el importe \u00edntegro de la reserva.\u00a0Se considera &#8220;d\u00eda de inicio de la traves\u00eda&#8221; el mismo d\u00eda en que ya hay contratados servicios. Si se produce anulaci\u00f3n de una reserva o parte de ella (p. ej. alguna persona del grupo se da de baja) y ya se ha entregado el pack de bienvenida o parte de \u00e9l (p.ej. env\u00edo del track) se perder\u00e1 el importe \u00edntegro de la reserva, independientemente de la fecha en que se produzca dicha anulaci\u00f3n.<\/p>\n<h3><strong style=\"color: #99cc00;\">ABANDONOS<\/strong><\/h3>\n<p>Si por cualquier motivo se tiene que abandonar, es imprescindible avisar a la organizaci\u00f3n de Pedalea Andaluc\u00eda\u00a0<span style=\"color: #99cc00;\">\u00a0<span style=\"color: #000000;\">para gestionar la vuelta al inicio de ruta.<\/span><\/span><\/p>\n<h3><span style=\"color: #99cc00;\">RECOMENDACIONES GENERALES<\/span><\/h3>\n<p>Los participantes deber\u00e1n aportar el material personal m\u00ednimo para realizar la actividad, as\u00ed como una bicicleta en condiciones y un equipo de reparaciones m\u00ednimo. El respeto al entorno es absolutamente prioritario, la conducci\u00f3n durante el recorrido ser\u00e1 lo menos agresiva posible, nunca se ensuciar\u00e1 el entorno de ninguna forma y se respetar\u00e1n las normas establecidas por la Direcci\u00f3n del Parque, Organismos competentes o propietarios de los terrenos de paso. Es importante considerar los aspectos peso\/volumen a la hora de preparar el equipaje a transportar durante la traves\u00eda ya que el servicio de transporte de equipaje incluye exclusivamente una bolsa por persona.<\/p>\n<p>&nbsp;<\/p>\n<p><a href=\"http:\/\/wp.me\/P2Lg6v-oz\"><img loading=\"lazy\" decoding=\"async\" data-attachment-id=\"1531\" data-permalink=\"https:\/\/pedaleandalucia.com\/gb\/senderos-de-cordoba\/contacto-2\/\" data-orig-file=\"https:\/\/i0.wp.com\/pedaleandalucia.com\/wp-content\/uploads\/2017\/02\/CONTACTO.jpg?fit=591%2C261&amp;ssl=1\" data-orig-size=\"591,261\" data-comments-opened=\"0\" data-image-meta=\"{&quot;aperture&quot;:&quot;0&quot;,&quot;credit&quot;:&quot;&quot;,&quot;camera&quot;:&quot;&quot;,&quot;caption&quot;:&quot;&quot;,&quot;created_timestamp&quot;:&quot;0&quot;,&quot;copyright&quot;:&quot;&quot;,&quot;focal_length&quot;:&quot;0&quot;,&quot;iso&quot;:&quot;0&quot;,&quot;shutter_speed&quot;:&quot;0&quot;,&quot;title&quot;:&quot;&quot;,&quot;orientation&quot;:&quot;0&quot;}\" data-image-title=\"CONTACTO\" data-image-description=\"\" data-image-caption=\"\" data-medium-file=\"https:\/\/i0.wp.com\/pedaleandalucia.com\/wp-content\/uploads\/2017\/02\/CONTACTO.jpg?fit=300%2C132&amp;ssl=1\" data-large-file=\"https:\/\/i0.wp.com\/pedaleandalucia.com\/wp-content\/uploads\/2017\/02\/CONTACTO.jpg?fit=580%2C256&amp;ssl=1\" class=\"size-medium wp-image-1531 aligncenter\" src=\"https:\/\/i0.wp.com\/pedaleandalucia.com\/wp-content\/uploads\/2017\/02\/CONTACTO-300x132.jpg?resize=300%2C132\" alt=\"\" width=\"300\" height=\"132\" srcset=\"https:\/\/i0.wp.com\/pedaleandalucia.com\/wp-content\/uploads\/2017\/02\/CONTACTO.jpg?resize=300%2C132&amp;ssl=1 300w, https:\/\/i0.wp.com\/pedaleandalucia.com\/wp-content\/uploads\/2017\/02\/CONTACTO.jpg?resize=400%2C177&amp;ssl=1 400w, https:\/\/i0.wp.com\/pedaleandalucia.com\/wp-content\/uploads\/2017\/02\/CONTACTO.jpg?w=591&amp;ssl=1 591w\" sizes=\"(max-width: 300px) 100vw, 300px\" data-recalc-dims=\"1\" \/><\/a><\/p>\n","protected":false},"excerpt":{"rendered":"<p>Cicloturismo en estado puro, TRANSCAZORLA ROAD. En esta ocasi\u00f3n hemos dise\u00f1ado\u00a0un recorrido casi perimetral del Parque Natural de Sierra de Cazorla, Segura y las Villas a trav\u00e9s del cual recorrer\u00e9is las zonas m\u00e1s remotas y solitarias del parque. Carreteras de monta\u00f1a generalmente en buenas condiciones, donde el tr\u00e1fico es meramente puntual\u00a0os permitir\u00e1n disfrutar al m\u00e1ximo [&hellip;]<\/p>\n","protected":false},"author":2,"featured_media":0,"parent":0,"menu_order":0,"comment_status":"open","ping_status":"open","template":"","meta":{"_coblocks_attr":"","_coblocks_dimensions":"","_coblocks_responsive_height":"","_coblocks_accordion_ie_support":"","_uag_custom_page_level_css":"","jetpack_post_was_ever_published":false,"footnotes":"","cover_header_url":"","cover_header_button_text":"","cover_header_text":""},"translation":{"provider":"WPGlobus","version":"3.0.0","language":"gb","enabled_languages":["es","gb"],"languages":{"es":{"title":true,"content":true,"excerpt":false},"gb":{"title":false,"content":false,"excerpt":false}}},"featured_image_urls":{"full":"","thumbnail":"","medium":"","medium_large":"","large":"","1536x1536":"","2048x2048":"","post-thumbnail":"","twentytwenty-fullscreen":"","pedalea-landscape":""},"post_excerpt_stackable":"<p>Cicloturismo en estado puro, TRANSCAZORLA ROAD. En esta ocasi\u00f3n hemos dise\u00f1ado\u00a0un recorrido casi perimetral del Parque Natural de Sierra de Cazorla, Segura y las Villas a trav\u00e9s del cual recorrer\u00e9is las zonas m\u00e1s remotas y solitarias del parque. Carreteras de monta\u00f1a generalmente en buenas condiciones, donde el tr\u00e1fico es meramente puntual\u00a0os permitir\u00e1n disfrutar al m\u00e1ximo con vuestras flacas y conocer de la mejor forma el entorno natural por el que ir\u00e9is montando. La TransCazorla Road,\u00a0consta de un recorrido total de 325\u00a0km que\u00a0hemos dividido en tres grandes etapas en la que se pondr\u00e1 a prueba la capacidad f\u00edsica de todos los&hellip;<\/p>\n","category_list":"","author_info":{"name":"asanchba","url":"https:\/\/pedaleandalucia.com\/gb\/author\/asanchba\/"},"comments_num":"0 comments","featured_image_urls_v2":{"full":"","thumbnail":"","medium":"","medium_large":"","large":"","1536x1536":"","2048x2048":"","post-thumbnail":"","twentytwenty-fullscreen":"","pedalea-landscape":""},"post_excerpt_stackable_v2":"<p>Cicloturismo en estado puro, TRANSCAZORLA ROAD. En esta ocasi\u00f3n hemos dise\u00f1ado\u00a0un recorrido casi perimetral del Parque Natural de Sierra de Cazorla, Segura y las Villas a trav\u00e9s del cual recorrer\u00e9is las zonas m\u00e1s remotas y solitarias del parque. Carreteras de monta\u00f1a generalmente en buenas condiciones, donde el tr\u00e1fico es meramente puntual\u00a0os permitir\u00e1n disfrutar al m\u00e1ximo con vuestras flacas y conocer de la mejor forma el entorno natural por el que ir\u00e9is montando. La TransCazorla Road,\u00a0consta de un recorrido total de 325\u00a0km que\u00a0hemos dividido en tres grandes etapas en la que se pondr\u00e1 a prueba la capacidad f\u00edsica de todos los&hellip;<\/p>\n","category_list_v2":"","author_info_v2":{"name":"asanchba","url":"https:\/\/pedaleandalucia.com\/gb\/author\/asanchba\/"},"comments_num_v2":"0 comments","uagb_featured_image_src":{"full":false,"thumbnail":false,"medium":false,"medium_large":false,"large":false,"1536x1536":false,"2048x2048":false,"post-thumbnail":false,"twentytwenty-fullscreen":false,"pedalea-landscape":false},"uagb_author_info":{"display_name":"asanchba","author_link":"https:\/\/pedaleandalucia.com\/gb\/author\/asanchba\/"},"uagb_comment_info":0,"uagb_excerpt":"Cicloturismo en estado puro, TRANSCAZORLA ROAD. En esta ocasi\u00f3n hemos dise\u00f1ado\u00a0un recorrido casi perimetral del Parque Natural de Sierra de Cazorla, Segura y las Villas a trav\u00e9s del cual recorrer\u00e9is las zonas m\u00e1s remotas y solitarias del parque. Carreteras de monta\u00f1a generalmente en buenas condiciones, donde el tr\u00e1fico es meramente puntual\u00a0os permitir\u00e1n disfrutar al m\u00e1ximo&hellip;","jetpack_sharing_enabled":true,"jetpack_shortlink":"https:\/\/wp.me\/P2Lg6v-ma","jetpack-related-posts":[{"id":1449,"url":"https:\/\/pedaleandalucia.com\/gb\/galeria-de-transcazorla-road\/","url_meta":{"origin":1374,"position":0},"title":"Galer\u00eda de TransCazorla Road","author":"asanchba","date":"March 27, 2016","format":false,"excerpt":"","rel":"","context":"Similar post","block_context":{"text":"Similar post","link":""},"img":{"alt_text":"","src":"https:\/\/i0.wp.com\/pedaleandalucia.com\/wp-content\/uploads\/2016\/03\/imagen-destacada-e1461058607620.jpg?resize=350%2C200","width":350,"height":200},"classes":[]},{"id":762,"url":"https:\/\/pedaleandalucia.com\/gb\/travesias\/","url_meta":{"origin":1374,"position":1},"title":"NUESTRAS TRAVES\u00cdAS","author":"asanchba","date":"February 22, 2013","format":false,"excerpt":"[:es] [:en] [:]","rel":"","context":"Similar post","block_context":{"text":"Similar post","link":""},"img":{"alt_text":"","src":"https:\/\/i0.wp.com\/pedaleandalucia.com\/wp-content\/uploads\/2018\/10\/Campi\u00c3\u00b1a1-1024x249.jpg?resize=350%2C200","width":350,"height":200,"srcset":"https:\/\/i0.wp.com\/pedaleandalucia.com\/wp-content\/uploads\/2018\/10\/Campi\u00c3\u00b1a1-1024x249.jpg?resize=350%2C200 1x, https:\/\/i0.wp.com\/pedaleandalucia.com\/wp-content\/uploads\/2018\/10\/Campi\u00c3\u00b1a1-1024x249.jpg?resize=525%2C300 1.5x, https:\/\/i0.wp.com\/pedaleandalucia.com\/wp-content\/uploads\/2018\/10\/Campi\u00c3\u00b1a1-1024x249.jpg?resize=700%2C400 2x"},"classes":[]},{"id":184,"url":"https:\/\/pedaleandalucia.com\/gb\/travesia-1\/","url_meta":{"origin":1374,"position":2},"title":"TransCazorla","author":"ignacio","date":"June 9, 2012","format":false,"excerpt":"\u00a0TransCazorla 4 D\u00edas Es una traves\u00eda de puro mountain bike que transcurre a trav\u00e9s del Parque Natural Sierra de Cazorla, Segura y las Villas en la provincia de Ja\u00e9n. Recorre unos 230km con un desnivel positivo de 5900m en la que podr\u00e9is disfrutar y sufrir con los senderos y trialeras\u00a0\u2026","rel":"","context":"Similar post","block_context":{"text":"Similar post","link":""},"img":{"alt_text":"","src":"https:\/\/i0.wp.com\/pedaleandalucia.com\/wp-content\/uploads\/2012\/06\/IMG_20170602_095739_1-2-e1502299160355-1024x617.jpg?resize=350%2C200","width":350,"height":200,"srcset":"https:\/\/i0.wp.com\/pedaleandalucia.com\/wp-content\/uploads\/2012\/06\/IMG_20170602_095739_1-2-e1502299160355-1024x617.jpg?resize=350%2C200 1x, https:\/\/i0.wp.com\/pedaleandalucia.com\/wp-content\/uploads\/2012\/06\/IMG_20170602_095739_1-2-e1502299160355-1024x617.jpg?resize=525%2C300 1.5x, https:\/\/i0.wp.com\/pedaleandalucia.com\/wp-content\/uploads\/2012\/06\/IMG_20170602_095739_1-2-e1502299160355-1024x617.jpg?resize=700%2C400 2x"},"classes":[]},{"id":201,"url":"https:\/\/pedaleandalucia.com\/gb\/galeria-de-transcazorla\/","url_meta":{"origin":1374,"position":3},"title":"Galer\u00eda de TransCazorla","author":"ignacio","date":"June 9, 2012","format":false,"excerpt":"","rel":"","context":"Similar post","block_context":{"text":"Similar post","link":""},"img":{"alt_text":"","src":"https:\/\/i0.wp.com\/pedaleandalucia.com\/wp-content\/uploads\/2012\/06\/DSCN26431.jpg?resize=350%2C200","width":350,"height":200},"classes":[]},{"id":2559,"url":"https:\/\/pedaleandalucia.com\/gb\/contacto-3\/","url_meta":{"origin":1374,"position":4},"title":"CONTACTO","author":"asanchba","date":"August 29, 2021","format":false,"excerpt":"Pedalea Andaluc\u00eda es una empresa especializada en traves\u00edas cicloturistas. Naci\u00f3 con el prop\u00f3sito de promocionar la pr\u00e1ctica del BTT en los entornos naturales m\u00e1s importantes de la regi\u00f3n ampli\u00e1ndose posteriormente tambi\u00e9n a rutas ROAD y traves\u00edas GRAVEL.","rel":"","context":"Similar post","block_context":{"text":"Similar post","link":""},"img":{"alt_text":"","src":"","width":0,"height":0},"classes":[]},{"id":2179,"url":"https:\/\/pedaleandalucia.com\/gb\/","url_meta":{"origin":1374,"position":5},"title":"Cycling Andaluc\u00eda","author":"ignacio","date":"November 9, 2019","format":false,"excerpt":"{:es} Viajes en bici autoguiados por Andaluc\u00eda Te ofrecemos los mejores recorridos MTB, Gravel y ROAD, para conocer los espectaculares entornos naturales de Andaluc\u00eda, as\u00ed como todos los servicios a\u00f1adidos, para que disfrutes al m\u00e1ximo de tu deporte favorito. Nos ocupamos de todo Dise\u00f1o de Recorrido Ofrecemos los mejores recorridos\u2026","rel":"","context":"Similar post","block_context":{"text":"Similar post","link":""},"img":{"alt_text":"","src":"https:\/\/i0.wp.com\/pedaleandalucia.com\/wp-content\/uploads\/2020\/01\/fotodron1-2.jpg?fit=1200%2C675&ssl=1&resize=350%2C200","width":350,"height":200,"srcset":"https:\/\/i0.wp.com\/pedaleandalucia.com\/wp-content\/uploads\/2020\/01\/fotodron1-2.jpg?fit=1200%2C675&ssl=1&resize=350%2C200 1x, https:\/\/i0.wp.com\/pedaleandalucia.com\/wp-content\/uploads\/2020\/01\/fotodron1-2.jpg?fit=1200%2C675&ssl=1&resize=525%2C300 1.5x, https:\/\/i0.wp.com\/pedaleandalucia.com\/wp-content\/uploads\/2020\/01\/fotodron1-2.jpg?fit=1200%2C675&ssl=1&resize=700%2C400 2x, https:\/\/i0.wp.com\/pedaleandalucia.com\/wp-content\/uploads\/2020\/01\/fotodron1-2.jpg?fit=1200%2C675&ssl=1&resize=1050%2C600 3x"},"classes":[]}],"_links":{"self":[{"href":"https:\/\/pedaleandalucia.com\/gb\/wp-json\/wp\/v2\/pages\/1374"}],"collection":[{"href":"https:\/\/pedaleandalucia.com\/gb\/wp-json\/wp\/v2\/pages"}],"about":[{"href":"https:\/\/pedaleandalucia.com\/gb\/wp-json\/wp\/v2\/types\/page"}],"author":[{"embeddable":true,"href":"https:\/\/pedaleandalucia.com\/gb\/wp-json\/wp\/v2\/users\/2"}],"replies":[{"embeddable":true,"href":"https:\/\/pedaleandalucia.com\/gb\/wp-json\/wp\/v2\/comments?post=1374"}],"version-history":[{"count":33,"href":"https:\/\/pedaleandalucia.com\/gb\/wp-json\/wp\/v2\/pages\/1374\/revisions"}],"predecessor-version":[{"id":1939,"href":"https:\/\/pedaleandalucia.com\/gb\/wp-json\/wp\/v2\/pages\/1374\/revisions\/1939"}],"wp:attachment":[{"href":"https:\/\/pedaleandalucia.com\/gb\/wp-json\/wp\/v2\/media?parent=1374"}],"curies":[{"name":"wp","href":"https:\/\/api.w.org\/{rel}","templated":true}]}}